{"id":847,"date":"2018-05-31T12:31:45","date_gmt":"2018-05-31T10:31:45","guid":{"rendered":"https:\/\/centroprivacy.asmenet.it\/acquilonia\/?page_id=847"},"modified":"2018-10-29T13:13:48","modified_gmt":"2018-10-29T12:13:48","slug":"privacy","status":"publish","type":"page","link":"https:\/\/centroprivacy.asmenet.it\/aquilonia\/?page_id=847","title":{"rendered":"Privacy"},"content":{"rendered":"<div class=\"entry-content\" role=\"article\">\n<div class=\"paragraph paragraph--type--contenuto paragraph--view-mode--default\">\n<div class=\"field field--name-field-contenuto field--type-text-long field--label-hidden field__item editor-text\">\n<header class=\"entry-header clearfix\">\n<h1>INFORMATIVA per il trattamento dei dati personali ai sensi dell\u2019art 13 del Regolamento europeo n. 679\/2016<\/h1>\n<p>&nbsp;<\/p>\n<h3>1. Premessa<\/h3>\n<p>Ai sensi dell\u2019art. 13 del Regolamento europeo n. 679\/2016, il\u00a0 Comune di Aquilonia, in qualit\u00e0 di \u201cTitolare\u201d del trattamento, \u00e8 tenuta a fornirle informazioni in merito all\u2019utilizzo dei suoi dati personali.<\/p>\n<p>&nbsp;<\/p>\n<h3>2.\u00a0\u00a0 Identit\u00e0 e i dati di contatto del titolare del trattamento<\/h3>\n<p>Il Titolare del trattamento dei dati personali di cui alla presente Informativa \u00e8 il\u00a0 Comune di Aquilonia, con sede in Piazza Marconi,5 - 83041 - Aquilonia &#8211; pec: <a href=\"mailto:protocollo.aquilonia@asmepec.it\" style=\"word-break: break-all; display: inline-block;\">protocollo.aquilonia@asmepec.it<\/a> . il quale in qualit\u00e0 di titolare tratter\u00e0 i dati personali conferiti con modalit\u00e0 prevalentemente informatiche e telematiche, per le finalit\u00e0 previste dal Regolamento (UE) 2016\/679 (RGPD), in particolare per l&#8217;esecuzione dei propri compiti di interesse pubblico o comunque connessi all&#8217;esercizio dei propri pubblici poteri, ivi incluse le finalit\u00e0 di archiviazione, di ricerca storica e di analisi per scopi statistici.<\/p>\n<p>&nbsp;<\/p>\n<h3>3.\u00a0\u00a0 Il Responsabile della protezione dei dati personali<\/h3>\n<p>Il\u00a0 Comune di Aquilonia ha designato quale Responsabile della protezione dei dati la societ\u00e0 <a href=\"http:\/\/www.asmenet.it\/\">ASMENET S.C.A.R.L.<\/a> (<a href=\"mailto:supporto.asmenet@asmepec.it\">supporto.asmenet@asmepec.it<\/a>)<\/p>\n<p>&nbsp;<\/p>\n<h3>4.\u00a0\u00a0 Responsabili del trattamento<\/h3>\n<p>L\u2019Ente pu\u00f2 avvalersi di soggetti terzi per l\u2019espletamento di attivit\u00e0 e relativi trattamenti di dati personali di cui l\u2019Ente ha la titolarit\u00e0. Conformemente a quanto stabilito dalla normativa, tali soggetti assicurano livelli esperienza, capacit\u00e0 e affidabilit\u00e0 tali da garantire il rispetto delle vigenti disposizioni in materia di trattamento, ivi compreso il profilo della sicurezza dei dati.<br \/>\nVengono formalizzate da parte dell\u2019Ente istruzioni, compiti ed oneri in capo a tali soggetti terzi con la designazione degli stessi a &#8220;Responsabili del trattamento&#8221;. Vengono sottoposti tali soggetti a verifiche periodiche al fine di constatare il mantenimento dei livelli di garanzia registrati in occasione dell\u2019affidamento dell\u2019incarico iniziale.<\/p>\n<p>&nbsp;<\/p>\n<h3>5.\u00a0\u00a0 Soggetti autorizzati al trattamento<\/h3>\n<p>I Suoi dati personali sono trattati da personale interno previamente autorizzato e designato quale incaricato del trattamento, a cui sono impartite idonee istruzioni in ordine a misure, accorgimenti, modus operandi, tutti volti alla concreta tutela dei tuoi dati personali.<\/p>\n<p>&nbsp;<\/p>\n<h3>6.\u00a0\u00a0 Finalit\u00e0 e base giuridica del trattamento<\/h3>\n<p>Il trattamento dei suoi dati personali viene effettuato dal Comune di Aquilonia per lo svolgimento di funzioni istituzionali e, pertanto, ai sensi dell\u2019art. 6 comma 1 lett. e) non necessita del suo consenso.<\/p>\n<p>I dati personali sono in relazione al procedimento ed alle attivit\u00e0 correlate.<\/p>\n<p>&nbsp;<\/p>\n<h3>7.\u00a0\u00a0 Destinatari dei dati personali<\/h3>\n<p>I suoi dati personali potranno essere comunicati ad altri Enti competenti di cui si avvale il Comune, al solo scopo di procedere all\u2019istruttoria della pratica.<\/p>\n<p>&nbsp;<\/p>\n<h3>8.\u00a0\u00a0 Trasferimento dei dati personali a Paesi extra UE<\/h3>\n<p>I suoi dati personali non sono trasferiti al di fuori dell\u2019Unione europea.<\/p>\n<p>&nbsp;<\/p>\n<h3>9.\u00a0\u00a0 Periodo di conservazione<\/h3>\n<p>I suoi dati sono conservati per un periodo non superiore a quello necessario per il perseguimento delle finalit\u00e0 sopra menzionate. A tal fine, anche mediante controlli periodici, viene verificata costantemente la stretta pertinenza, non eccedenza e indispensabilit\u00e0 dei dati rispetto al rapporto, alla prestazione o all&#8217;incarico in corso, da instaurare o cessati, anche con riferimento ai dati che Lei fornisce di propria iniziativa. I dati che, anche a seguito delle verifiche, risultano eccedenti o non pertinenti o non indispensabili non sono utilizzati, salvo che per l&#8217;eventuale conservazione, a norma di legge, dell&#8217;atto o del documento che li contiene.<\/p>\n<p>&nbsp;<\/p>\n<h3>10.\u00a0\u00a0\u00a0 I suoi diritti<\/h3>\n<p>Nella sua qualit\u00e0 di interessato,\u00a0Lei potr\u00e0, in qualsiasi momento, esercitare i\u00a0<span lang=\"zxx\" xml:lang=\"zxx\"><u><strong>diritti<\/strong><\/u><\/span>:<\/p>\n<ul>\n<li>di richiedere maggiori informazioni in relazione ai contenuti della presente informativa<\/li>\n<li>di accesso ai dati personali;<\/li>\n<li>di ottenere la rettifica o la cancellazione degli stessi o la limitazione del trattamento che lo riguardano (nei casi previsti dalla normativa);<\/li>\n<li>di opporsi al trattamento (nei casi previsti dalla normativa);<\/li>\n<li>alla portabilit\u00e0 dei dati (nei casi previsti dalla normativa);<\/li>\n<li>di revocare il consenso, ove previsto; la revoca del consenso non pregiudica la liceit\u00e0 del trattamento basata sul consenso conferito prima della revoca;<\/li>\n<li>di proporre reclamo all&#8217;autorit\u00e0 di controllo (Garante Privacy);<\/li>\n<li>di dare mandato a un organismo, un&#8217;organizzazione o un&#8217;associazione senza scopo di lucro per l&#8217;esercizio dei suoi diritti;<\/li>\n<li>di richiedere il risarcimento dei danni conseguenti alla violazione della normativa.<\/li>\n<\/ul>\n<p>&nbsp;<\/p>\n<h3>11.\u00a0\u00a0\u00a0 Conferimento dei dati<\/h3>\n<p>Il conferimento dei Suoi dati \u00e8 facoltativo, ma necessario per le finalit\u00e0 sopra indicate. Il mancato conferimento comporter\u00e0 l\u2019impossibilit\u00e0 di procedere all\u2019istruttoria da Lei richiesta.<\/p>\n<p>&nbsp;<\/p>\n<p>&nbsp;<\/p>\n<\/header>\n<\/div>\n<\/div>\n<div class=\"paragraph paragraph--type--contenuto paragraph--view-mode--default\">\n<div class=\"field field--name-field-contenuto field--type-text-long field--label-hidden field__item editor-text\">\n<p>&nbsp;<\/p>\n<\/div>\n<\/div>\n<\/div>\n\n<h3 style=\"text-align: center;\">Informative del comune<\/h3>\n<ul>\n<li><a href=\"https:\/\/centroprivacy.asmenet.it\/AQUILONIA\/wp-content\/uploads\/sites\/64\/2018\/10\/ACCERTAMENTI-POLIZIA-MUNICIPALE-INFORMATIVA_COMUNE-DI-AQUILONIA.pdf\">ACCERTAMENTI POLIZIA MUNICIPALE INFORMATIVA<\/a><\/li>\n<li><a href=\"https:\/\/centroprivacy.asmenet.it\/AQUILONIA\/wp-content\/uploads\/sites\/64\/2018\/10\/ACCESSO-CIVICO-INFORMATIVA_COMUNE-DI-AQUILONIA.pdf\">ACCESSO CIVICO INFORMATIVA<\/a><\/li>\n<li><a href=\"https:\/\/centroprivacy.asmenet.it\/AQUILONIA\/wp-content\/uploads\/sites\/64\/2018\/10\/ACCORDI-CONVENZIONI-INFORMATIVA_COMUNE-DI-AQUILONIA.pdf\">ACCORDI-CONVENZIONI INFORMATIVA<\/a><\/li>\n<li><a href=\"https:\/\/centroprivacy.asmenet.it\/AQUILONIA\/wp-content\/uploads\/sites\/64\/2018\/10\/ALBO-PRETORIO-INFORMATIVA_COMUNE-DI-AQUILONIA.pdf\">ALBO PRETORIO INFORMATIVA<\/a><\/li>\n<li><a href=\"https:\/\/centroprivacy.asmenet.it\/AQUILONIA\/wp-content\/uploads\/sites\/64\/2018\/10\/ALIMENTI-E-BEVANDE-INFORMATIVA_COMUNE-DI-AQUILONIA.pdf\">ALIMENTI E BEVANDE INFORMATIVA<\/a><\/li>\n<li><a href=\"https:\/\/centroprivacy.asmenet.it\/AQUILONIA\/wp-content\/uploads\/sites\/64\/2018\/10\/AMBIENTE-INFORMATIVA_COMUNE-DI-AQUILONIA.pdf\">AMBIENTE INFORMATIVA<\/a><\/li>\n<li><a href=\"https:\/\/centroprivacy.asmenet.it\/AQUILONIA\/wp-content\/uploads\/sites\/64\/2018\/10\/AMBIENTE-RIFIUTI-INFORMATIVA_COMUNE-DI-AQUILONIA.pdf\">AMBIENTE RIFIUTI INFORMATIVA<\/a><\/li>\n<li><a href=\"https:\/\/centroprivacy.asmenet.it\/AQUILONIA\/wp-content\/uploads\/sites\/64\/2018\/10\/ANAGRAFE-INFORMATIVA_COMUNE-DI-AQUILONIA.pdf\">ANAGRAFE INFORMATIVA<\/a><\/li>\n<li><a href=\"https:\/\/centroprivacy.asmenet.it\/AQUILONIA\/wp-content\/uploads\/sites\/64\/2018\/10\/ANIMALI-INFORMATIVA_COMUNE-DI-AQUILONIA.pdf\">ANIMALI INFORMATIVA<\/a><\/li>\n<li><a href=\"https:\/\/centroprivacy.asmenet.it\/AQUILONIA\/wp-content\/uploads\/sites\/64\/2018\/10\/ARCHIVIO-E-PROTOCOLLO-INFORMATIVA_COMUNE-DI-AQUILONIA.pdf\">ARCHIVIO E PROTOCOLLO INFORMATIVA<\/a><\/li>\n<li><a href=\"https:\/\/centroprivacy.asmenet.it\/AQUILONIA\/wp-content\/uploads\/sites\/64\/2018\/10\/ASILI-NIDO-INFORMATIVA_COMUNE-DI-AQUILONIA.pdf\">ASILI NIDO INFORMATIVA<\/a><\/li>\n<li><a href=\"https:\/\/centroprivacy.asmenet.it\/AQUILONIA\/wp-content\/uploads\/sites\/64\/2018\/10\/ASSEGNAZIONI-INFORMATIVA_COMUNE-DI-AQUILONIA.pdf\">ASSEGNAZIONI INFORMATIVA<\/a><\/li>\n<li><a href=\"https:\/\/centroprivacy.asmenet.it\/AQUILONIA\/wp-content\/uploads\/sites\/64\/2018\/10\/ASSICURAZIONI-INFORMATIVA_COMUNE-DI-AQUILONIA.pdf\">ASSICURAZIONI INFORMATIVA<\/a><\/li>\n<li><a href=\"https:\/\/centroprivacy.asmenet.it\/AQUILONIA\/wp-content\/uploads\/sites\/64\/2018\/10\/ATTIVITA-ANIMATORIALI-INFORMATIVA_COMUNE-DI-AQUILONIA.pdf\">ATTIVITA ANIMATORIALI INFORMATIVA<\/a><\/li>\n<li><a href=\"https:\/\/centroprivacy.asmenet.it\/AQUILONIA\/wp-content\/uploads\/sites\/64\/2018\/10\/AUTORIZZAZIONE-PUBBLICA-SICUREZZA-INFORMATIVA_COMUNE-DI-AQUILONIA.pdf\">AUTORIZZAZIONE PUBBLICA SICUREZZA INFORMATIVA<\/a><\/li>\n<li><a href=\"https:\/\/centroprivacy.asmenet.it\/AQUILONIA\/wp-content\/uploads\/sites\/64\/2018\/10\/AUTORIZZAZIONI-INFORMATIVA_COMUNE-DI-AQUILONIA.pdf\">AUTORIZZAZIONI INFORMATIVA<\/a><\/li>\n<li><a href=\"https:\/\/centroprivacy.asmenet.it\/AQUILONIA\/wp-content\/uploads\/sites\/64\/2018\/10\/BIBLIOTECA-ARCHIVIO-STORICO-INFORMATIVA_COMUNE-DI-AQUILONIA.pdf\">BIBLIOTECA ARCHIVIO STORICO INFORMATIVA<\/a><\/li>\n<li><a href=\"https:\/\/centroprivacy.asmenet.it\/AQUILONIA\/wp-content\/uploads\/sites\/64\/2018\/10\/BIBLIOTECA-INFORMATIVA_COMUNE-DI-AQUILONIA.pdf\">BIBLIOTECA INFORMATIVA<\/a><\/li>\n<li><a href=\"https:\/\/centroprivacy.asmenet.it\/AQUILONIA\/wp-content\/uploads\/sites\/64\/2018\/10\/CIMITERI-INFORMATIVA_COMUNE-DI-AQUILONIA.pdf\">CIMITERI INFORMATIVA<\/a><\/li>\n<li><a href=\"https:\/\/centroprivacy.asmenet.it\/AQUILONIA\/wp-content\/uploads\/sites\/64\/2018\/10\/COMMERCIO-E-AGRICOLTURA-INFORMATIVA_COMUNE-DI-AQUILONIA.pdf\">COMMERCIO E AGRICOLTURA INFORMATIVA<\/a><\/li>\n<li><a href=\"https:\/\/centroprivacy.asmenet.it\/AQUILONIA\/wp-content\/uploads\/sites\/64\/2018\/10\/CONCESSIONI-INFORMATIVA_COMUNE-DI-AQUILONIA.pdf\">CONCESSIONI INFORMATIVA<\/a><\/li>\n<li><a href=\"https:\/\/centroprivacy.asmenet.it\/AQUILONIA\/wp-content\/uploads\/sites\/64\/2018\/10\/CONSERVAZIONE-SOSTITUTIVA-INFORMATIVA_COMUNE-DI-AQUILONIA.pdf\">CONSERVAZIONE SOSTITUTIVA INFORMATIVA<\/a><\/li>\n<li><a href=\"https:\/\/centroprivacy.asmenet.it\/AQUILONIA\/wp-content\/uploads\/sites\/64\/2018\/10\/CONSULTAZIONI-ELETTORALI-INFORMATIVA_COMUNE-DI-AQUILONIA.pdf\">CONSULTAZIONI ELETTORALI INFORMATIVA<\/a><\/li>\n<li><a href=\"https:\/\/centroprivacy.asmenet.it\/AQUILONIA\/wp-content\/uploads\/sites\/64\/2018\/10\/CONTENZIOSO-INFORMATIVA_COMUNE-DI-AQUILONIA.pdf\">CONTENZIOSO INFORMATIVA<\/a><\/li>\n<li><a href=\"https:\/\/centroprivacy.asmenet.it\/AQUILONIA\/wp-content\/uploads\/sites\/64\/2018\/10\/CONTRATTI-INFORMATIVA_COMUNE-DI-AQUILONIA.pdf\">CONTRATTI INFORMATIVA<\/a><\/li>\n<li><a href=\"https:\/\/centroprivacy.asmenet.it\/AQUILONIA\/wp-content\/uploads\/sites\/64\/2018\/10\/CONTRIBUTI-PER-EVENTI-ECCEZIONALI-INFORMATIVA_COMUNE-DI-AQUILONIA.pdf\">CONTRIBUTI PER EVENTI ECCEZIONALI INFORMATIVA<\/a><\/li>\n<li><a href=\"https:\/\/centroprivacy.asmenet.it\/AQUILONIA\/wp-content\/uploads\/sites\/64\/2018\/10\/CONTROLLO-ACCESSI-INFORMATIVA_COMUNE-DI-AQUILONIA.pdf\">CONTROLLO ACCESSI INFORMATIVA<\/a><\/li>\n<li><a href=\"https:\/\/centroprivacy.asmenet.it\/AQUILONIA\/wp-content\/uploads\/sites\/64\/2018\/10\/CONTROLLO-PARTECIPATE-INFORMATIVA_COMUNE-DI-AQUILONIA.pdf\">CONTROLLO PARTECIPATE INFORMATIVA<\/a><\/li>\n<li><a href=\"https:\/\/centroprivacy.asmenet.it\/AQUILONIA\/wp-content\/uploads\/sites\/64\/2018\/10\/DEMOCRAZIA-PARTECIPATIVA-INFORMATIVA_COMUNE-DI-AQUILONIA.pdf\">DEMOCRAZIA PARTECIPATIVA INFORMATIVA<\/a><\/li>\n<li><a href=\"https:\/\/centroprivacy.asmenet.it\/AQUILONIA\/wp-content\/uploads\/sites\/64\/2018\/10\/ELETTORALE-INFORMATIVA_COMUNE-DI-AQUILONIA.pdf\">ELETTORALE INFORMATIVA<\/a><\/li>\n<li><a href=\"https:\/\/centroprivacy.asmenet.it\/AQUILONIA\/wp-content\/uploads\/sites\/64\/2018\/10\/ENTRATE-TRIBUTI-INFORMATIVA_COMUNE-DI-AQUILONIA.pdf\">ENTRATE TRIBUTI INFORMATIVA<\/a><\/li>\n<li><a href=\"https:\/\/centroprivacy.asmenet.it\/AQUILONIA\/wp-content\/uploads\/sites\/64\/2018\/10\/ESPROPRI-INFORMATIVA_COMUNE-DI-AQUILONIA.pdf\">ESPROPRI INFORMATIVA<\/a><\/li>\n<li><a href=\"https:\/\/centroprivacy.asmenet.it\/AQUILONIA\/wp-content\/uploads\/sites\/64\/2018\/10\/ESTERNALIZZAZIONI-INFORMATIVA_COMUNE-DI-AQUILONIA.pdf\">ESTERNALIZZAZIONI INFORMATIVA<\/a><\/li>\n<li><a href=\"https:\/\/centroprivacy.asmenet.it\/AQUILONIA\/wp-content\/uploads\/sites\/64\/2018\/10\/GARE-E-APPALTI-INFORMATIVA_COMUNE-DI-AQUILONIA.pdf\">GARE E APPALTI INFORMATIVA<\/a><\/li>\n<li><a href=\"https:\/\/centroprivacy.asmenet.it\/AQUILONIA\/wp-content\/uploads\/sites\/64\/2018\/10\/GESTIONE-ALTRI-SOGGETTI-INFORMATIVA_COMUNE-DI-AQUILONIA.pdf\">GESTIONE ALTRI SOGGETTI INFORMATIVA<\/a><\/li>\n<li><a href=\"https:\/\/centroprivacy.asmenet.it\/AQUILONIA\/wp-content\/uploads\/sites\/64\/2018\/10\/GESTIONE-ECONOMICA-INFORMATIVA_COMUNE-DI-AQUILONIA.pdf\">GESTIONE ECONOMICA INFORMATIVA<\/a><\/li>\n<li><a href=\"https:\/\/centroprivacy.asmenet.it\/AQUILONIA\/wp-content\/uploads\/sites\/64\/2018\/10\/GESTIONE-PATRIMONIO-INFORMATIVA_COMUNE-DI-AQUILONIA.pdf\">GESTIONE PATRIMONIO INFORMATIVA<\/a><\/li>\n<li><a href=\"https:\/\/centroprivacy.asmenet.it\/AQUILONIA\/wp-content\/uploads\/sites\/64\/2018\/10\/GESTIONE-PERSONALE-INFORMATIVA_COMUNE-DI-AQUILONIA.pdf\">GESTIONE PERSONALE INFORMATIVA<\/a><\/li>\n<li><a href=\"https:\/\/centroprivacy.asmenet.it\/AQUILONIA\/wp-content\/uploads\/sites\/64\/2018\/10\/GIUDICI-POPOLARI-INFORMATIVA_COMUNE-DI-AQUILONIA.pdf\">GIUDICI POPOLARI INFORMATIVA<\/a><\/li>\n<li><a href=\"https:\/\/centroprivacy.asmenet.it\/AQUILONIA\/wp-content\/uploads\/sites\/64\/2018\/10\/ILLECITI-EDILIZI-INFORMATIVA_COMUNE-DI-AQUILONIA.pdf\">ILLECITI EDILIZI INFORMATIVA<\/a><\/li>\n<li><a href=\"https:\/\/centroprivacy.asmenet.it\/AQUILONIA\/wp-content\/uploads\/sites\/64\/2018\/10\/INCIDENTI-STRADALI-INFORMATIVA_COMUNE-DI-AQUILONIA.pdf\">INCIDENTI STRADALI INFORMATIVA<\/a><\/li>\n<li><a href=\"https:\/\/centroprivacy.asmenet.it\/AQUILONIA\/wp-content\/uploads\/sites\/64\/2018\/10\/LASCITI-E-DONAZIONI-INFORMATIVA_COMUNE-DI-AQUILONIA.pdf\">LASCITI E DONAZIONI INFORMATIVA<\/a><\/li>\n<li><a href=\"https:\/\/centroprivacy.asmenet.it\/AQUILONIA\/wp-content\/uploads\/sites\/64\/2018\/10\/LEVA-MILITARE-INFORMATIVA_COMUNE-DI-AQUILONIA.pdf\">LEVA MILITARE INFORMATIVA<\/a><\/li>\n<li><a href=\"https:\/\/centroprivacy.asmenet.it\/AQUILONIA\/wp-content\/uploads\/sites\/64\/2018\/10\/MANIFESTAZIONI-INFORMATIVA_COMUNE-DI-AQUILONIA.pdf\">MANIFESTAZIONI INFORMATIVA<\/a><\/li>\n<li><a href=\"https:\/\/centroprivacy.asmenet.it\/AQUILONIA\/wp-content\/uploads\/sites\/64\/2018\/10\/NOTIFICHE-INFORMATIVA_COMUNE-DI-AQUILONIA.pdf\">NOTIFICHE INFORMATIVA<\/a><\/li>\n<li><a href=\"https:\/\/centroprivacy.asmenet.it\/AQUILONIA\/wp-content\/uploads\/sites\/64\/2018\/10\/NOTIZIE-DI-REATO-INFORMATIVA_COMUNE-DI-AQUILONIA.pdf\">NOTIZIE DI REATO INFORMATIVA<\/a><\/li>\n<li><a href=\"https:\/\/centroprivacy.asmenet.it\/AQUILONIA\/wp-content\/uploads\/sites\/64\/2018\/10\/OPERE-PUBBLICHE-INFORMATIVA_COMUNE-DI-AQUILONIA.pdf\">OPERE PUBBLICHE INFORMATIVA<\/a><\/li>\n<li><a href=\"https:\/\/centroprivacy.asmenet.it\/AQUILONIA\/wp-content\/uploads\/sites\/64\/2018\/10\/ORDINANZE-INFORMATIVA_COMUNE-DI-AQUILONIA.pdf\">ORDINANZE INFORMATIVA<\/a><\/li>\n<li><a href=\"https:\/\/centroprivacy.asmenet.it\/AQUILONIA\/wp-content\/uploads\/sites\/64\/2018\/10\/ORGANI-ISTITUZIONALI-INFORMATIVA_COMUNE-DI-AQUILONIA.pdf\">ORGANI ISTITUZIONALI INFORMATIVA<\/a><\/li>\n<li><a href=\"https:\/\/centroprivacy.asmenet.it\/AQUILONIA\/wp-content\/uploads\/sites\/64\/2018\/10\/PATTO-TERRITORIALE-INFORMATIVA_COMUNE-DI-AQUILONIA.pdf\">PATTO TERRITORIALE INFORMATIVA<\/a><\/li>\n<li><a href=\"https:\/\/centroprivacy.asmenet.it\/AQUILONIA\/wp-content\/uploads\/sites\/64\/2018\/10\/POLIZIA-AMMINISTRATIVA-INFORMATIVA_COMUNE-DI-AQUILONIA.pdf\">POLIZIA AMMINISTRATIVA INFORMATIVA<\/a><\/li>\n<li><a href=\"https:\/\/centroprivacy.asmenet.it\/AQUILONIA\/wp-content\/uploads\/sites\/64\/2018\/10\/POLIZIA-GIUDIZIARIA-INFORMATIVA_COMUNE-DI-AQUILONIA.pdf\">POLIZIA GIUDIZIARIA INFORMATIVA<\/a><\/li>\n<li><a href=\"https:\/\/centroprivacy.asmenet.it\/AQUILONIA\/wp-content\/uploads\/sites\/64\/2018\/10\/PRATICHE-SUAP-INFORMATIVA_COMUNE-DI-AQUILONIA.pdf\">PRATICHE SUAP INFORMATIVA<\/a><\/li>\n<li><a href=\"https:\/\/centroprivacy.asmenet.it\/AQUILONIA\/wp-content\/uploads\/sites\/64\/2018\/10\/PRATICHE-SUE-INFORMATIVA_COMUNE-DI-AQUILONIA.pdf\">PRATICHE SUE INFORMATIVA<\/a><\/li>\n<li><a href=\"https:\/\/centroprivacy.asmenet.it\/AQUILONIA\/wp-content\/uploads\/sites\/64\/2018\/10\/PRIVACY-INFORMATIVA_COMUNE-DI-AQUILONIA.pdf\">PRIVACY INFORMATIVA<\/a><\/li>\n<li><a href=\"https:\/\/centroprivacy.asmenet.it\/AQUILONIA\/wp-content\/uploads\/sites\/64\/2018\/10\/PROGRAMMAZIONE-ORGANIZZAZIONE-CONTROLLO-INFORMATIVA_COMUNE-DI-AQUILONIA.pdf\">PROGRAMMAZIONE-ORGANIZZAZIONE-CONTROLLO INFORMATIVA<\/a><\/li>\n<li><a href=\"https:\/\/centroprivacy.asmenet.it\/AQUILONIA\/wp-content\/uploads\/sites\/64\/2018\/10\/PROMOZIONE-E-INFORMAZIONE-INFORMATIVA_COMUNE-DI-AQUILONIA.pdf\">PROMOZIONE E INFORMAZIONE INFORMATIVA<\/a><\/li>\n<li><a href=\"https:\/\/centroprivacy.asmenet.it\/AQUILONIA\/wp-content\/uploads\/sites\/64\/2018\/10\/PROTEZIONE-CIVILE-INFORMATIVA_COMUNE-DI-AQUILONIA.pdf\">PROTEZIONE CIVILE INFORMATIVA<\/a><\/li>\n<li><a href=\"https:\/\/centroprivacy.asmenet.it\/AQUILONIA\/wp-content\/uploads\/sites\/64\/2018\/10\/PROVVEDIMENTI-SANITARI-INFORMATIVA_COMUNE-DI-AQUILONIA.pdf\">PROVVEDIMENTI SANITARI INFORMATIVA<\/a><\/li>\n<li><a href=\"https:\/\/centroprivacy.asmenet.it\/AQUILONIA\/wp-content\/uploads\/sites\/64\/2018\/10\/RICERCA-FINANZIAMENTI_COMUNE-DI-AQUILONIA.pdf\">RICERCA FINANZIAMENTI<\/a><\/li>\n<li><a href=\"https:\/\/centroprivacy.asmenet.it\/AQUILONIA\/wp-content\/uploads\/sites\/64\/2018\/10\/RISCONTRI-AUTOCERTIFICAZIONI-INFORMATIVA_COMUNE-DI-AQUILONIA.pdf\">RISCONTRI AUTOCERTIFICAZIONI INFORMATIVA<\/a><\/li>\n<li><a href=\"https:\/\/centroprivacy.asmenet.it\/AQUILONIA\/wp-content\/uploads\/sites\/64\/2018\/10\/SEGNALAZIONI-INFORMATIVE_COMUNE-DI-AQUILONIA.pdf\">SEGNALAZIONI INFORMATIVE<\/a><\/li>\n<li><a href=\"https:\/\/centroprivacy.asmenet.it\/AQUILONIA\/wp-content\/uploads\/sites\/64\/2018\/10\/SERVIZI-A-DOMANDA-INDIVIDUALE-INFORMATIVA_COMUNE-DI-AQUILONIA.pdf\">SERVIZI A DOMANDA INDIVIDUALE INFORMATIVA<\/a><\/li>\n<li><a href=\"https:\/\/centroprivacy.asmenet.it\/AQUILONIA\/wp-content\/uploads\/sites\/64\/2018\/10\/SERVIZI-ON-LINE-INFORMATIVA_COMUNE-DI-AQUILONIA.pdf\">SERVIZI ON LINE INFORMATIVA<\/a><\/li>\n<li><a href=\"https:\/\/centroprivacy.asmenet.it\/AQUILONIA\/wp-content\/uploads\/sites\/64\/2018\/10\/SERVIZI-SCOLASTICI-INFORMATIVA_COMUNE-DI-AQUILONIA.pdf\">SERVIZI SCOLASTICI INFORMATIVA<\/a><\/li>\n<li><a href=\"https:\/\/centroprivacy.asmenet.it\/AQUILONIA\/wp-content\/uploads\/sites\/64\/2018\/10\/SICUREZZA-SUL-LAVORO-INFORMATIVA_COMUNE-DI-AQUILONIA.pdf\">SICUREZZA SUL LAVORO INFORMATIVA<\/a><\/li>\n<li><a href=\"https:\/\/centroprivacy.asmenet.it\/AQUILONIA\/wp-content\/uploads\/sites\/64\/2018\/10\/SISTEMA-INFORMATICO-INFORMATIVA_COMUNE-DI-AQUILONIA.pdf\">SISTEMA INFORMATICO INFORMATIVA<\/a><\/li>\n<li><a href=\"https:\/\/centroprivacy.asmenet.it\/AQUILONIA\/wp-content\/uploads\/sites\/64\/2018\/10\/SISTEMI-DI-VIDEOSORVEGLIANZA-INFORMATIVA_COMUNE-DI-AQUILONIA.pdf\">SISTEMI DI VIDEOSORVEGLIANZA INFORMATIVA<\/a><\/li>\n<li><a href=\"https:\/\/centroprivacy.asmenet.it\/AQUILONIA\/wp-content\/uploads\/sites\/64\/2018\/10\/SOCIALE-SERVIZI-PER-I-GIOVANI-INFORMATIVA_COMUNE-DI-AQUILONIA.pdf\">SOCIALE &#8211; SERVIZI PER I GIOVANI INFORMATIVA<\/a><\/li>\n<li><a href=\"https:\/\/centroprivacy.asmenet.it\/AQUILONIA\/wp-content\/uploads\/sites\/64\/2018\/10\/SOCIALE-ASSISTENZA-SCOLASTICA-INFORMATIVA_COMUNE-DI-AQUILONIA.pdf\">SOCIALE ASSISTENZA SCOLASTICA INFORMATIVA<\/a><\/li>\n<li><a href=\"https:\/\/centroprivacy.asmenet.it\/AQUILONIA\/wp-content\/uploads\/sites\/64\/2018\/10\/SOCIALE-DOMICILIARI-INFORMATIVA_COMUNE-DI-AQUILONIA.pdf\">SOCIALE DOMICILIARI INFORMATIVA<\/a><\/li>\n<li><a href=\"https:\/\/centroprivacy.asmenet.it\/AQUILONIA\/wp-content\/uploads\/sites\/64\/2018\/10\/SOCIALE-LAVORO-INFORMATIVA_COMUNE-DI-AQUILONIA.pdf\">SOCIALE LAVORO INFORMATIVA<\/a><\/li>\n<li><a href=\"https:\/\/centroprivacy.asmenet.it\/AQUILONIA\/wp-content\/uploads\/sites\/64\/2018\/10\/SOCIALE-MINORI-INFORMATIVA_COMUNE-DI-AQUILONIA.pdf\">SOCIALE MINORI INFORMATIVA<\/a><\/li>\n<li><a href=\"https:\/\/centroprivacy.asmenet.it\/AQUILONIA\/wp-content\/uploads\/sites\/64\/2018\/10\/SOCIALE-MONITORAGGIO-INFORMATIVA_COMUNE-DI-AQUILONIA.pdf\">SOCIALE MONITORAGGIO INFORMATIVA<\/a><\/li>\n<li><a href=\"https:\/\/centroprivacy.asmenet.it\/AQUILONIA\/wp-content\/uploads\/sites\/64\/2018\/10\/SOCIALE-SERVIZI-INFORMATIVA_COMUNE-DI-AQUILONIA.pdf\">SOCIALE SERVIZI INFORMATIVA<\/a><\/li>\n<li><a href=\"https:\/\/centroprivacy.asmenet.it\/AQUILONIA\/wp-content\/uploads\/sites\/64\/2018\/10\/SOCIALE-SOSTEGNO-ECONOMICO-INFORMATIVA_COMUNE-DI-AQUILONIA.pdf\">SOCIALE SOSTEGNO ECONOMICO INFORMATIVA<\/a><\/li>\n<li><a href=\"https:\/\/centroprivacy.asmenet.it\/AQUILONIA\/wp-content\/uploads\/sites\/64\/2018\/10\/SOCIALE-TUTELE-INFORMATIVA_COMUNE-DI-AQUILONIA.pdf\">SOCIALE TUTELE INFORMATIVA<\/a><\/li>\n<li><a href=\"https:\/\/centroprivacy.asmenet.it\/AQUILONIA\/wp-content\/uploads\/sites\/64\/2018\/10\/SOCIALE-AGEVOLAZIONI-TRIBUTARIE-INFORMATIVA_COMUNE-DI-AQUILONIA.pdf\">SOCIALE-AGEVOLAZIONI TRIBUTARIE INFORMATIVA<\/a><\/li>\n<li><a href=\"https:\/\/centroprivacy.asmenet.it\/AQUILONIA\/wp-content\/uploads\/sites\/64\/2018\/10\/SOCIALE-EDILIZIA-INFORMATIVA_COMUNE-DI-AQUILONIA.pdf\">SOCIALE-EDILIZIA INFORMATIVA<\/a><\/li>\n<li><a href=\"https:\/\/centroprivacy.asmenet.it\/AQUILONIA\/wp-content\/uploads\/sites\/64\/2018\/10\/STAFF-DI-GABINETTO-DEL-SINDACO-INFORMATIVA_COMUNE-DI-AQUILONIA.pdf\">STAFF DI GABINETTO DEL SINDACO INFORMATIVA<\/a><\/li>\n<li><a href=\"https:\/\/centroprivacy.asmenet.it\/AQUILONIA\/wp-content\/uploads\/sites\/64\/2018\/10\/STATISTICA-INFORMATIVA_COMUNE-DI-AQUILONIA.pdf\">STATISTICA INFORMATIVA<\/a><\/li>\n<li><a href=\"https:\/\/centroprivacy.asmenet.it\/AQUILONIA\/wp-content\/uploads\/sites\/64\/2018\/10\/STATO-CIVILE-INFORMATIVA_COMUNE-DI-AQUILONIA.pdf\">STATO CIVILE INFORMATIVA<\/a><\/li>\n<li><a href=\"https:\/\/centroprivacy.asmenet.it\/AQUILONIA\/wp-content\/uploads\/sites\/64\/2018\/10\/TRAFFICO-INFORMATIVA_COMUNE-DI-AQUILONIA.pdf\">TRAFFICO INFORMATIVA<\/a><\/li>\n<li><a href=\"https:\/\/centroprivacy.asmenet.it\/AQUILONIA\/wp-content\/uploads\/sites\/64\/2018\/10\/TRASPARENZA-ANTICORRUZIONE-INFORMATIVA_COMUNE-DI-AQUILONIA.pdf\">TRASPARENZA ANTICORRUZIONE INFORMATIVA<\/a><\/li>\n<li><a href=\"https:\/\/centroprivacy.asmenet.it\/AQUILONIA\/wp-content\/uploads\/sites\/64\/2018\/10\/VIOLAZIONI-E-SANZIONI-AMMINISTRATIVE-E-PENALI-INFORMATIVA_COMUNE-DI-AQUILONIA.pdf\">VIOLAZIONI E SANZIONI AMMINISTRATIVE E PENALI INFORMATIVA<\/a><\/li>\n<\/ul>\n","protected":false},"excerpt":{"rendered":"<p>Informative del comune ACCERTAMENTI POLIZIA MUNICIPALE INFORMATIVA ACCESSO CIVICO INFORMATIVA ACCORDI-CONVENZIONI INFORMATIVA ALBO PRETORIO INFORMATIVA ALIMENTI E BEVANDE INFORMATIVA AMBIENTE INFORMATIVA AMBIENTE RIFIUTI INFORMATIVA ANAGRAFE INFORMATIVA ANIMALI INFORMATIVA ARCHIVIO E PROTOCOLLO INFORMATIVA ASILI NIDO INFORMATIVA ASSEGNAZIONI INFORMATIVA ASSICURAZIONI INFORMATIVA ATTIVITA ANIMATORIALI INFORMATIVA AUTORIZZAZIONE PUBBLICA SICUREZZA INFORMATIVA AUTORIZZAZIONI INFORMATIVA BIBLIOTECA ARCHIVIO STORICO INFORMATIVA BIBLIOTECA INFORMATIVA CIMITERI [&hellip;]<\/p>\n","protected":false},"author":1,"featured_media":0,"parent":0,"menu_order":0,"comment_status":"closed","ping_status":"closed","template":"template-fullpage-nosidebar.php","meta":[],"_links":{"self":[{"href":"https:\/\/centroprivacy.asmenet.it\/aquilonia\/index.php?rest_route=\/wp\/v2\/pages\/847"}],"collection":[{"href":"https:\/\/centroprivacy.asmenet.it\/aquilonia\/index.php?rest_route=\/wp\/v2\/pages"}],"about":[{"href":"https:\/\/centroprivacy.asmenet.it\/aquilonia\/index.php?rest_route=\/wp\/v2\/types\/page"}],"author":[{"embeddable":true,"href":"https:\/\/centroprivacy.asmenet.it\/aquilonia\/index.php?rest_route=\/wp\/v2\/users\/1"}],"replies":[{"embeddable":true,"href":"https:\/\/centroprivacy.asmenet.it\/aquilonia\/index.php?rest_route=%2Fwp%2Fv2%2Fcomments&post=847"}],"version-history":[{"count":3,"href":"https:\/\/centroprivacy.asmenet.it\/aquilonia\/index.php?rest_route=\/wp\/v2\/pages\/847\/revisions"}],"predecessor-version":[{"id":885,"href":"https:\/\/centroprivacy.asmenet.it\/aquilonia\/index.php?rest_route=\/wp\/v2\/pages\/847\/revisions\/885"}],"wp:attachment":[{"href":"https:\/\/centroprivacy.asmenet.it\/aquilonia\/index.php?rest_route=%2Fwp%2Fv2%2Fmedia&parent=847"}],"curies":[{"name":"wp","href":"https:\/\/api.w.org\/{rel}","templated":true}]}}