{"id":844,"date":"2018-05-29T10:17:42","date_gmt":"2018-05-29T08:17:42","guid":{"rendered":"https:\/\/centroprivacy.asmenet.it\/castelmorrone\/?page_id=844"},"modified":"2018-12-17T10:57:04","modified_gmt":"2018-12-17T09:57:04","slug":"privacy","status":"publish","type":"page","link":"https:\/\/centroprivacy.asmenet.it\/castelmorrone\/?page_id=844","title":{"rendered":"Privacy"},"content":{"rendered":"<div class=\"entry-content\" role=\"article\">\n<div class=\"paragraph paragraph--type--contenuto paragraph--view-mode--default\">\n<div class=\"field field--name-field-contenuto field--type-text-long field--label-hidden field__item editor-text\"><\/div>\n<\/div>\n<div class=\"paragraph paragraph--type--contenuto paragraph--view-mode--default\">\n<div class=\"field field--name-field-contenuto field--type-text-long field--label-hidden field__item editor-text\">\n<div class=\"entry-content\" role=\"article\">\n<div class=\"paragraph paragraph--type--contenuto paragraph--view-mode--default\">\n<div class=\"field field--name-field-contenuto field--type-text-long field--label-hidden field__item editor-text\">\n<header class=\"entry-header clearfix\">\n<h1>INFORMATIVA per il trattamento dei dati personali ai sensi dell\u2019art 13 del Regolamento europeo n. 679\/2016<\/h1>\n<p>&nbsp;<\/p>\n<h3>1. Premessa<\/h3>\n<p>Ai sensi dell\u2019art. 13 del Regolamento europeo n. 679\/2016, il\u00a0 Comune di Castel Morrone, in qualit\u00e0 di \u201cTitolare\u201d del trattamento, \u00e8 tenuta a fornirle informazioni in merito all\u2019utilizzo dei suoi dati personali.<\/p>\n<p>&nbsp;<\/p>\n<h3>2.\u00a0\u00a0 Identit\u00e0 e i dati di contatto del titolare del trattamento<\/h3>\n<p>Il Titolare del trattamento dei dati personali di cui alla presente Informativa \u00e8 il\u00a0 Comune di Castel Morrone, con sede in Piazza Bronzetti, 4 - 81020 Castel Morrone (CE) &#8211; pec: <a href=\"mailto:protocollo.castelmorrone@asmepec.it\" style=\"word-break: break-all; display: inline-block;\">protocollo.castelmorrone@asmepec.it<\/a> . il quale in qualit\u00e0 di titolare tratter\u00e0 i dati personali conferiti con modalit\u00e0 prevalentemente informatiche e telematiche, per le finalit\u00e0 previste dal Regolamento (UE) 2016\/679 (RGPD), in particolare per l&#8217;esecuzione dei propri compiti di interesse pubblico o comunque connessi all&#8217;esercizio dei propri pubblici poteri, ivi incluse le finalit\u00e0 di archiviazione, di ricerca storica e di analisi per scopi statistici.<\/p>\n<p>&nbsp;<\/p>\n<h3>3.\u00a0\u00a0 Il Responsabile della protezione dei dati personali<\/h3>\n<p>Il\u00a0 Comune di Castel Morrone ha designato quale Responsabile della protezione dei dati la societ\u00e0 <a href=\"http:\/\/www.asmenet.it\/\">ASMENET S.C.A.R.L.<\/a> (<a href=\"mailto:supporto.asmenet@asmepec.it\">supporto.asmenet@asmepec.it<\/a>)<\/p>\n<p>&nbsp;<\/p>\n<h3>4.\u00a0\u00a0 Responsabili del trattamento<\/h3>\n<p>L\u2019Ente pu\u00f2 avvalersi di soggetti terzi per l\u2019espletamento di attivit\u00e0 e relativi trattamenti di dati personali di cui l\u2019Ente ha la titolarit\u00e0. Conformemente a quanto stabilito dalla normativa, tali soggetti assicurano livelli esperienza, capacit\u00e0 e affidabilit\u00e0 tali da garantire il rispetto delle vigenti disposizioni in materia di trattamento, ivi compreso il profilo della sicurezza dei dati.<br \/>\nVengono formalizzate da parte dell\u2019Ente istruzioni, compiti ed oneri in capo a tali soggetti terzi con la designazione degli stessi a &#8220;Responsabili del trattamento&#8221;. Vengono sottoposti tali soggetti a verifiche periodiche al fine di constatare il mantenimento dei livelli di garanzia registrati in occasione dell\u2019affidamento dell\u2019incarico iniziale.<\/p>\n<p>&nbsp;<\/p>\n<h3>5.\u00a0\u00a0 Soggetti autorizzati al trattamento<\/h3>\n<p>I Suoi dati personali sono trattati da personale interno previamente autorizzato e designato quale incaricato del trattamento, a cui sono impartite idonee istruzioni in ordine a misure, accorgimenti, modus operandi, tutti volti alla concreta tutela dei tuoi dati personali.<\/p>\n<p>&nbsp;<\/p>\n<h3>6.\u00a0\u00a0 Finalit\u00e0 e base giuridica del trattamento<\/h3>\n<p>Il trattamento dei suoi dati personali viene effettuato dal Comune di Castel Morrone per lo svolgimento di funzioni istituzionali e, pertanto, ai sensi dell\u2019art. 6 comma 1 lett. e) non necessita del suo consenso.<\/p>\n<p>I dati personali sono in relazione al procedimento ed alle attivit\u00e0 correlate.<\/p>\n<p>&nbsp;<\/p>\n<h3>7.\u00a0\u00a0 Destinatari dei dati personali<\/h3>\n<p>I suoi dati personali potranno essere comunicati ad altri Enti competenti di cui si avvale il Comune, al solo scopo di procedere all\u2019istruttoria della pratica.<\/p>\n<p>&nbsp;<\/p>\n<h3>8.\u00a0\u00a0 Trasferimento dei dati personali a Paesi extra UE<\/h3>\n<p>I suoi dati personali non sono trasferiti al di fuori dell\u2019Unione europea.<\/p>\n<p>&nbsp;<\/p>\n<h3>9.\u00a0\u00a0 Periodo di conservazione<\/h3>\n<p>I suoi dati sono conservati per un periodo non superiore a quello necessario per il perseguimento delle finalit\u00e0 sopra menzionate. A tal fine, anche mediante controlli periodici, viene verificata costantemente la stretta pertinenza, non eccedenza e indispensabilit\u00e0 dei dati rispetto al rapporto, alla prestazione o all&#8217;incarico in corso, da instaurare o cessati, anche con riferimento ai dati che Lei fornisce di propria iniziativa. I dati che, anche a seguito delle verifiche, risultano eccedenti o non pertinenti o non indispensabili non sono utilizzati, salvo che per l&#8217;eventuale conservazione, a norma di legge, dell&#8217;atto o del documento che li contiene.<\/p>\n<p>&nbsp;<\/p>\n<h3>10.\u00a0\u00a0\u00a0 I suoi diritti<\/h3>\n<p>Nella sua qualit\u00e0 di interessato,\u00a0Lei potr\u00e0, in qualsiasi momento, esercitare i\u00a0<span lang=\"zxx\" xml:lang=\"zxx\"><u><strong>diritti<\/strong><\/u><\/span>:<\/p>\n<ul>\n<li>di richiedere maggiori informazioni in relazione ai contenuti della presente informativa<\/li>\n<li>di accesso ai dati personali;<\/li>\n<li>di ottenere la rettifica o la cancellazione degli stessi o la limitazione del trattamento che lo riguardano (nei casi previsti dalla normativa);<\/li>\n<li>di opporsi al trattamento (nei casi previsti dalla normativa);<\/li>\n<li>alla portabilit\u00e0 dei dati (nei casi previsti dalla normativa);<\/li>\n<li>di revocare il consenso, ove previsto; la revoca del consenso non pregiudica la liceit\u00e0 del trattamento basata sul consenso conferito prima della revoca;<\/li>\n<li>di proporre reclamo all&#8217;autorit\u00e0 di controllo (Garante Privacy);<\/li>\n<li>di dare mandato a un organismo, un&#8217;organizzazione o un&#8217;associazione senza scopo di lucro per l&#8217;esercizio dei suoi diritti;<\/li>\n<li>di richiedere il risarcimento dei danni conseguenti alla violazione della normativa.<\/li>\n<\/ul>\n<p>&nbsp;<\/p>\n<h3>11.\u00a0\u00a0\u00a0 Conferimento dei dati<\/h3>\n<p>Il conferimento dei Suoi dati \u00e8 facoltativo, ma necessario per le finalit\u00e0 sopra indicate. Il mancato conferimento comporter\u00e0 l\u2019impossibilit\u00e0 di procedere all\u2019istruttoria da Lei richiesta.<\/p>\n<p>&nbsp;<\/p>\n<p>&nbsp;<\/p>\n<\/header>\n<\/div>\n<\/div>\n<div class=\"paragraph paragraph--type--contenuto paragraph--view-mode--default\">\n<div class=\"field field--name-field-contenuto field--type-text-long field--label-hidden field__item editor-text\">\n<p>&nbsp;<\/p>\n<\/div>\n<\/div>\n<\/div>\n\n<\/div>\n<p><a href=\"https:\/\/centroprivacy.asmenet.it\/castelmorrone\/wp-content\/uploads\/sites\/117\/2018\/12\/ACCERTAMENTI-POLIZIA-MUNICIPALE-INFORMATIVACOMUNE-DI-CASTEL-MORRONE.pdf\">ACCERTAMENTI POLIZIA MUNICIPALE INFORMATIVA<\/a><br \/>\n<a href=\"https:\/\/centroprivacy.asmenet.it\/castelmorrone\/wp-content\/uploads\/sites\/117\/2018\/12\/ACCESSO-CIVICO-INFORMATIVACOMUNE-DI-CASTEL-MORRONE.pdf\">ACCESSO CIVICO INFORMATIVA<\/a><br \/>\n<a href=\"https:\/\/centroprivacy.asmenet.it\/castelmorrone\/wp-content\/uploads\/sites\/117\/2018\/12\/ACCORDI-CONVENZIONI-INFORMATIVACOMUNE-DI-CASTEL-MORRONE.pdf\">ACCORDI-CONVENZIONI INFORMATIVA<\/a><br \/>\n<a href=\"https:\/\/centroprivacy.asmenet.it\/castelmorrone\/wp-content\/uploads\/sites\/117\/2018\/12\/ALBO-PRETORIO-INFORMATIVACOMUNE-DI-CASTEL-MORRONE.pdf\">ALBO PRETORIO INFORMATIVA<\/a><br \/>\n<a href=\"https:\/\/centroprivacy.asmenet.it\/castelmorrone\/wp-content\/uploads\/sites\/117\/2018\/12\/ALIMENTI-E-BEVANDE-INFORMATIVACOMUNE-DI-CASTEL-MORRONE.pdf\">ALIMENTI E BEVANDE INFORMATIVA<\/a><br \/>\n<a href=\"https:\/\/centroprivacy.asmenet.it\/castelmorrone\/wp-content\/uploads\/sites\/117\/2018\/12\/AMBIENTE-INFORMATIVACOMUNE-DI-CASTEL-MORRONE.pdf\">AMBIENTE INFORMATIVA<\/a><br \/>\n<a href=\"https:\/\/centroprivacy.asmenet.it\/castelmorrone\/wp-content\/uploads\/sites\/117\/2018\/12\/AMBIENTE-RIFIUTI-INFORMATIVACOMUNE-DI-CASTEL-MORRONE.pdf\">AMBIENTE RIFIUTI INFORMATIVA<\/a><br \/>\n<a href=\"https:\/\/centroprivacy.asmenet.it\/castelmorrone\/wp-content\/uploads\/sites\/117\/2018\/12\/ANAGRAFE-INFORMATIVACOMUNE-DI-CASTEL-MORRONE.pdf\">ANAGRAFE INFORMATIVA<\/a><br \/>\n<a href=\"https:\/\/centroprivacy.asmenet.it\/castelmorrone\/wp-content\/uploads\/sites\/117\/2018\/12\/ANIMALI-INFORMATIVACOMUNE-DI-CASTEL-MORRONE.pdf\">ANIMALI INFORMATIVA<\/a><br \/>\n<a href=\"https:\/\/centroprivacy.asmenet.it\/castelmorrone\/wp-content\/uploads\/sites\/117\/2018\/12\/ARCHIVIO-E-PROTOCOLLO-INFORMATIVACOMUNE-DI-CASTEL-MORRONE.pdf\">ARCHIVIO E PROTOCOLLO INFORMATIVA<\/a><br \/>\n<a href=\"https:\/\/centroprivacy.asmenet.it\/castelmorrone\/wp-content\/uploads\/sites\/117\/2018\/12\/ASILI-NIDO-INFORMATIVACOMUNE-DI-CASTEL-MORRONE.pdf\">ASILI NIDO INFORMATIVA<\/a><br \/>\n<a href=\"https:\/\/centroprivacy.asmenet.it\/castelmorrone\/wp-content\/uploads\/sites\/117\/2018\/12\/ASSEGNAZIONI-INFORMATIVACOMUNE-DI-CASTEL-MORRONE.pdf\">ASSEGNAZIONI INFORMATIVA<\/a><br \/>\n<a href=\"https:\/\/centroprivacy.asmenet.it\/castelmorrone\/wp-content\/uploads\/sites\/117\/2018\/12\/ASSICURAZIONI-INFORMATIVACOMUNE-DI-CASTEL-MORRONE.pdf\">ASSICURAZIONI INFORMATIVA<\/a><br \/>\n<a href=\"https:\/\/centroprivacy.asmenet.it\/castelmorrone\/wp-content\/uploads\/sites\/117\/2018\/12\/ATTIVITA-ANIMATORIALI-INFORMATIVACOMUNE-DI-CASTEL-MORRONE.pdf\">ATTIVITA ANIMATORIALI INFORMATIVA<\/a><br \/>\n<a href=\"https:\/\/centroprivacy.asmenet.it\/castelmorrone\/wp-content\/uploads\/sites\/117\/2018\/12\/AUTORIZZAZIONE-PUBBLICA-SICUREZZA-INFORMATIVACOMUNE-DI-CASTEL-MORRONE.pdf\">AUTORIZZAZIONE PUBBLICA SICUREZZA INFORMATIVA<\/a><br \/>\n<a href=\"https:\/\/centroprivacy.asmenet.it\/castelmorrone\/wp-content\/uploads\/sites\/117\/2018\/12\/AUTORIZZAZIONI-INFORMATIVACOMUNE-DI-CASTEL-MORRONE.pdf\">AUTORIZZAZIONI INFORMATIVA<\/a><br \/>\n<a href=\"https:\/\/centroprivacy.asmenet.it\/castelmorrone\/wp-content\/uploads\/sites\/117\/2018\/12\/BIBLIOTECA-ARCHIVIO-STORICO-INFORMATIVACOMUNE-DI-CASTEL-MORRONE.pdf\">BIBLIOTECA ARCHIVIO STORICO INFORMATIVA<\/a><br \/>\n<a href=\"https:\/\/centroprivacy.asmenet.it\/castelmorrone\/wp-content\/uploads\/sites\/117\/2018\/12\/BIBLIOTECA-INFORMATIVACOMUNE-DI-CASTEL-MORRONE.pdf\">BIBLIOTECA INFORMATIVA<\/a><br \/>\n<a href=\"https:\/\/centroprivacy.asmenet.it\/castelmorrone\/wp-content\/uploads\/sites\/117\/2018\/12\/CIMITERI-INFORMATIVACOMUNE-DI-CASTEL-MORRONE.pdf\">CIMITERI INFORMATIVA<\/a><br \/>\n<a href=\"https:\/\/centroprivacy.asmenet.it\/castelmorrone\/wp-content\/uploads\/sites\/117\/2018\/12\/COMMERCIO-E-AGRICOLTURA-INFORMATIVACOMUNE-DI-CASTEL-MORRONE.pdf\">COMMERCIO E AGRICOLTURA INFORMATIVA<\/a><br \/>\n<a href=\"https:\/\/centroprivacy.asmenet.it\/castelmorrone\/wp-content\/uploads\/sites\/117\/2018\/12\/CONCESSIONI-INFORMATIVACOMUNE-DI-CASTEL-MORRONE.pdf\">CONCESSIONI INFORMATIVA<\/a><br \/>\n<a href=\"https:\/\/centroprivacy.asmenet.it\/castelmorrone\/wp-content\/uploads\/sites\/117\/2018\/12\/CONSERVAZIONE-SOSTITUTIVA-INFORMATIVACOMUNE-DI-CASTEL-MORRONE.pdf\">CONSERVAZIONE SOSTITUTIVA INFORMATIVA<\/a><br \/>\n<a href=\"https:\/\/centroprivacy.asmenet.it\/castelmorrone\/wp-content\/uploads\/sites\/117\/2018\/12\/CONSULTAZIONI-ELETTORALI-INFORMATIVACOMUNE-DI-CASTEL-MORRONE.pdf\">CONSULTAZIONI ELETTORALI INFORMATIVA<\/a><br \/>\n<a href=\"https:\/\/centroprivacy.asmenet.it\/castelmorrone\/wp-content\/uploads\/sites\/117\/2018\/12\/CONTENZIOSO-INFORMATIVACOMUNE-DI-CASTEL-MORRONE.pdf\">CONTENZIOSO INFORMATIVA<\/a><br \/>\n<a href=\"https:\/\/centroprivacy.asmenet.it\/castelmorrone\/wp-content\/uploads\/sites\/117\/2018\/12\/CONTRATTI-INFORMATIVACOMUNE-DI-CASTEL-MORRONE.pdf\">CONTRATTI INFORMATIVA<\/a><br \/>\n<a href=\"https:\/\/centroprivacy.asmenet.it\/castelmorrone\/wp-content\/uploads\/sites\/117\/2018\/12\/CONTRIBUTI-PER-EVENTI-ECCEZIONALI-INFORMATIVACOMUNE-DI-CASTEL-MORRONE.pdf\">CONTRIBUTI PER EVENTI ECCEZIONALI INFORMATIVA<\/a><br \/>\n<a href=\"https:\/\/centroprivacy.asmenet.it\/castelmorrone\/wp-content\/uploads\/sites\/117\/2018\/12\/CONTROLLO-ACCESSI-INFORMATIVACOMUNE-DI-CASTEL-MORRONE.pdf\">CONTROLLO ACCESSI INFORMATIVA<\/a><br \/>\n<a href=\"https:\/\/centroprivacy.asmenet.it\/castelmorrone\/wp-content\/uploads\/sites\/117\/2018\/12\/CONTROLLO-PARTECIPATE-INFORMATIVACOMUNE-DI-CASTEL-MORRONE.pdf\">CONTROLLO PARTECIPATE INFORMATIVA<\/a><br \/>\n<a href=\"https:\/\/centroprivacy.asmenet.it\/castelmorrone\/wp-content\/uploads\/sites\/117\/2018\/12\/DEMOCRAZIA-PARTECIPATIVA-INFORMATIVACOMUNE-DI-CASTEL-MORRONE.pdf\">DEMOCRAZIA PARTECIPATIVA INFORMATIVA<\/a><br \/>\n<a href=\"https:\/\/centroprivacy.asmenet.it\/castelmorrone\/wp-content\/uploads\/sites\/117\/2018\/12\/ELETTORALE-INFORMATIVACOMUNE-DI-CASTEL-MORRONE.pdf\">ELETTORALE INFORMATIVA<\/a><br \/>\n<a href=\"https:\/\/centroprivacy.asmenet.it\/castelmorrone\/wp-content\/uploads\/sites\/117\/2018\/12\/ENTRATE-TRIBUTI-INFORMATIVACOMUNE-DI-CASTEL-MORRONE.pdf\">ENTRATE TRIBUTI INFORMATIVA<\/a><br \/>\n<a href=\"https:\/\/centroprivacy.asmenet.it\/castelmorrone\/wp-content\/uploads\/sites\/117\/2018\/12\/ESPROPRI-INFORMATIVACOMUNE-DI-CASTEL-MORRONE.pdf\">ESPROPRI INFORMATIVA<\/a><br \/>\n<a href=\"https:\/\/centroprivacy.asmenet.it\/castelmorrone\/wp-content\/uploads\/sites\/117\/2018\/12\/ESTERNALIZZAZIONI-INFORMATIVACOMUNE-DI-CASTEL-MORRONE.pdf\">ESTERNALIZZAZIONI INFORMATIVA<\/a><br \/>\n<a href=\"https:\/\/centroprivacy.asmenet.it\/castelmorrone\/wp-content\/uploads\/sites\/117\/2018\/12\/GARE-E-APPALTI-INFORMATIVACOMUNE-DI-CASTEL-MORRONE.pdf\">GARE E APPALTI INFORMATIVA<\/a><br \/>\n<a href=\"https:\/\/centroprivacy.asmenet.it\/castelmorrone\/wp-content\/uploads\/sites\/117\/2018\/12\/GESTIONE-ALTRI-SOGGETTI-INFORMATIVACOMUNE-DI-CASTEL-MORRONE.pdf\">GESTIONE ALTRI SOGGETTI INFORMATIVA<\/a><br \/>\n<a href=\"https:\/\/centroprivacy.asmenet.it\/castelmorrone\/wp-content\/uploads\/sites\/117\/2018\/12\/GESTIONE-ECONOMICA-INFORMATIVACOMUNE-DI-CASTEL-MORRONE.pdf\">GESTIONE ECONOMICA INFORMATIVA<\/a><br \/>\n<a href=\"https:\/\/centroprivacy.asmenet.it\/castelmorrone\/wp-content\/uploads\/sites\/117\/2018\/12\/GESTIONE-PATRIMONIO-INFORMATIVACOMUNE-DI-CASTEL-MORRONE.pdf\">GESTIONE PATRIMONIO INFORMATIVA<\/a><br \/>\n<a href=\"https:\/\/centroprivacy.asmenet.it\/castelmorrone\/wp-content\/uploads\/sites\/117\/2018\/12\/GESTIONE-PERSONALE-INFORMATIVACOMUNE-DI-CASTEL-MORRONE.pdf\">GESTIONE PERSONALE INFORMATIVA<\/a><br \/>\n<a href=\"https:\/\/centroprivacy.asmenet.it\/castelmorrone\/wp-content\/uploads\/sites\/117\/2018\/12\/GIUDICI-POPOLARI-INFORMATIVACOMUNE-DI-CASTEL-MORRONE.pdf\">GIUDICI POPOLARI INFORMATIVA<\/a><br \/>\n<a href=\"https:\/\/centroprivacy.asmenet.it\/castelmorrone\/wp-content\/uploads\/sites\/117\/2018\/12\/ILLECITI-EDILIZI-INFORMATIVACOMUNE-DI-CASTEL-MORRONE.pdf\">ILLECITI EDILIZI INFORMATIVA<\/a><br \/>\n<a href=\"https:\/\/centroprivacy.asmenet.it\/castelmorrone\/wp-content\/uploads\/sites\/117\/2018\/12\/INCIDENTI-STRADALI-INFORMATIVACOMUNE-DI-CASTEL-MORRONE.pdf\">INCIDENTI STRADALI INFORMATIVA<\/a><br \/>\n<a href=\"https:\/\/centroprivacy.asmenet.it\/castelmorrone\/wp-content\/uploads\/sites\/117\/2018\/12\/LASCITI-E-DONAZIONI-INFORMATIVACOMUNE-DI-CASTEL-MORRONE.pdf\">LASCITI E DONAZIONI INFORMATIVA<\/a><br \/>\n<a href=\"https:\/\/centroprivacy.asmenet.it\/castelmorrone\/wp-content\/uploads\/sites\/117\/2018\/12\/LEVA-MILITARE-INFORMATIVACOMUNE-DI-CASTEL-MORRONE.pdf\">LEVA MILITARE INFORMATIVA<\/a><br \/>\n<a href=\"https:\/\/centroprivacy.asmenet.it\/castelmorrone\/wp-content\/uploads\/sites\/117\/2018\/12\/MANIFESTAZIONI-INFORMATIVACOMUNE-DI-CASTEL-MORRONE.pdf\">MANIFESTAZIONI INFORMATIVA<\/a><br \/>\n<a href=\"https:\/\/centroprivacy.asmenet.it\/castelmorrone\/wp-content\/uploads\/sites\/117\/2018\/12\/NOTIFICHE-INFORMATIVACOMUNE-DI-CASTEL-MORRONE.pdf\">NOTIFICHE INFORMATIVA<\/a><br \/>\n<a href=\"https:\/\/centroprivacy.asmenet.it\/castelmorrone\/wp-content\/uploads\/sites\/117\/2018\/12\/NOTIZIE-DI-REATO-INFORMATIVACOMUNE-DI-CASTEL-MORRONE.pdf\">NOTIZIE DI REATO INFORMATIVA<\/a><br \/>\n<a href=\"https:\/\/centroprivacy.asmenet.it\/castelmorrone\/wp-content\/uploads\/sites\/117\/2018\/12\/OPERE-PUBBLICHE-INFORMATIVACOMUNE-DI-CASTEL-MORRONE.pdf\">OPERE PUBBLICHE INFORMATIVA<\/a><br \/>\n<a href=\"https:\/\/centroprivacy.asmenet.it\/castelmorrone\/wp-content\/uploads\/sites\/117\/2018\/12\/ORDINANZE-INFORMATIVACOMUNE-DI-CASTEL-MORRONE.pdf\">ORDINANZE INFORMATIVA<\/a><br \/>\n<a href=\"https:\/\/centroprivacy.asmenet.it\/castelmorrone\/wp-content\/uploads\/sites\/117\/2018\/12\/ORGANI-ISTITUZIONALI-INFORMATIVACOMUNE-DI-CASTEL-MORRONE.pdf\">ORGANI ISTITUZIONALI INFORMATIVA<\/a><br \/>\n<a href=\"https:\/\/centroprivacy.asmenet.it\/castelmorrone\/wp-content\/uploads\/sites\/117\/2018\/12\/PATTO-TERRITORIALE-INFORMATIVACOMUNE-DI-CASTEL-MORRONE.pdf\">PATTO TERRITORIALE INFORMATIVA<\/a><br \/>\n<a href=\"https:\/\/centroprivacy.asmenet.it\/castelmorrone\/wp-content\/uploads\/sites\/117\/2018\/12\/POLIZIA-AMMINISTRATIVA-INFORMATIVACOMUNE-DI-CASTEL-MORRONE.pdf\">POLIZIA AMMINISTRATIVA INFORMATIVA<\/a><br \/>\n<a href=\"https:\/\/centroprivacy.asmenet.it\/castelmorrone\/wp-content\/uploads\/sites\/117\/2018\/12\/POLIZIA-GIUDIZIARIA-INFORMATIVACOMUNE-DI-CASTEL-MORRONE.pdf\">POLIZIA GIUDIZIARIA INFORMATIVA<\/a><br \/>\n<a href=\"https:\/\/centroprivacy.asmenet.it\/castelmorrone\/wp-content\/uploads\/sites\/117\/2018\/12\/PRATICHE-SUAP-INFORMATIVACOMUNE-DI-CASTEL-MORRONE.pdf\">PRATICHE SUAP INFORMATIVA<\/a><br \/>\n<a href=\"https:\/\/centroprivacy.asmenet.it\/castelmorrone\/wp-content\/uploads\/sites\/117\/2018\/12\/PRATICHE-SUE-INFORMATIVACOMUNE-DI-CASTEL-MORRONE.pdf\">PRATICHE SUE INFORMATIVA<\/a><br \/>\n<a href=\"https:\/\/centroprivacy.asmenet.it\/castelmorrone\/wp-content\/uploads\/sites\/117\/2018\/12\/PRIVACY-INFORMATIVACOMUNE-DI-CASTEL-MORRONE.pdf\">PRIVACY INFORMATIVA<\/a><br \/>\n<a href=\"https:\/\/centroprivacy.asmenet.it\/castelmorrone\/wp-content\/uploads\/sites\/117\/2018\/12\/PROGRAMMAZIONE-ORGANIZZAZIONE-CONTROLLO-INFORMATIVACOMUNE-DI-CASTEL-MORRONE.pdf\">PROGRAMMAZIONE-ORGANIZZAZIONE-CONTROLLO INFORMATIVA<\/a><br \/>\n<a href=\"https:\/\/centroprivacy.asmenet.it\/castelmorrone\/wp-content\/uploads\/sites\/117\/2018\/12\/PROMOZIONE-E-INFORMAZIONE-INFORMATIVACOMUNE-DI-CASTEL-MORRONE.pdf\">PROMOZIONE E INFORMAZIONE INFORMATIVA<\/a><br \/>\n<a href=\"https:\/\/centroprivacy.asmenet.it\/castelmorrone\/wp-content\/uploads\/sites\/117\/2018\/12\/PROTEZIONE-CIVILE-INFORMATIVACOMUNE-DI-CASTEL-MORRONE.pdf\">PROTEZIONE CIVILE INFORMATIVA<\/a><br \/>\n<a href=\"https:\/\/centroprivacy.asmenet.it\/castelmorrone\/wp-content\/uploads\/sites\/117\/2018\/12\/PROVVEDIMENTI-SANITARI-INFORMATIVACOMUNE-DI-CASTEL-MORRONE.pdf\">PROVVEDIMENTI SANITARI INFORMATIVA<\/a><br \/>\n<a href=\"https:\/\/centroprivacy.asmenet.it\/castelmorrone\/wp-content\/uploads\/sites\/117\/2018\/12\/RICERCA-FINANZIAMENTICOMUNE-DI-CASTEL-MORRONE.pdf\">RICERCA FINANZIAMENTI<\/a><br \/>\n<a href=\"https:\/\/centroprivacy.asmenet.it\/castelmorrone\/wp-content\/uploads\/sites\/117\/2018\/12\/RISCONTRI-AUTOCERTIFICAZIONI-INFORMATIVACOMUNE-DI-CASTEL-MORRONE.pdf\">RISCONTRI AUTOCERTIFICAZIONI INFORMATIVA<\/a><br \/>\n<a href=\"https:\/\/centroprivacy.asmenet.it\/castelmorrone\/wp-content\/uploads\/sites\/117\/2018\/12\/SEGNALAZIONI-INFORMATIVECOMUNE-DI-CASTEL-MORRONE.pdf\">SEGNALAZIONI INFORMATIVE<\/a><br \/>\n<a href=\"https:\/\/centroprivacy.asmenet.it\/castelmorrone\/wp-content\/uploads\/sites\/117\/2018\/12\/SERVIZI-A-DOMANDA-INDIVIDUALE-INFORMATIVACOMUNE-DI-CASTEL-MORRONE.pdf\">SERVIZI A DOMANDA INDIVIDUALE INFORMATIVA<\/a><br \/>\n<a href=\"https:\/\/centroprivacy.asmenet.it\/castelmorrone\/wp-content\/uploads\/sites\/117\/2018\/12\/SERVIZI-ON-LINE-INFORMATIVACOMUNE-DI-CASTEL-MORRONE.pdf\">SERVIZI ON LINE INFORMATIVA<\/a><br \/>\n<a href=\"https:\/\/centroprivacy.asmenet.it\/castelmorrone\/wp-content\/uploads\/sites\/117\/2018\/12\/SERVIZI-SCOLASTICI-INFORMATIVACOMUNE-DI-CASTEL-MORRONE.pdf\">SERVIZI SCOLASTICI INFORMATIVA<\/a><br \/>\n<a href=\"https:\/\/centroprivacy.asmenet.it\/castelmorrone\/wp-content\/uploads\/sites\/117\/2018\/12\/SICUREZZA-SUL-LAVORO-INFORMATIVACOMUNE-DI-CASTEL-MORRONE.pdf\">SICUREZZA SUL LAVORO INFORMATIVA<\/a><br \/>\n<a href=\"https:\/\/centroprivacy.asmenet.it\/castelmorrone\/wp-content\/uploads\/sites\/117\/2018\/12\/SISTEMA-INFORMATICO-INFORMATIVACOMUNE-DI-CASTEL-MORRONE.pdf\">SISTEMA INFORMATICO INFORMATIVA<\/a><br \/>\n<a href=\"https:\/\/centroprivacy.asmenet.it\/castelmorrone\/wp-content\/uploads\/sites\/117\/2018\/12\/SISTEMI-DI-VIDEOSORVEGLIANZA-INFORMATIVACOMUNE-DI-CASTEL-MORRONE.pdf\">SISTEMI DI VIDEOSORVEGLIANZA INFORMATIVA<\/a><br \/>\n<a href=\"https:\/\/centroprivacy.asmenet.it\/castelmorrone\/wp-content\/uploads\/sites\/117\/2018\/12\/SOCIALE-SERVIZI-PER-I-GIOVANI-INFORMATIVACOMUNE-DI-CASTEL-MORRONE.pdf\">SOCIALE &#8211; SERVIZI PER I GIOVANI INFORMATIVA<\/a><br \/>\n<a href=\"https:\/\/centroprivacy.asmenet.it\/castelmorrone\/wp-content\/uploads\/sites\/117\/2018\/12\/SOCIALE-ASSISTENZA-SCOLASTICA-INFORMATIVACOMUNE-DI-CASTEL-MORRONE.pdf\">SOCIALE ASSISTENZA SCOLASTICA INFORMATIVA<\/a><br \/>\n<a href=\"https:\/\/centroprivacy.asmenet.it\/castelmorrone\/wp-content\/uploads\/sites\/117\/2018\/12\/SOCIALE-DOMICILIARI-INFORMATIVA-COMUNE-DI-CASTEL-MORRONE.pdf\">SOCIALE DOMICILIARI INFORMATIVA <\/a><br \/>\n<a href=\"https:\/\/centroprivacy.asmenet.it\/castelmorrone\/wp-content\/uploads\/sites\/117\/2018\/12\/SOCIALE-LAVORO-INFORMATIVACOMUNE-DI-CASTEL-MORRONE.pdf\">SOCIALE LAVORO INFORMATIVA<\/a><br \/>\n<a href=\"https:\/\/centroprivacy.asmenet.it\/castelmorrone\/wp-content\/uploads\/sites\/117\/2018\/12\/SOCIALE-MONITORAGGIO-INFORMATIVACOMUNE-DI-CASTEL-MORRONE.pdf\">SOCIALE MONITORAGGIO INFORMATIVA<\/a><br \/>\n<a href=\"https:\/\/centroprivacy.asmenet.it\/castelmorrone\/wp-content\/uploads\/sites\/117\/2018\/12\/SOCIALE-SERVIZI-INFORMATIVACOMUNE-DI-CASTEL-MORRONE.pdf\">SOCIALE SERVIZI INFORMATIVA<\/a><br \/>\n<a href=\"https:\/\/centroprivacy.asmenet.it\/castelmorrone\/wp-content\/uploads\/sites\/117\/2018\/12\/SOCIALE-SOSTEGNO-ECONOMICO-INFORMATIVACOMUNE-DI-CASTEL-MORRONE.pdf\">SOCIALE SOSTEGNO ECONOMICO INFORMATIVA<\/a><br \/>\n<a href=\"https:\/\/centroprivacy.asmenet.it\/castelmorrone\/wp-content\/uploads\/sites\/117\/2018\/12\/SOCIALE-TUTELE-INFORMATIVACOMUNE-DI-CASTEL-MORRONE.pdf\">SOCIALE TUTELE INFORMATIVA<\/a><br \/>\n<a href=\"https:\/\/centroprivacy.asmenet.it\/castelmorrone\/wp-content\/uploads\/sites\/117\/2018\/12\/SOCIALE-AGEVOLAZIONI-TRIBUTARIE-INFORMATIVACOMUNE-DI-CASTEL-MORRONE.pdf\">SOCIALE-AGEVOLAZIONI TRIBUTARIE INFORMATIVA<\/a><br \/>\n<a href=\"https:\/\/centroprivacy.asmenet.it\/castelmorrone\/wp-content\/uploads\/sites\/117\/2018\/12\/SOCIALE-EDILIZIA-INFORMATIVACOMUNE-DI-CASTEL-MORRONE.pdf\">SOCIALE-EDILIZIA INFORMATIVA<\/a><br \/>\n<a href=\"https:\/\/centroprivacy.asmenet.it\/castelmorrone\/wp-content\/uploads\/sites\/117\/2018\/12\/STAFF-DI-GABINETTO-DEL-SINDACO-INFORMATIVACOMUNE-DI-CASTEL-MORRONE.pdf\">STAFF DI GABINETTO DEL SINDACO INFORMATIVA<\/a><br \/>\n<a href=\"https:\/\/centroprivacy.asmenet.it\/castelmorrone\/wp-content\/uploads\/sites\/117\/2018\/12\/STATISTICA-INFORMATIVACOMUNE-DI-CASTEL-MORRONE.pdf\">STATISTICA INFORMATIVA<\/a><br \/>\n<a href=\"https:\/\/centroprivacy.asmenet.it\/castelmorrone\/wp-content\/uploads\/sites\/117\/2018\/12\/STATO-CIVILE-INFORMATIVACOMUNE-DI-CASTEL-MORRONE.pdf\">STATO CIVILE INFORMATIVA<\/a><br \/>\n<a href=\"https:\/\/centroprivacy.asmenet.it\/castelmorrone\/wp-content\/uploads\/sites\/117\/2018\/12\/TRAFFICO-INFORMATIVACOMUNE-DI-CASTEL-MORRONE.pdf\">TRAFFICO INFORMATIVA<\/a><br \/>\n<a href=\"https:\/\/centroprivacy.asmenet.it\/castelmorrone\/wp-content\/uploads\/sites\/117\/2018\/12\/TRASPARENZA-ANTICORRUZIONE-INFORMATIVACOMUNE-DI-CASTEL-MORRONE.pdf\">TRASPARENZA ANTICORRUZIONE INFORMATIVA<\/a><br \/>\n<a href=\"https:\/\/centroprivacy.asmenet.it\/castelmorrone\/wp-content\/uploads\/sites\/117\/2018\/12\/VIOLAZIONI-E-SANZIONI-AMMINISTRATIVE-E-PENALI-INFORMATIVACOMUNE-DI-CASTEL-MORRONE.pdf\">VIOLAZIONI E SANZIONI AMMINISTRATIVE E PENALI INFORMATIVACOMUNE DI CASTEL MORRONE<\/a><\/p>\n<\/div>\n<\/div>\n","protected":false},"excerpt":{"rendered":"<p>ACCERTAMENTI POLIZIA MUNICIPALE INFORMATIVA ACCESSO CIVICO INFORMATIVA ACCORDI-CONVENZIONI INFORMATIVA ALBO PRETORIO INFORMATIVA ALIMENTI E BEVANDE INFORMATIVA AMBIENTE INFORMATIVA AMBIENTE RIFIUTI INFORMATIVA ANAGRAFE INFORMATIVA ANIMALI INFORMATIVA ARCHIVIO E PROTOCOLLO INFORMATIVA ASILI NIDO INFORMATIVA ASSEGNAZIONI INFORMATIVA ASSICURAZIONI INFORMATIVA ATTIVITA ANIMATORIALI INFORMATIVA AUTORIZZAZIONE PUBBLICA SICUREZZA INFORMATIVA AUTORIZZAZIONI INFORMATIVA BIBLIOTECA ARCHIVIO STORICO INFORMATIVA BIBLIOTECA INFORMATIVA CIMITERI INFORMATIVA COMMERCIO E [&hellip;]<\/p>\n","protected":false},"author":1,"featured_media":0,"parent":0,"menu_order":0,"comment_status":"closed","ping_status":"closed","template":"template-fullpage-nosidebar.php","meta":[],"_links":{"self":[{"href":"https:\/\/centroprivacy.asmenet.it\/castelmorrone\/index.php?rest_route=\/wp\/v2\/pages\/844"}],"collection":[{"href":"https:\/\/centroprivacy.asmenet.it\/castelmorrone\/index.php?rest_route=\/wp\/v2\/pages"}],"about":[{"href":"https:\/\/centroprivacy.asmenet.it\/castelmorrone\/index.php?rest_route=\/wp\/v2\/types\/page"}],"author":[{"embeddable":true,"href":"https:\/\/centroprivacy.asmenet.it\/castelmorrone\/index.php?rest_route=\/wp\/v2\/users\/1"}],"replies":[{"embeddable":true,"href":"https:\/\/centroprivacy.asmenet.it\/castelmorrone\/index.php?rest_route=%2Fwp%2Fv2%2Fcomments&post=844"}],"version-history":[{"count":20,"href":"https:\/\/centroprivacy.asmenet.it\/castelmorrone\/index.php?rest_route=\/wp\/v2\/pages\/844\/revisions"}],"predecessor-version":[{"id":1203,"href":"https:\/\/centroprivacy.asmenet.it\/castelmorrone\/index.php?rest_route=\/wp\/v2\/pages\/844\/revisions\/1203"}],"wp:attachment":[{"href":"https:\/\/centroprivacy.asmenet.it\/castelmorrone\/index.php?rest_route=%2Fwp%2Fv2%2Fmedia&parent=844"}],"curies":[{"name":"wp","href":"https:\/\/api.w.org\/{rel}","templated":true}]}}