{"id":841,"date":"2018-05-31T12:43:21","date_gmt":"2018-05-31T10:43:21","guid":{"rendered":"https:\/\/centroprivacy.asmenet.it\/dragoni\/?page_id=841"},"modified":"2023-02-23T11:47:48","modified_gmt":"2023-02-23T10:47:48","slug":"privacy","status":"publish","type":"page","link":"https:\/\/centroprivacy.asmenet.it\/dragoni\/?page_id=841","title":{"rendered":"PRIVACY"},"content":{"rendered":"<div class=\"entry-content\" role=\"article\">\n<div class=\"paragraph paragraph--type--contenuto paragraph--view-mode--default\">\n<div class=\"field field--name-field-contenuto field--type-text-long field--label-hidden field__item editor-text\">\n<header class=\"entry-header clearfix\">\n<h1>INFORMATIVA per il trattamento dei dati personali ai sensi dell\u2019art 13 del Regolamento europeo n. 679\/2016<\/h1>\n<p>&nbsp;<\/p>\n<h3>1. Premessa<\/h3>\n<p>Ai sensi dell\u2019art. 13 del Regolamento europeo n. 679\/2016, il\u00a0 Comune di Dragoni, in qualit\u00e0 di \u201cTitolare\u201d del trattamento, \u00e8 tenuta a fornirle informazioni in merito all\u2019utilizzo dei suoi dati personali.<\/p>\n<p>&nbsp;<\/p>\n<h3>2.\u00a0\u00a0 Identit\u00e0 e i dati di contatto del titolare del trattamento<\/h3>\n<p>Il Titolare del trattamento dei dati personali di cui alla presente Informativa \u00e8 il\u00a0 Comune di Dragoni, con sede in Via Roma - 81010 - Dragoni &#8211; pec: <a href=\"mailto:protocollo.comune.dragoni@pec.it\" style=\"word-break: break-all; display: inline-block;\">protocollo.comune.dragoni@pec.it<\/a> . il quale in qualit\u00e0 di titolare tratter\u00e0 i dati personali conferiti con modalit\u00e0 prevalentemente informatiche e telematiche, per le finalit\u00e0 previste dal Regolamento (UE) 2016\/679 (RGPD), in particolare per l&#8217;esecuzione dei propri compiti di interesse pubblico o comunque connessi all&#8217;esercizio dei propri pubblici poteri, ivi incluse le finalit\u00e0 di archiviazione, di ricerca storica e di analisi per scopi statistici.<\/p>\n<p>&nbsp;<\/p>\n<h3>3.\u00a0\u00a0 Il Responsabile della protezione dei dati personali<\/h3>\n<p>Il\u00a0 Comune di Dragoni ha designato quale Responsabile della protezione dei dati la societ\u00e0 <a href=\"http:\/\/www.asmenet.it\/\">ASMENET S.C.A.R.L.<\/a> (<a href=\"mailto:supporto.asmenet@asmepec.it\">supporto.asmenet@asmepec.it<\/a>)<\/p>\n<p>&nbsp;<\/p>\n<h3>4.\u00a0\u00a0 Responsabili del trattamento<\/h3>\n<p>L\u2019Ente pu\u00f2 avvalersi di soggetti terzi per l\u2019espletamento di attivit\u00e0 e relativi trattamenti di dati personali di cui l\u2019Ente ha la titolarit\u00e0. Conformemente a quanto stabilito dalla normativa, tali soggetti assicurano livelli esperienza, capacit\u00e0 e affidabilit\u00e0 tali da garantire il rispetto delle vigenti disposizioni in materia di trattamento, ivi compreso il profilo della sicurezza dei dati.<br \/>\nVengono formalizzate da parte dell\u2019Ente istruzioni, compiti ed oneri in capo a tali soggetti terzi con la designazione degli stessi a &#8220;Responsabili del trattamento&#8221;. Vengono sottoposti tali soggetti a verifiche periodiche al fine di constatare il mantenimento dei livelli di garanzia registrati in occasione dell\u2019affidamento dell\u2019incarico iniziale.<\/p>\n<p>&nbsp;<\/p>\n<h3>5.\u00a0\u00a0 Soggetti autorizzati al trattamento<\/h3>\n<p>I Suoi dati personali sono trattati da personale interno previamente autorizzato e designato quale incaricato del trattamento, a cui sono impartite idonee istruzioni in ordine a misure, accorgimenti, modus operandi, tutti volti alla concreta tutela dei tuoi dati personali.<\/p>\n<p>&nbsp;<\/p>\n<h3>6.\u00a0\u00a0 Finalit\u00e0 e base giuridica del trattamento<\/h3>\n<p>Il trattamento dei suoi dati personali viene effettuato dal Comune di Dragoni per lo svolgimento di funzioni istituzionali e, pertanto, ai sensi dell\u2019art. 6 comma 1 lett. e) non necessita del suo consenso.<\/p>\n<p>I dati personali sono in relazione al procedimento ed alle attivit\u00e0 correlate.<\/p>\n<p>&nbsp;<\/p>\n<h3>7.\u00a0\u00a0 Destinatari dei dati personali<\/h3>\n<p>I suoi dati personali potranno essere comunicati ad altri Enti competenti di cui si avvale il Comune, al solo scopo di procedere all\u2019istruttoria della pratica.<\/p>\n<p>&nbsp;<\/p>\n<h3>8.\u00a0\u00a0 Trasferimento dei dati personali a Paesi extra UE<\/h3>\n<p>I suoi dati personali non sono trasferiti al di fuori dell\u2019Unione europea.<\/p>\n<p>&nbsp;<\/p>\n<h3>9.\u00a0\u00a0 Periodo di conservazione<\/h3>\n<p>I suoi dati sono conservati per un periodo non superiore a quello necessario per il perseguimento delle finalit\u00e0 sopra menzionate. A tal fine, anche mediante controlli periodici, viene verificata costantemente la stretta pertinenza, non eccedenza e indispensabilit\u00e0 dei dati rispetto al rapporto, alla prestazione o all&#8217;incarico in corso, da instaurare o cessati, anche con riferimento ai dati che Lei fornisce di propria iniziativa. I dati che, anche a seguito delle verifiche, risultano eccedenti o non pertinenti o non indispensabili non sono utilizzati, salvo che per l&#8217;eventuale conservazione, a norma di legge, dell&#8217;atto o del documento che li contiene.<\/p>\n<p>&nbsp;<\/p>\n<h3>10.\u00a0\u00a0\u00a0 I suoi diritti<\/h3>\n<p>Nella sua qualit\u00e0 di interessato,\u00a0Lei potr\u00e0, in qualsiasi momento, esercitare i\u00a0<span lang=\"zxx\" xml:lang=\"zxx\"><u><strong>diritti<\/strong><\/u><\/span>:<\/p>\n<ul>\n<li>di richiedere maggiori informazioni in relazione ai contenuti della presente informativa<\/li>\n<li>di accesso ai dati personali;<\/li>\n<li>di ottenere la rettifica o la cancellazione degli stessi o la limitazione del trattamento che lo riguardano (nei casi previsti dalla normativa);<\/li>\n<li>di opporsi al trattamento (nei casi previsti dalla normativa);<\/li>\n<li>alla portabilit\u00e0 dei dati (nei casi previsti dalla normativa);<\/li>\n<li>di revocare il consenso, ove previsto; la revoca del consenso non pregiudica la liceit\u00e0 del trattamento basata sul consenso conferito prima della revoca;<\/li>\n<li>di proporre reclamo all&#8217;autorit\u00e0 di controllo (Garante Privacy);<\/li>\n<li>di dare mandato a un organismo, un&#8217;organizzazione o un&#8217;associazione senza scopo di lucro per l&#8217;esercizio dei suoi diritti;<\/li>\n<li>di richiedere il risarcimento dei danni conseguenti alla violazione della normativa.<\/li>\n<\/ul>\n<p>&nbsp;<\/p>\n<h3>11.\u00a0\u00a0\u00a0 Conferimento dei dati<\/h3>\n<p>Il conferimento dei Suoi dati \u00e8 facoltativo, ma necessario per le finalit\u00e0 sopra indicate. Il mancato conferimento comporter\u00e0 l\u2019impossibilit\u00e0 di procedere all\u2019istruttoria da Lei richiesta.<\/p>\n<\/header>\n<\/div>\n<\/div>\n<div class=\"paragraph paragraph--type--contenuto paragraph--view-mode--default\">\n<div class=\"field field--name-field-contenuto field--type-text-long field--label-hidden field__item editor-text\">\n<p>&nbsp;<\/p>\n<\/div>\n<\/div>\n<\/div>\n\n<p><a href=\"https:\/\/centroprivacy.asmenet.it\/dragoni\/wp-content\/uploads\/sites\/31\/2023\/02\/ACCESSO-CIVICO-COMUNE-DI-DRAGONI.pdf\">ACCESSO CIVICO <\/a><br \/>\n<a href=\"https:\/\/centroprivacy.asmenet.it\/dragoni\/wp-content\/uploads\/sites\/31\/2023\/02\/ASSICURAZIONI-COMUNE-DI-DRAGONI.pdf\">ASSICURAZIONI <\/a><br \/>\n<a href=\"https:\/\/centroprivacy.asmenet.it\/dragoni\/wp-content\/uploads\/sites\/31\/2023\/02\/ASILI-NIDO-E-SCUOLA-DELLINFANZIA-COMUNE-DI-DRAGONI.pdf\">ASILI NIDO E SCUOLA DELL&#8217;INFANZIA <\/a><br \/>\n<a href=\"https:\/\/centroprivacy.asmenet.it\/dragoni\/wp-content\/uploads\/sites\/31\/2023\/02\/ARCHIVIO-STORICO-COMUNE-DI-DRAGONI.pdf\">ARCHIVIO STORICO <\/a><br \/>\n<a href=\"https:\/\/centroprivacy.asmenet.it\/dragoni\/wp-content\/uploads\/sites\/31\/2023\/02\/ARCHIVIO-E-PROTOCOLLO-COMUNE-DI-DRAGONI.pdf\">ARCHIVIO E PROTOCOLLO <\/a><br \/>\n<a href=\"https:\/\/centroprivacy.asmenet.it\/dragoni\/wp-content\/uploads\/sites\/31\/2023\/02\/ANAGRAFE-COMUNE-DI-DRAGONI.pdf\">ANAGRAFE <\/a><br \/>\n<a href=\"https:\/\/centroprivacy.asmenet.it\/dragoni\/wp-content\/uploads\/sites\/31\/2023\/02\/ANAGRAFE-CANINA-COMUNE-DI-DRAGONI.pdf\">ANAGRAFE CANINA <\/a><br \/>\n<a href=\"https:\/\/centroprivacy.asmenet.it\/dragoni\/wp-content\/uploads\/sites\/31\/2023\/02\/ALIMENTI-E-BEVANDE-COMUNE-DI-DRAGONI.pdf\">ALIMENTI E BEVANDE <\/a><br \/>\n<a href=\"https:\/\/centroprivacy.asmenet.it\/dragoni\/wp-content\/uploads\/sites\/31\/2023\/02\/ALBO-PRETORIO-COMUNE-DI-DRAGONI.pdf\">ALBO PRETORIO <\/a><br \/>\n<a href=\"https:\/\/centroprivacy.asmenet.it\/dragoni\/wp-content\/uploads\/sites\/31\/2023\/02\/AGEVOLAZIONI-TRIBUTARIE-COMUNE-DI-DRAGONI.pdf\">AGEVOLAZIONI TRIBUTARIE <\/a><br \/>\n<a href=\"https:\/\/centroprivacy.asmenet.it\/dragoni\/wp-content\/uploads\/sites\/31\/2023\/02\/ACCORDI-CONVENZIONI-COMUNE-DI-DRAGONI.pdf\">ACCORDI-CONVENZIONI <\/a><br \/>\n<a href=\"https:\/\/centroprivacy.asmenet.it\/dragoni\/wp-content\/uploads\/sites\/31\/2023\/02\/COMMERCIO-E-AGRICOLTURA-COMUNE-DI-DRAGONI.pdf\">COMMERCIO E AGRICOLTURA <\/a><br \/>\n<a href=\"https:\/\/centroprivacy.asmenet.it\/dragoni\/wp-content\/uploads\/sites\/31\/2023\/02\/CIMITERI-COMUNE-DI-DRAGONI.pdf\">CIMITERI <\/a><br \/>\n<a href=\"https:\/\/centroprivacy.asmenet.it\/dragoni\/wp-content\/uploads\/sites\/31\/2023\/02\/BIBLIOTECA-COMUNE-DI-DRAGONI.pdf\">BIBLIOTECA <\/a><br \/>\n<a href=\"https:\/\/centroprivacy.asmenet.it\/dragoni\/wp-content\/uploads\/sites\/31\/2023\/02\/AUTORIZZAZIONI-COMUNE-DI-DRAGONI.pdf\">AUTORIZZAZIONI <\/a><br \/>\n<a href=\"https:\/\/centroprivacy.asmenet.it\/dragoni\/wp-content\/uploads\/sites\/31\/2023\/02\/AUTORIZZAZIONE-PUBBLICA-SICUREZZA-COMUNE-DI-DRAGONI.pdf\">AUTORIZZAZIONE PUBBLICA SICUREZZA <\/a><br \/>\n<a href=\"https:\/\/centroprivacy.asmenet.it\/dragoni\/wp-content\/uploads\/sites\/31\/2023\/02\/AUTOCERTIFICAZIONI-COMUNE-DI-DRAGONI.pdf\">AUTOCERTIFICAZIONI <\/a><br \/>\n<a href=\"https:\/\/centroprivacy.asmenet.it\/dragoni\/wp-content\/uploads\/sites\/31\/2023\/02\/ATTIVITA-PER-I-MINORI-COMUNE-DI-DRAGONI.pdf\">ATTIVITA&#8217; PER I MINORI <\/a><br \/>\n<a href=\"https:\/\/centroprivacy.asmenet.it\/dragoni\/wp-content\/uploads\/sites\/31\/2023\/02\/ASSISTENZA-SCOLASTICA-COMUNE-DI-DRAGONI.pdf\">ASSISTENZA SCOLASTICA <\/a><br \/>\n<a href=\"https:\/\/centroprivacy.asmenet.it\/dragoni\/wp-content\/uploads\/sites\/31\/2023\/02\/ASSISTENZA-DOMICILIARE-COMUNE-DI-DRAGONI.pdf\">ASSISTENZA DOMICILIARE <\/a><br \/>\n<a href=\"https:\/\/centroprivacy.asmenet.it\/dragoni\/wp-content\/uploads\/sites\/31\/2023\/02\/CONCESSIONI-TEMPORANEE-SPAZI-COMUNE-DI-DRAGONI.pdf\">CONCESSIONI TEMPORANEE SPAZI <\/a><br \/>\n<a href=\"https:\/\/centroprivacy.asmenet.it\/dragoni\/wp-content\/uploads\/sites\/31\/2023\/02\/EDILIZIA-SOCIALE-COMUNE-DI-DRAGONI.pdf\">EDILIZIA SOCIALE <\/a><br \/>\n<a href=\"https:\/\/centroprivacy.asmenet.it\/dragoni\/wp-content\/uploads\/sites\/31\/2023\/02\/DEMOCRAZIA-PARTECIPATIVA-COMUNE-DI-DRAGONI.pdf\">DEMOCRAZIA PARTECIPATIVA <\/a><br \/>\n<a href=\"https:\/\/centroprivacy.asmenet.it\/dragoni\/wp-content\/uploads\/sites\/31\/2023\/02\/COVID-COMUNE-DI-DRAGONI.pdf\">COVID <\/a><br \/>\n<a href=\"https:\/\/centroprivacy.asmenet.it\/dragoni\/wp-content\/uploads\/sites\/31\/2023\/02\/CONTROLLO-PARTECIPATE-COMUNE-DI-DRAGONI.pdf\">CONTROLLO PARTECIPATE <\/a><br \/>\n<a href=\"https:\/\/centroprivacy.asmenet.it\/dragoni\/wp-content\/uploads\/sites\/31\/2023\/02\/CONTROLLO-ACCESSI-COMUNE-DI-DRAGONI.pdf\">CONTROLLO ACCESSI <\/a><br \/>\n<a href=\"https:\/\/centroprivacy.asmenet.it\/dragoni\/wp-content\/uploads\/sites\/31\/2023\/02\/CONTRIBUTI-PER-EVENTI-ECCEZIONALI-COMUNE-DI-DRAGONI.pdf\">CONTRIBUTI PER EVENTI ECCEZIONALI <\/a><br \/>\n<a href=\"https:\/\/centroprivacy.asmenet.it\/dragoni\/wp-content\/uploads\/sites\/31\/2023\/02\/CONTRATTI-COMUNE-DI-DRAGONI.pdf\">CONTRATTI <\/a><br \/>\n<a href=\"https:\/\/centroprivacy.asmenet.it\/dragoni\/wp-content\/uploads\/sites\/31\/2023\/02\/CONTENZIOSO-COMUNE-DI-DRAGONI.pdf\">CONTENZIOSO <\/a><br \/>\n<a href=\"https:\/\/centroprivacy.asmenet.it\/dragoni\/wp-content\/uploads\/sites\/31\/2023\/02\/CONSULTAZIONI-ELETTORALI-COMUNE-DI-DRAGONI.pdf\">CONSULTAZIONI ELETTORALI <\/a><br \/>\n<a href=\"https:\/\/centroprivacy.asmenet.it\/dragoni\/wp-content\/uploads\/sites\/31\/2023\/02\/CONSERVAZIONE-SOSTITUTIVA-COMUNE-DI-DRAGONI.pdf\">CONSERVAZIONE SOSTITUTIVA <\/a><br \/>\n<a href=\"https:\/\/centroprivacy.asmenet.it\/dragoni\/wp-content\/uploads\/sites\/31\/2023\/02\/IGIENE-URBANA-COMUNE-DI-DRAGONI.pdf\">IGIENE URBANA <\/a><br \/>\n<a href=\"https:\/\/centroprivacy.asmenet.it\/dragoni\/wp-content\/uploads\/sites\/31\/2023\/02\/GIUDICI-POPOLARI-COMUNE-DI-DRAGONI.pdf\">GIUDICI POPOLARI <\/a><br \/>\n<a href=\"https:\/\/centroprivacy.asmenet.it\/dragoni\/wp-content\/uploads\/sites\/31\/2023\/02\/GESTIONE-PERSONALE-COMUNE-DI-DRAGONI.pdf\">GESTIONE PERSONALE <\/a><br \/>\n<a href=\"https:\/\/centroprivacy.asmenet.it\/dragoni\/wp-content\/uploads\/sites\/31\/2023\/02\/GESTIONE-PATRIMONIO-COMUNE-DI-DRAGONI.pdf\">GESTIONE PATRIMONIO <\/a><br \/>\n<a href=\"https:\/\/centroprivacy.asmenet.it\/dragoni\/wp-content\/uploads\/sites\/31\/2023\/02\/GESTIONE-ECONOMICA-COMUNE-DI-DRAGONI.pdf\">GESTIONE ECONOMICA <\/a><br \/>\n<a href=\"https:\/\/centroprivacy.asmenet.it\/dragoni\/wp-content\/uploads\/sites\/31\/2023\/02\/GARE-E-APPALTI-COMUNE-DI-DRAGONI.pdf\">GARE E APPALTI <\/a><br \/>\n<a href=\"https:\/\/centroprivacy.asmenet.it\/dragoni\/wp-content\/uploads\/sites\/31\/2023\/02\/ESTERNALIZZAZIONI-COMUNE-DI-DRAGONI.pdf\">ESTERNALIZZAZIONI <\/a><br \/>\n<a href=\"https:\/\/centroprivacy.asmenet.it\/dragoni\/wp-content\/uploads\/sites\/31\/2023\/02\/ESPROPRI-COMUNE-DI-DRAGONI.pdf\">ESPROPRI <\/a><br \/>\n<a href=\"https:\/\/centroprivacy.asmenet.it\/dragoni\/wp-content\/uploads\/sites\/31\/2023\/02\/ENTRATE-TRIBUTI-COMUNE-DI-DRAGONI.pdf\">ENTRATE TRIBUTI <\/a><br \/>\n<a href=\"https:\/\/centroprivacy.asmenet.it\/dragoni\/wp-content\/uploads\/sites\/31\/2023\/02\/ELETTORALE-COMUNE-DI-DRAGONI.pdf\">ELETTORALE <\/a><br \/>\n<a href=\"https:\/\/centroprivacy.asmenet.it\/dragoni\/wp-content\/uploads\/sites\/31\/2023\/02\/POLIZIA-MUNICIPALE-ACCERTAMENTI-COMUNE-DI-DRAGONI.pdf\">POLIZIA MUNICIPALE ACCERTAMENTI <\/a><br \/>\n<a href=\"https:\/\/centroprivacy.asmenet.it\/dragoni\/wp-content\/uploads\/sites\/31\/2023\/02\/POLIZIA-AMMINISTRATIVA-COMUNE-DI-DRAGONI.pdf\">POLIZIA AMMINISTRATIVA <\/a><br \/>\n<a href=\"https:\/\/centroprivacy.asmenet.it\/dragoni\/wp-content\/uploads\/sites\/31\/2023\/02\/ORGANI-ISTITUZIONALI-COMUNE-DI-DRAGONI.pdf\">ORGANI ISTITUZIONALI <\/a><br \/>\n<a href=\"https:\/\/centroprivacy.asmenet.it\/dragoni\/wp-content\/uploads\/sites\/31\/2023\/02\/ORDINANZE-COMUNE-DI-DRAGONI.pdf\">ORDINANZE <\/a><br \/>\n<a href=\"https:\/\/centroprivacy.asmenet.it\/dragoni\/wp-content\/uploads\/sites\/31\/2023\/02\/OPERE-PUBBLICHE-COMUNE-DI-DRAGONI.pdf\">OPERE PUBBLICHE <\/a><br \/>\n<a href=\"https:\/\/centroprivacy.asmenet.it\/dragoni\/wp-content\/uploads\/sites\/31\/2023\/02\/OCCUPAZIONE-GIOVANILE-COMUNE-DI-DRAGONI.pdf\">OCCUPAZIONE GIOVANILE <\/a><br \/>\n<a href=\"https:\/\/centroprivacy.asmenet.it\/dragoni\/wp-content\/uploads\/sites\/31\/2023\/02\/MESI-E-NOTIFICHE-COMUNE-DI-DRAGONI.pdf\">MESI E NOTIFICHE <\/a><br \/>\n<a href=\"https:\/\/centroprivacy.asmenet.it\/dragoni\/wp-content\/uploads\/sites\/31\/2023\/02\/MANIFESTAZIONI-PUBBLICHE-COMUNE-DI-DRAGONI.pdf\">MANIFESTAZIONI PUBBLICHE <\/a><br \/>\n<a href=\"https:\/\/centroprivacy.asmenet.it\/dragoni\/wp-content\/uploads\/sites\/31\/2023\/02\/LEVA-MILITARE-COMUNE-DI-DRAGONI.pdf\">LEVA MILITARE <\/a><br \/>\n<a href=\"https:\/\/centroprivacy.asmenet.it\/dragoni\/wp-content\/uploads\/sites\/31\/2023\/02\/LASCITI-E-DONAZIONI-COMUNE-DI-DRAGONI.pdf\">LASCITI E DONAZIONI <\/a><br \/>\n<a href=\"https:\/\/centroprivacy.asmenet.it\/dragoni\/wp-content\/uploads\/sites\/31\/2023\/02\/PROVVEDIMENTI-SANITARI-TSO-SEQUESTRI-COMUNE-DI-DRAGONI.pdf\">PROVVEDIMENTI SANITARI &#8211; TSO &#8211; SEQUESTRI <\/a><br \/>\n<a href=\"https:\/\/centroprivacy.asmenet.it\/dragoni\/wp-content\/uploads\/sites\/31\/2023\/02\/PROTEZIONE-DEI-DATI-PERSONALI-COMUNE-DI-DRAGONI.pdf\">PROTEZIONE DEI DATI PERSONALI <\/a><br \/>\n<a href=\"https:\/\/centroprivacy.asmenet.it\/dragoni\/wp-content\/uploads\/sites\/31\/2023\/02\/PROTEZIONE-CIVILE-COMUNE-DI-DRAGONI.pdf\">PROTEZIONE CIVILE <\/a><br \/>\n<a href=\"https:\/\/centroprivacy.asmenet.it\/dragoni\/wp-content\/uploads\/sites\/31\/2023\/02\/PROMOZIONE-E-INFORMAZIONE-COMUNE-DI-DRAGONI.pdf\">PROMOZIONE E INFORMAZIONE <\/a><br \/>\n<a href=\"https:\/\/centroprivacy.asmenet.it\/dragoni\/wp-content\/uploads\/sites\/31\/2023\/02\/PROGRAMMAZIONE-ORGANIZZAZIONE-CONTROLLO-COMUNE-DI-DRAGONI.pdf\">PROGRAMMAZIONE-ORGANIZZAZIONE-CONTROLLO <\/a><br \/>\n<a href=\"https:\/\/centroprivacy.asmenet.it\/dragoni\/wp-content\/uploads\/sites\/31\/2023\/02\/POLIZIA-MUNICIPALE-VIOLAZIONI-E-SANZIONI-AMMINISTRATIVE-E-PENALI-COMUNE-DI-DRAGONI.pdf\">POLIZIA MUNICIPALE VIOLAZIONI E SANZIONI AMMINISTRATIVE E PENALI <\/a><br \/>\n<a href=\"https:\/\/centroprivacy.asmenet.it\/dragoni\/wp-content\/uploads\/sites\/31\/2023\/02\/POLIZIA-MUNICIPALE-POLIZIA-GIUDIZIARIA-COMUNE-DI-DRAGONI.pdf\">POLIZIA MUNICIPALE POLIZIA GIUDIZIARIA <\/a><br \/>\n<a href=\"https:\/\/centroprivacy.asmenet.it\/dragoni\/wp-content\/uploads\/sites\/31\/2023\/02\/POLIZIA-MUNICIPALE-NOTIZIE-DI-REATO-COMUNE-DI-DRAGONI.pdf\">POLIZIA MUNICIPALE NOTIZIE DI REATO <\/a><br \/>\n<a href=\"https:\/\/centroprivacy.asmenet.it\/dragoni\/wp-content\/uploads\/sites\/31\/2023\/02\/POLIZIA-MUNICIPALE-INCIDENTI-STRADALI-COMUNE-DI-DRAGONI.pdf\">POLIZIA MUNICIPALE INCIDENTI STRADALI <\/a><br \/>\n<a href=\"https:\/\/centroprivacy.asmenet.it\/dragoni\/wp-content\/uploads\/sites\/31\/2023\/02\/POLIZIA-MUNICIPALE-ILLECITI-EDILIZI-COMUNE-DI-DRAGONI.pdf\">POLIZIA MUNICIPALE ILLECITI EDILIZI <\/a><br \/>\n<a href=\"https:\/\/centroprivacy.asmenet.it\/dragoni\/wp-content\/uploads\/sites\/31\/2023\/02\/SPORTELLO-UNICO-EDILIZIA-SUE-COMUNE-DI-DRAGONI.pdf\">SPORTELLO UNICO EDILIZIA &#8211; SUE <\/a><br \/>\n<a href=\"https:\/\/centroprivacy.asmenet.it\/dragoni\/wp-content\/uploads\/sites\/31\/2023\/02\/SOSTEGNO-ECONOMICO-COMUNE-DI-DRAGONI.pdf\">SOSTEGNO ECONOMICO <\/a><br \/>\n<a href=\"https:\/\/centroprivacy.asmenet.it\/dragoni\/wp-content\/uploads\/sites\/31\/2023\/02\/SOCIALE-LAVORO-COMUNE-DI-DRAGONI.pdf\">SOCIALE LAVORO <\/a><br \/>\n<a href=\"https:\/\/centroprivacy.asmenet.it\/dragoni\/wp-content\/uploads\/sites\/31\/2023\/02\/SISTEMA-INFORMATICO-COMUNE-DI-DRAGONI.pdf\">SISTEMA INFORMATICO <\/a><br \/>\n<a href=\"https:\/\/centroprivacy.asmenet.it\/dragoni\/wp-content\/uploads\/sites\/31\/2023\/02\/SICUREZZA-SUL-LAVORO-COMUNE-DI-DRAGONI.pdf\">SICUREZZA SUL LAVORO <\/a><br \/>\n<a href=\"https:\/\/centroprivacy.asmenet.it\/dragoni\/wp-content\/uploads\/sites\/31\/2023\/02\/SERVIZI-SOCIALI-COMUNE-DI-DRAGONI.pdf\">SERVIZI SOCIALI <\/a><br \/>\n<a href=\"https:\/\/centroprivacy.asmenet.it\/dragoni\/wp-content\/uploads\/sites\/31\/2023\/02\/SERVIZI-SCOLASTICI-COMUNE-DI-DRAGONI.pdf\">SERVIZI SCOLASTICI <\/a><br \/>\n<a href=\"https:\/\/centroprivacy.asmenet.it\/dragoni\/wp-content\/uploads\/sites\/31\/2023\/02\/SERVIZI-ON-LINE-COMUNE-DI-DRAGONI.pdf\">SERVIZI ON LINE <\/a><br \/>\n<a href=\"https:\/\/centroprivacy.asmenet.it\/dragoni\/wp-content\/uploads\/sites\/31\/2023\/02\/SERVIZI-A-DOMANDA-INDIVIDUALE-COMUNE-DI-DRAGONI.pdf\">SERVIZI A DOMANDA INDIVIDUALE <\/a><br \/>\n<a href=\"https:\/\/centroprivacy.asmenet.it\/dragoni\/wp-content\/uploads\/sites\/31\/2023\/02\/SEGNALAZIONI-COMUNE-DI-DRAGONI.pdf\">SEGNALAZIONI <\/a><br \/>\n<a href=\"https:\/\/centroprivacy.asmenet.it\/dragoni\/wp-content\/uploads\/sites\/31\/2023\/02\/VIDEOSORVEGLIANZA-COMUNE-DI-DRAGONI.pdf\">VIDEOSORVEGLIANZA <\/a><br \/>\n<a href=\"https:\/\/centroprivacy.asmenet.it\/dragoni\/wp-content\/uploads\/sites\/31\/2023\/02\/TUTELA-GIURIDICA-COMUNE-DI-DRAGONI.pdf\">TUTELA GIURIDICA <\/a><br \/>\n<a href=\"https:\/\/centroprivacy.asmenet.it\/dragoni\/wp-content\/uploads\/sites\/31\/2023\/02\/TUTELA-AMBIENTALE-E-DECORO-URBANO-COMUNE-DI-DRAGONI.pdf\">TUTELA AMBIENTALE E DECORO URBANO <\/a><br \/>\n<a href=\"https:\/\/centroprivacy.asmenet.it\/dragoni\/wp-content\/uploads\/sites\/31\/2023\/02\/TRASPARENZA-ANTICORRUZIONE-COMUNE-DI-DRAGONI.pdf\">TRASPARENZA ANTICORRUZIONE <\/a><br \/>\n<a href=\"https:\/\/centroprivacy.asmenet.it\/dragoni\/wp-content\/uploads\/sites\/31\/2023\/02\/TRAFFICO-PERMESSI-COMUNE-DI-DRAGONI.pdf\">TRAFFICO PERMESSI <\/a><br \/>\n<a href=\"https:\/\/centroprivacy.asmenet.it\/dragoni\/wp-content\/uploads\/sites\/31\/2023\/02\/SUAP-COMUNE-DI-DRAGONI.pdf\">SUAP <\/a><br \/>\n<a href=\"https:\/\/centroprivacy.asmenet.it\/dragoni\/wp-content\/uploads\/sites\/31\/2023\/02\/STRUMENTI-DI-PROMOZIONE-DEL-TERRITORIO-COMUNE-DI-DRAGONI.pdf\">STRUMENTI DI PROMOZIONE DEL TERRITORIO <\/a><br \/>\n<a href=\"https:\/\/centroprivacy.asmenet.it\/dragoni\/wp-content\/uploads\/sites\/31\/2023\/02\/STATO-CIVILE-COMUNE-DI-DRAGONI.pdf\">STATO CIVILE <\/a><br \/>\n<a href=\"https:\/\/centroprivacy.asmenet.it\/dragoni\/wp-content\/uploads\/sites\/31\/2023\/02\/STATISTICA-COMUNE-DI-DRAGONI.pdf\">STATISTICA <\/a><br \/>\n<a href=\"https:\/\/centroprivacy.asmenet.it\/dragoni\/wp-content\/uploads\/sites\/31\/2023\/02\/STAFF-DI-GABINETTO-DEL-SINDACO-COMUNE-DI-DRAGONI.pdf\">STAFF DI GABINETTO DEL SINDACO <\/a><\/p>\n","protected":false},"excerpt":{"rendered":"<p>ACCESSO CIVICO ASSICURAZIONI ASILI NIDO E SCUOLA DELL&#8217;INFANZIA ARCHIVIO STORICO ARCHIVIO E PROTOCOLLO ANAGRAFE ANAGRAFE CANINA ALIMENTI E BEVANDE ALBO PRETORIO AGEVOLAZIONI TRIBUTARIE ACCORDI-CONVENZIONI COMMERCIO E AGRICOLTURA CIMITERI BIBLIOTECA AUTORIZZAZIONI AUTORIZZAZIONE PUBBLICA SICUREZZA AUTOCERTIFICAZIONI ATTIVITA&#8217; PER I MINORI ASSISTENZA SCOLASTICA ASSISTENZA DOMICILIARE CONCESSIONI TEMPORANEE SPAZI EDILIZIA SOCIALE DEMOCRAZIA PARTECIPATIVA COVID CONTROLLO PARTECIPATE CONTROLLO ACCESSI CONTRIBUTI [&hellip;]<\/p>\n","protected":false},"author":1,"featured_media":0,"parent":0,"menu_order":0,"comment_status":"closed","ping_status":"closed","template":"template-fullpage-nosidebar.php","meta":[],"_links":{"self":[{"href":"https:\/\/centroprivacy.asmenet.it\/dragoni\/index.php?rest_route=\/wp\/v2\/pages\/841"}],"collection":[{"href":"https:\/\/centroprivacy.asmenet.it\/dragoni\/index.php?rest_route=\/wp\/v2\/pages"}],"about":[{"href":"https:\/\/centroprivacy.asmenet.it\/dragoni\/index.php?rest_route=\/wp\/v2\/types\/page"}],"author":[{"embeddable":true,"href":"https:\/\/centroprivacy.asmenet.it\/dragoni\/index.php?rest_route=\/wp\/v2\/users\/1"}],"replies":[{"embeddable":true,"href":"https:\/\/centroprivacy.asmenet.it\/dragoni\/index.php?rest_route=%2Fwp%2Fv2%2Fcomments&post=841"}],"version-history":[{"count":4,"href":"https:\/\/centroprivacy.asmenet.it\/dragoni\/index.php?rest_route=\/wp\/v2\/pages\/841\/revisions"}],"predecessor-version":[{"id":1230,"href":"https:\/\/centroprivacy.asmenet.it\/dragoni\/index.php?rest_route=\/wp\/v2\/pages\/841\/revisions\/1230"}],"wp:attachment":[{"href":"https:\/\/centroprivacy.asmenet.it\/dragoni\/index.php?rest_route=%2Fwp%2Fv2%2Fmedia&parent=841"}],"curies":[{"name":"wp","href":"https:\/\/api.w.org\/{rel}","templated":true}]}}