{"id":844,"date":"2018-05-29T10:17:42","date_gmt":"2018-05-29T08:17:42","guid":{"rendered":"https:\/\/centroprivacy.asmenet.it\/gioiasannitica\/?page_id=844"},"modified":"2020-06-29T16:32:16","modified_gmt":"2020-06-29T14:32:16","slug":"privacy","status":"publish","type":"page","link":"https:\/\/centroprivacy.asmenet.it\/gioiasannitica\/?page_id=844","title":{"rendered":"Privacy"},"content":{"rendered":"<div class=\"entry-content\" role=\"article\">\n<div class=\"paragraph paragraph--type--contenuto paragraph--view-mode--default\">\n<div class=\"field field--name-field-contenuto field--type-text-long field--label-hidden field__item editor-text\">\n<header class=\"entry-header clearfix\">\n<h1>INFORMATIVA per il trattamento dei dati personali ai sensi dell\u2019art 13 del Regolamento europeo n. 679\/2016<\/h1>\n<p>&nbsp;<\/p>\n<h3>1. Premessa<\/h3>\n<p>Ai sensi dell\u2019art. 13 del Regolamento europeo n. 679\/2016, il\u00a0 Comune di Gioia Sannitica, in qualit\u00e0 di \u201cTitolare\u201d del trattamento, \u00e8 tenuta a fornirle informazioni in merito all\u2019utilizzo dei suoi dati personali.<\/p>\n<p>&nbsp;<\/p>\n<h3>2.\u00a0\u00a0 Identit\u00e0 e i dati di contatto del titolare del trattamento<\/h3>\n<p>Il Titolare del trattamento dei dati personali di cui alla presente Informativa \u00e8 il\u00a0 Comune di Gioia Sannitica, con sede in Piazza Municipio 1 - 81010 Gioia Sannitica (CE)\t &#8211; pec: <a href=\"mailto:segreteria.comunegioiasannitica@alphapec.it\" style=\"word-break: break-all; display: inline-block;\">segreteria.comunegioiasannitica@alphapec.it<\/a> . il quale in qualit\u00e0 di titolare tratter\u00e0 i dati personali conferiti con modalit\u00e0 prevalentemente informatiche e telematiche, per le finalit\u00e0 previste dal Regolamento (UE) 2016\/679 (RGPD), in particolare per l&#8217;esecuzione dei propri compiti di interesse pubblico o comunque connessi all&#8217;esercizio dei propri pubblici poteri, ivi incluse le finalit\u00e0 di archiviazione, di ricerca storica e di analisi per scopi statistici.<\/p>\n<p>&nbsp;<\/p>\n<h3>3.\u00a0\u00a0 Il Responsabile della protezione dei dati personali<\/h3>\n<p>Il\u00a0 Comune di Gioia Sannitica ha designato quale Responsabile della protezione dei dati la societ\u00e0 <a href=\"http:\/\/www.asmenet.it\/\">ASMENET S.C.A.R.L.<\/a> (<a href=\"mailto:supporto.asmenet@asmepec.it\">supporto.asmenet@asmepec.it<\/a>)<\/p>\n<p>&nbsp;<\/p>\n<h3>4.\u00a0\u00a0 Responsabili del trattamento<\/h3>\n<p>L\u2019Ente pu\u00f2 avvalersi di soggetti terzi per l\u2019espletamento di attivit\u00e0 e relativi trattamenti di dati personali di cui l\u2019Ente ha la titolarit\u00e0. Conformemente a quanto stabilito dalla normativa, tali soggetti assicurano livelli esperienza, capacit\u00e0 e affidabilit\u00e0 tali da garantire il rispetto delle vigenti disposizioni in materia di trattamento, ivi compreso il profilo della sicurezza dei dati.<br \/>\nVengono formalizzate da parte dell\u2019Ente istruzioni, compiti ed oneri in capo a tali soggetti terzi con la designazione degli stessi a &#8220;Responsabili del trattamento&#8221;. Vengono sottoposti tali soggetti a verifiche periodiche al fine di constatare il mantenimento dei livelli di garanzia registrati in occasione dell\u2019affidamento dell\u2019incarico iniziale.<\/p>\n<p>&nbsp;<\/p>\n<h3>5.\u00a0\u00a0 Soggetti autorizzati al trattamento<\/h3>\n<p>I Suoi dati personali sono trattati da personale interno previamente autorizzato e designato quale incaricato del trattamento, a cui sono impartite idonee istruzioni in ordine a misure, accorgimenti, modus operandi, tutti volti alla concreta tutela dei tuoi dati personali.<\/p>\n<p>&nbsp;<\/p>\n<h3>6.\u00a0\u00a0 Finalit\u00e0 e base giuridica del trattamento<\/h3>\n<p>Il trattamento dei suoi dati personali viene effettuato dal Comune di Gioia Sannitica per lo svolgimento di funzioni istituzionali e, pertanto, ai sensi dell\u2019art. 6 comma 1 lett. e) non necessita del suo consenso.<\/p>\n<p>I dati personali sono in relazione al procedimento ed alle attivit\u00e0 correlate.<\/p>\n<p>&nbsp;<\/p>\n<h3>7.\u00a0\u00a0 Destinatari dei dati personali<\/h3>\n<p>I suoi dati personali potranno essere comunicati ad altri Enti competenti di cui si avvale il Comune, al solo scopo di procedere all\u2019istruttoria della pratica.<\/p>\n<p>&nbsp;<\/p>\n<h3>8.\u00a0\u00a0 Trasferimento dei dati personali a Paesi extra UE<\/h3>\n<p>I suoi dati personali non sono trasferiti al di fuori dell\u2019Unione europea.<\/p>\n<p>&nbsp;<\/p>\n<h3>9.\u00a0\u00a0 Periodo di conservazione<\/h3>\n<p>I suoi dati sono conservati per un periodo non superiore a quello necessario per il perseguimento delle finalit\u00e0 sopra menzionate. A tal fine, anche mediante controlli periodici, viene verificata costantemente la stretta pertinenza, non eccedenza e indispensabilit\u00e0 dei dati rispetto al rapporto, alla prestazione o all&#8217;incarico in corso, da instaurare o cessati, anche con riferimento ai dati che Lei fornisce di propria iniziativa. I dati che, anche a seguito delle verifiche, risultano eccedenti o non pertinenti o non indispensabili non sono utilizzati, salvo che per l&#8217;eventuale conservazione, a norma di legge, dell&#8217;atto o del documento che li contiene.<\/p>\n<p>&nbsp;<\/p>\n<h3>10.\u00a0\u00a0\u00a0 I suoi diritti<\/h3>\n<p>Nella sua qualit\u00e0 di interessato,\u00a0Lei potr\u00e0, in qualsiasi momento, esercitare i\u00a0<span lang=\"zxx\" xml:lang=\"zxx\"><u><strong>diritti<\/strong><\/u><\/span>:<\/p>\n<ul>\n<li>di richiedere maggiori informazioni in relazione ai contenuti della presente informativa<\/li>\n<li>di accesso ai dati personali;<\/li>\n<li>di ottenere la rettifica o la cancellazione degli stessi o la limitazione del trattamento che lo riguardano (nei casi previsti dalla normativa);<\/li>\n<li>di opporsi al trattamento (nei casi previsti dalla normativa);<\/li>\n<li>alla portabilit\u00e0 dei dati (nei casi previsti dalla normativa);<\/li>\n<li>di revocare il consenso, ove previsto; la revoca del consenso non pregiudica la liceit\u00e0 del trattamento basata sul consenso conferito prima della revoca;<\/li>\n<li>di proporre reclamo all&#8217;autorit\u00e0 di controllo (Garante Privacy);<\/li>\n<li>di dare mandato a un organismo, un&#8217;organizzazione o un&#8217;associazione senza scopo di lucro per l&#8217;esercizio dei suoi diritti;<\/li>\n<li>di richiedere il risarcimento dei danni conseguenti alla violazione della normativa.<\/li>\n<\/ul>\n<p>&nbsp;<\/p>\n<h3>11.\u00a0\u00a0\u00a0 Conferimento dei dati<\/h3>\n<p>Il conferimento dei Suoi dati \u00e8 facoltativo, ma necessario per le finalit\u00e0 sopra indicate. Il mancato conferimento comporter\u00e0 l\u2019impossibilit\u00e0 di procedere all\u2019istruttoria da Lei richiesta.<\/p>\n<\/header>\n<p><a href=\"https:\/\/centroprivacy.asmenet.it\/gioiasannitica\/wp-content\/uploads\/sites\/129\/2020\/06\/ACCERTAMENTI-POLIZIA-MUNICIPALE-INFORMATIVA-Comune-di-Gioia-Sannitica.pdf\">ACCERTAMENTI POLIZIA MUNICIPALE <\/a><br \/>\n<a href=\"https:\/\/centroprivacy.asmenet.it\/gioiasannitica\/wp-content\/uploads\/sites\/129\/2020\/06\/ACCESSO-CIVICO-INFORMATIVA-Comune-di-Gioia-Sannitica.pdf\">ACCESSO CIVICO <\/a><br \/>\n<a href=\"https:\/\/centroprivacy.asmenet.it\/gioiasannitica\/wp-content\/uploads\/sites\/129\/2020\/06\/ACCORDI-CONVENZIONI-INFORMATIVA-Comune-di-Gioia-Sannitica.pdf\">ACCORDI-CONVENZIONI <\/a><br \/>\n<a href=\"https:\/\/centroprivacy.asmenet.it\/gioiasannitica\/wp-content\/uploads\/sites\/129\/2020\/06\/ALBO-PRETORIO-INFORMATIVA-Comune-di-Gioia-Sannitica.pdf\">ALBO PRETORIO <\/a><br \/>\n<a href=\"https:\/\/centroprivacy.asmenet.it\/gioiasannitica\/wp-content\/uploads\/sites\/129\/2020\/06\/ALIMENTI-E-BEVANDE-INFORMATIVA-Comune-di-Gioia-Sannitica.pdf\">ALIMENTI E BEVANDE <\/a><br \/>\n<a href=\"https:\/\/centroprivacy.asmenet.it\/gioiasannitica\/wp-content\/uploads\/sites\/129\/2020\/06\/AMBIENTE-INFORMATIVA-Comune-di-Gioia-Sannitica.pdf\">AMBIENTE <\/a><br \/>\n<a href=\"https:\/\/centroprivacy.asmenet.it\/gioiasannitica\/wp-content\/uploads\/sites\/129\/2020\/06\/AMBIENTE-RIFIUTI-INFORMATIVA-Comune-di-Gioia-Sannitica.pdf\">AMBIENTE RIFIUTI <\/a><br \/>\n<a href=\"https:\/\/centroprivacy.asmenet.it\/gioiasannitica\/wp-content\/uploads\/sites\/129\/2020\/06\/ANAGRAFE-INFORMATIVA-Comune-di-Gioia-Sannitica.pdf\">ANAGRAFE <\/a><br \/>\n<a href=\"https:\/\/centroprivacy.asmenet.it\/gioiasannitica\/wp-content\/uploads\/sites\/129\/2020\/06\/ANIMALI-INFORMATIVA-Comune-di-Gioia-Sannitica.pdf\">ANIMALI <\/a><br \/>\n<a href=\"https:\/\/centroprivacy.asmenet.it\/gioiasannitica\/wp-content\/uploads\/sites\/129\/2020\/06\/ARCHIVIO-E-PROTOCOLLO-INFORMATIVA-Comune-di-Gioia-Sannitica.pdf\">ARCHIVIO E PROTOCOLLO <\/a><br \/>\n<a href=\"https:\/\/centroprivacy.asmenet.it\/gioiasannitica\/wp-content\/uploads\/sites\/129\/2020\/06\/ASILI-NIDO-INFORMATIVA-Comune-di-Gioia-Sannitica.pdf\">ASILI NIDO <\/a><br \/>\n<a href=\"https:\/\/centroprivacy.asmenet.it\/gioiasannitica\/wp-content\/uploads\/sites\/129\/2020\/06\/ASSEGNAZIONI-INFORMATIVA-Comune-di-Gioia-Sannitica.pdf\">ASSEGNAZIONI <\/a><br \/>\n<a href=\"https:\/\/centroprivacy.asmenet.it\/gioiasannitica\/wp-content\/uploads\/sites\/129\/2020\/06\/ASSICURAZIONI-INFORMATIVA-Comune-di-Gioia-Sannitica.pdf\">ASSICURAZIONI <\/a><br \/>\n<a href=\"https:\/\/centroprivacy.asmenet.it\/gioiasannitica\/wp-content\/uploads\/sites\/129\/2020\/06\/ATTIVITA-ANIMATORIALI-INFORMATIVA-Comune-di-Gioia-Sannitica.pdf\">ATTIVITA ANIMATORIALI <\/a><br \/>\n<a href=\"https:\/\/centroprivacy.asmenet.it\/gioiasannitica\/wp-content\/uploads\/sites\/129\/2020\/06\/AUTORIZZAZIONE-PUBBLICA-SICUREZZA-INFORMATIVA-Comune-di-Gioia-Sannitica.pdf\">AUTORIZZAZIONE PUBBLICA SICUREZZA <\/a><br \/>\n<a href=\"https:\/\/centroprivacy.asmenet.it\/gioiasannitica\/wp-content\/uploads\/sites\/129\/2020\/06\/AUTORIZZAZIONI-INFORMATIVA-Comune-di-Gioia-Sannitica.pdf\">AUTORIZZAZIONI <\/a><br \/>\n<a href=\"https:\/\/centroprivacy.asmenet.it\/gioiasannitica\/wp-content\/uploads\/sites\/129\/2020\/06\/BIBLIOTECA-ARCHIVIO-STORICO-INFORMATIVA-Comune-di-Gioia-Sannitica.pdf\">BIBLIOTECA ARCHIVIO STORICO <\/a><br \/>\n<a href=\"https:\/\/centroprivacy.asmenet.it\/gioiasannitica\/wp-content\/uploads\/sites\/129\/2020\/06\/BIBLIOTECA-INFORMATIVAComune-di-Gioia-Sannitica.pdf\">BIBLIOTECA <\/a><br \/>\n<a href=\"https:\/\/centroprivacy.asmenet.it\/gioiasannitica\/wp-content\/uploads\/sites\/129\/2020\/06\/CIMITERI-INFORMATIVAComune-di-Gioia-Sannitica.pdf\">CIMITERI <\/a><br \/>\n<a href=\"https:\/\/centroprivacy.asmenet.it\/gioiasannitica\/wp-content\/uploads\/sites\/129\/2020\/06\/COMMERCIO-E-AGRICOLTURA-INFORMATIVAComune-di-Gioia-Sannitica.pdf\">COMMERCIO E AGRICOLTURA <\/a><br \/>\n<a href=\"https:\/\/centroprivacy.asmenet.it\/gioiasannitica\/wp-content\/uploads\/sites\/129\/2020\/06\/CONCESSIONI-INFORMATIVAComune-di-Gioia-Sannitica.pdf\">CONCESSIONI <\/a><br \/>\n<a href=\"https:\/\/centroprivacy.asmenet.it\/gioiasannitica\/wp-content\/uploads\/sites\/129\/2020\/06\/CONSERVAZIONE-SOSTITUTIVA-INFORMATIVAComune-di-Gioia-Sannitica.pdf\">CONSERVAZIONE SOSTITUTIVA <\/a><br \/>\n<a href=\"https:\/\/centroprivacy.asmenet.it\/gioiasannitica\/wp-content\/uploads\/sites\/129\/2020\/06\/CONSULTAZIONI-ELETTORALI-INFORMATIVAComune-di-Gioia-Sannitica.pdf\">CONSULTAZIONI ELETTORALI <\/a><br \/>\n<a href=\"https:\/\/centroprivacy.asmenet.it\/gioiasannitica\/wp-content\/uploads\/sites\/129\/2020\/06\/CONTENZIOSO-INFORMATIVAComune-di-Gioia-Sannitica.pdf\">CONTENZIOSO <\/a><br \/>\n<a href=\"https:\/\/centroprivacy.asmenet.it\/gioiasannitica\/wp-content\/uploads\/sites\/129\/2020\/06\/CONTRIBUTI-PER-EVENTI-ECCEZIONALI-INFORMATIVAComune-di-Gioia-Sannitica.pdf\">CONTRIBUTI PER EVENTI ECCEZIONALI <\/a><br \/>\n<a href=\"https:\/\/centroprivacy.asmenet.it\/gioiasannitica\/wp-content\/uploads\/sites\/129\/2020\/06\/CONTROLLO-ACCESSI-INFORMATIVAComune-di-Gioia-Sannitica.pdf\">CONTROLLO ACCESSI <\/a><br \/>\n<a href=\"https:\/\/centroprivacy.asmenet.it\/gioiasannitica\/wp-content\/uploads\/sites\/129\/2020\/06\/CONTROLLO-PARTECIPATE-INFORMATIVAComune-di-Gioia-Sannitica.pdf\">CONTROLLO PARTECIPATE <\/a><br \/>\n<a href=\"https:\/\/centroprivacy.asmenet.it\/gioiasannitica\/wp-content\/uploads\/sites\/129\/2020\/06\/DEMOCRAZIA-PARTECIPATIVA-INFORMATIVAComune-di-Gioia-Sannitica.pdf\">DEMOCRAZIA PARTECIPATIVA <\/a><br \/>\n<a href=\"https:\/\/centroprivacy.asmenet.it\/gioiasannitica\/wp-content\/uploads\/sites\/129\/2020\/06\/ELETTORALE-INFORMATIVAComune-di-Gioia-Sannitica.pdf\">ELETTORALE <\/a><br \/>\n<a href=\"https:\/\/centroprivacy.asmenet.it\/gioiasannitica\/wp-content\/uploads\/sites\/129\/2020\/06\/ENTRATE-TRIBUTI-INFORMATIVAComune-di-Gioia-Sannitica.pdf\">ENTRATE TRIBUTI <\/a><br \/>\n<a href=\"https:\/\/centroprivacy.asmenet.it\/gioiasannitica\/wp-content\/uploads\/sites\/129\/2020\/06\/ESPROPRI-INFORMATIVAComune-di-Gioia-Sannitica.pdf\">ESPROPRI <\/a><br \/>\n<a href=\"https:\/\/centroprivacy.asmenet.it\/gioiasannitica\/wp-content\/uploads\/sites\/129\/2020\/06\/ESTERNALIZZAZIONI-INFORMATIVAComune-di-Gioia-Sannitica.pdf\">ESTERNALIZZAZIONI <\/a><br \/>\n<a href=\"https:\/\/centroprivacy.asmenet.it\/gioiasannitica\/wp-content\/uploads\/sites\/129\/2020\/06\/GARE-E-APPALTI-INFORMATIVAComune-di-Gioia-Sannitica.pdf\">GARE E APPALTI <\/a><br \/>\n<a href=\"https:\/\/centroprivacy.asmenet.it\/gioiasannitica\/wp-content\/uploads\/sites\/129\/2020\/06\/GESTIONE-ALTRI-SOGGETTI-INFORMATIVAComune-di-Gioia-Sannitica.pdf\">GESTIONE ALTRI SOGGETTI <\/a><br \/>\n<a href=\"https:\/\/centroprivacy.asmenet.it\/gioiasannitica\/wp-content\/uploads\/sites\/129\/2020\/06\/GESTIONE-ECONOMICA-INFORMATIVAComune-di-Gioia-Sannitica.pdf\">GESTIONE ECONOMICA <\/a><br \/>\n<a href=\"https:\/\/centroprivacy.asmenet.it\/gioiasannitica\/wp-content\/uploads\/sites\/129\/2020\/06\/GESTIONE-PATRIMONIO-INFORMATIVAComune-di-Gioia-Sannitica.pdf\">GESTIONE PATRIMONIO <\/a><br \/>\n<a href=\"https:\/\/centroprivacy.asmenet.it\/gioiasannitica\/wp-content\/uploads\/sites\/129\/2020\/06\/GESTIONE-PERSONALE-INFORMATIVAComune-di-Gioia-Sannitica.pdf\">GESTIONE PERSONALE <\/a><br \/>\n<a href=\"https:\/\/centroprivacy.asmenet.it\/gioiasannitica\/wp-content\/uploads\/sites\/129\/2020\/06\/GIUDICI-POPOLARI-INFORMATIVAComune-di-Gioia-Sannitica.pdf\">GIUDICI POPOLARI <\/a><br \/>\n<a href=\"https:\/\/centroprivacy.asmenet.it\/gioiasannitica\/wp-content\/uploads\/sites\/129\/2020\/06\/ILLECITI-EDILIZI-INFORMATIVAComune-di-Gioia-Sannitica.pdf\">ILLECITI EDILIZI <\/a><br \/>\n<a href=\"https:\/\/centroprivacy.asmenet.it\/gioiasannitica\/wp-content\/uploads\/sites\/129\/2020\/06\/INCIDENTI-STRADALI-INFORMATIVAComune-di-Gioia-Sannitica.pdf\">INCIDENTI STRADALI <\/a><br \/>\n<a href=\"https:\/\/centroprivacy.asmenet.it\/gioiasannitica\/wp-content\/uploads\/sites\/129\/2020\/06\/LASCITI-E-DONAZIONI-INFORMATIVAComune-di-Gioia-Sannitica.pdf\">LASCITI E DONAZIONI <\/a><br \/>\n<a href=\"https:\/\/centroprivacy.asmenet.it\/gioiasannitica\/wp-content\/uploads\/sites\/129\/2020\/06\/LEVA-MILITARE-INFORMATIVAComune-di-Gioia-Sannitica.pdf\">LEVA MILITARE <\/a><br \/>\n<a href=\"https:\/\/centroprivacy.asmenet.it\/gioiasannitica\/wp-content\/uploads\/sites\/129\/2020\/06\/MANIFESTAZIONI-INFORMATIVAComune-di-Gioia-Sannitica.pdf\">MANIFESTAZIONI <\/a><br \/>\n<a href=\"https:\/\/centroprivacy.asmenet.it\/gioiasannitica\/wp-content\/uploads\/sites\/129\/2020\/06\/NOTIFICHE-INFORMATIVAComune-di-Gioia-Sannitica.pdf\">NOTIFICHE <\/a><br \/>\n<a href=\"https:\/\/centroprivacy.asmenet.it\/gioiasannitica\/wp-content\/uploads\/sites\/129\/2020\/06\/NOTIZIE-DI-REATO-INFORMATIVAComune-di-Gioia-Sannitica.pdf\">NOTIZIE DI REATO <\/a><br \/>\n<a href=\"https:\/\/centroprivacy.asmenet.it\/gioiasannitica\/wp-content\/uploads\/sites\/129\/2020\/06\/OPERE-PUBBLICHE-INFORMATIVAComune-di-Gioia-Sannitica.pdf\">OPERE PUBBLICHE <\/a><br \/>\n<a href=\"https:\/\/centroprivacy.asmenet.it\/gioiasannitica\/wp-content\/uploads\/sites\/129\/2020\/06\/ORDINANZE-INFORMATIVAComune-di-Gioia-Sannitica.pdf\">ORDINANZE <\/a><br \/>\n<a href=\"https:\/\/centroprivacy.asmenet.it\/gioiasannitica\/wp-content\/uploads\/sites\/129\/2020\/06\/ORGANI-ISTITUZIONALI-INFORMATIVAComune-di-Gioia-Sannitica.pdf\">ORGANI ISTITUZIONALI <\/a><br \/>\n<a href=\"https:\/\/centroprivacy.asmenet.it\/gioiasannitica\/wp-content\/uploads\/sites\/129\/2020\/06\/PATTO-TERRITORIALE-INFORMATIVAComune-di-Gioia-Sannitica.pdf\">PATTO TERRITORIALE <\/a><br \/>\n<a href=\"https:\/\/centroprivacy.asmenet.it\/gioiasannitica\/wp-content\/uploads\/sites\/129\/2020\/06\/POLIZIA-AMMINISTRATIVA-INFORMATIVAComune-di-Gioia-Sannitica.pdf\">POLIZIA AMMINISTRATIVA <\/a><br \/>\n<a href=\"https:\/\/centroprivacy.asmenet.it\/gioiasannitica\/wp-content\/uploads\/sites\/129\/2020\/06\/POLIZIA-GIUDIZIARIA-INFORMATIVAComune-di-Gioia-Sannitica.pdf\">POLIZIA GIUDIZIARIA <\/a><br \/>\n<a href=\"https:\/\/centroprivacy.asmenet.it\/gioiasannitica\/wp-content\/uploads\/sites\/129\/2020\/06\/PRATICHE-SUAP-INFORMATIVAComune-di-Gioia-Sannitica.pdf\">PRATICHE SUAP <\/a><br \/>\n<a href=\"https:\/\/centroprivacy.asmenet.it\/gioiasannitica\/wp-content\/uploads\/sites\/129\/2020\/06\/PRATICHE-SUE-INFORMATIVAComune-di-Gioia-Sannitica.pdf\">PRATICHE SUE <\/a><br \/>\n<a href=\"https:\/\/centroprivacy.asmenet.it\/gioiasannitica\/wp-content\/uploads\/sites\/129\/2020\/06\/PRIVACY-INFORMATIVAComune-di-Gioia-Sannitica.pdf\">PRIVACY <\/a><br \/>\n<a href=\"https:\/\/centroprivacy.asmenet.it\/gioiasannitica\/wp-content\/uploads\/sites\/129\/2020\/06\/PROMOZIONE-E-INFORMAZIONE-INFORMATIVAComune-di-Gioia-Sannitica.pdf\">PROMOZIONE E INFORMAZIONE <\/a><br \/>\n<a href=\"https:\/\/centroprivacy.asmenet.it\/gioiasannitica\/wp-content\/uploads\/sites\/129\/2020\/06\/PROTEZIONE-CIVILE-INFORMATIVAComune-di-Gioia-Sannitica.pdf\">PROTEZIONE CIVILE <\/a><br \/>\n<a href=\"https:\/\/centroprivacy.asmenet.it\/gioiasannitica\/wp-content\/uploads\/sites\/129\/2020\/06\/PROVVEDIMENTI-SANITARI-INFORMATIVAComune-di-Gioia-Sannitica.pdf\">PROVVEDIMENTI SANITARI <\/a><br \/>\n<a href=\"https:\/\/centroprivacy.asmenet.it\/gioiasannitica\/wp-content\/uploads\/sites\/129\/2020\/06\/RICERCA-FINANZIAMENTIComune-di-Gioia-Sannitica.pdf\">RICERCA FINANZIAMENTIComune di Gioia Sannitica<\/a> <a href=\"https:\/\/centroprivacy.asmenet.it\/gioiasannitica\/wp-content\/uploads\/sites\/129\/2020\/06\/RISCONTRI-AUTOCERTIFICAZIONI-INFORMATIVAComune-di-Gioia-Sannitica.pdf\">RISCONTRI AUTOCERTIFICAZIONI <\/a><br \/>\n<a href=\"https:\/\/centroprivacy.asmenet.it\/gioiasannitica\/wp-content\/uploads\/sites\/129\/2020\/06\/SEGNALAZIONI-INFORMATIVEComune-di-Gioia-Sannitica.pdf\">SEGNALAZIONI INFORMATIVEComune di Gioia Sannitica<\/a> <a href=\"https:\/\/centroprivacy.asmenet.it\/gioiasannitica\/wp-content\/uploads\/sites\/129\/2020\/06\/SERVIZI-A-DOMANDA-INDIVIDUALE-INFORMATIVAComune-di-Gioia-Sannitica.pdf\">SERVIZI A DOMANDA INDIVIDUALE <\/a><br \/>\n<a href=\"https:\/\/centroprivacy.asmenet.it\/gioiasannitica\/wp-content\/uploads\/sites\/129\/2020\/06\/SERVIZI-ON-LINE-INFORMATIVAComune-di-Gioia-Sannitica.pdf\">SERVIZI ON LINE <\/a><br \/>\n<a href=\"https:\/\/centroprivacy.asmenet.it\/gioiasannitica\/wp-content\/uploads\/sites\/129\/2020\/06\/SERVIZI-SCOLASTICI-INFORMATIVAComune-di-Gioia-Sannitica.pdf\">SERVIZI SCOLASTICI <\/a><br \/>\n<a href=\"https:\/\/centroprivacy.asmenet.it\/gioiasannitica\/wp-content\/uploads\/sites\/129\/2020\/06\/SICUREZZA-SUL-LAVORO-INFORMATIVAComune-di-Gioia-Sannitica.pdf\">SICUREZZA SUL LAVORO <\/a><br \/>\n<a href=\"https:\/\/centroprivacy.asmenet.it\/gioiasannitica\/wp-content\/uploads\/sites\/129\/2020\/06\/SISTEMA-INFORMATICO-INFORMATIVAComune-di-Gioia-Sannitica.pdf\">SISTEMA INFORMATICO <\/a><br \/>\n<a href=\"https:\/\/centroprivacy.asmenet.it\/gioiasannitica\/wp-content\/uploads\/sites\/129\/2020\/06\/SISTEMI-DI-VIDEOSORVEGLIANZA-INFORMATIVAComune-di-Gioia-Sannitica.pdf\">SISTEMI DI VIDEOSORVEGLIANZA <\/a><br \/>\n<a href=\"https:\/\/centroprivacy.asmenet.it\/gioiasannitica\/wp-content\/uploads\/sites\/129\/2020\/06\/SOCIALE-SERVIZI-PER-I-GIOVANI-INFORMATIVAComune-di-Gioia-Sannitica.pdf\">SOCIALE &#8211; SERVIZI PER I GIOVANI <\/a><br \/>\n<a href=\"https:\/\/centroprivacy.asmenet.it\/gioiasannitica\/wp-content\/uploads\/sites\/129\/2020\/06\/SOCIALE-ASSISTENZA-SCOLASTICA-INFORMATIVAComune-di-Gioia-Sannitica.pdf\">SOCIALE ASSISTENZA SCOLASTICA <\/a><br \/>\n<a href=\"https:\/\/centroprivacy.asmenet.it\/gioiasannitica\/wp-content\/uploads\/sites\/129\/2020\/06\/SOCIALE-DOMICILIARI-INFORMATIVAComune-di-Gioia-Sannitica.pdf\">SOCIALE DOMICILIARI <\/a><br \/>\n<a href=\"https:\/\/centroprivacy.asmenet.it\/gioiasannitica\/wp-content\/uploads\/sites\/129\/2020\/06\/SOCIALE-LAVORO-INFORMATIVAComune-di-Gioia-Sannitica.pdf\">SOCIALE LAVORO <\/a><br \/>\n<a href=\"https:\/\/centroprivacy.asmenet.it\/gioiasannitica\/wp-content\/uploads\/sites\/129\/2020\/06\/SOCIALE-MINORI-INFORMATIVAComune-di-Gioia-Sannitica.pdf\">SOCIALE MINORI <\/a><br \/>\n<a href=\"https:\/\/centroprivacy.asmenet.it\/gioiasannitica\/wp-content\/uploads\/sites\/129\/2020\/06\/SOCIALE-MONITORAGGIO-INFORMATIVAComune-di-Gioia-Sannitica.pdf\">SOCIALE MONITORAGGIO <\/a><br \/>\n<a href=\"https:\/\/centroprivacy.asmenet.it\/gioiasannitica\/wp-content\/uploads\/sites\/129\/2020\/06\/SOCIALE-SERVIZI-INFORMATIVAComune-di-Gioia-Sannitica.pdf\">SOCIALE SERVIZI <\/a><br \/>\n<a href=\"https:\/\/centroprivacy.asmenet.it\/gioiasannitica\/wp-content\/uploads\/sites\/129\/2020\/06\/SOCIALE-SOSTEGNO-ECONOMICO-INFORMATIVAComune-di-Gioia-Sannitica.pdf\">SOCIALE SOSTEGNO ECONOMICO <\/a><br \/>\n<a href=\"https:\/\/centroprivacy.asmenet.it\/gioiasannitica\/wp-content\/uploads\/sites\/129\/2020\/06\/SOCIALE-TUTELE-INFORMATIVAComune-di-Gioia-Sannitica.pdf\">SOCIALE TUTELE <\/a><br \/>\n<a href=\"https:\/\/centroprivacy.asmenet.it\/gioiasannitica\/wp-content\/uploads\/sites\/129\/2020\/06\/SOCIALE-AGEVOLAZIONI-TRIBUTARIE-INFORMATIVAComune-di-Gioia-Sannitica.pdf\">SOCIALE-AGEVOLAZIONI TRIBUTARIE <\/a><br \/>\n<a href=\"https:\/\/centroprivacy.asmenet.it\/gioiasannitica\/wp-content\/uploads\/sites\/129\/2020\/06\/SOCIALE-EDILIZIA-INFORMATIVAComune-di-Gioia-Sannitica.pdf\">SOCIALE-EDILIZIA <\/a><br \/>\n<a href=\"https:\/\/centroprivacy.asmenet.it\/gioiasannitica\/wp-content\/uploads\/sites\/129\/2020\/06\/STAFF-DI-GABINETTO-DEL-SINDACO-INFORMATIVAComune-di-Gioia-Sannitica.pdf\">STAFF DI GABINETTO DEL SINDACO <\/a><br \/>\n<a href=\"https:\/\/centroprivacy.asmenet.it\/gioiasannitica\/wp-content\/uploads\/sites\/129\/2020\/06\/STATISTICA-INFORMATIVAComune-di-Gioia-Sannitica.pdf\">STATISTICA <\/a><br \/>\n<a href=\"https:\/\/centroprivacy.asmenet.it\/gioiasannitica\/wp-content\/uploads\/sites\/129\/2020\/06\/STATO-CIVILE-INFORMATIVAComune-di-Gioia-Sannitica.pdf\">STATO CIVILE <\/a><br \/>\n<a href=\"https:\/\/centroprivacy.asmenet.it\/gioiasannitica\/wp-content\/uploads\/sites\/129\/2020\/06\/TRAFFICO-INFORMATIVAComune-di-Gioia-Sannitica.pdf\">TRAFFICO <\/a><br \/>\n<a href=\"https:\/\/centroprivacy.asmenet.it\/gioiasannitica\/wp-content\/uploads\/sites\/129\/2020\/06\/TRASPARENZA-ANTICORRUZIONE-INFORMATIVAComune-di-Gioia-Sannitica.pdf\">TRASPARENZA ANTICORRUZIONE <\/a><br \/>\n<a href=\"https:\/\/centroprivacy.asmenet.it\/gioiasannitica\/wp-content\/uploads\/sites\/129\/2020\/06\/VIOLAZIONI-E-SANZIONI-AMMINISTRATIVE-E-PENALI-INFORMATIVAComune-di-Gioia-Sannitica.pdf\">VIOLAZIONI E SANZIONI AMMINISTRATIVE E PENALI <\/a><\/p>\n<header class=\"entry-header clearfix\">&nbsp;<\/p>\n<\/header>\n<\/div>\n<\/div>\n<div class=\"paragraph paragraph--type--contenuto paragraph--view-mode--default\">\n<div class=\"field field--name-field-contenuto field--type-text-long field--label-hidden field__item editor-text\">\n<p>&nbsp;<\/p>\n<\/div>\n<\/div>\n<\/div>\n","protected":false},"excerpt":{"rendered":"<p>INFORMATIVA per il trattamento dei dati personali ai sensi dell\u2019art 13 del Regolamento europeo n. 679\/2016 &nbsp; 1. Premessa Ai sensi dell\u2019art. 13 del Regolamento europeo n. 679\/2016, il\u00a0 , in qualit\u00e0 di \u201cTitolare\u201d del trattamento, \u00e8 tenuta a fornirle informazioni in merito all\u2019utilizzo dei suoi dati personali. &nbsp; 2.\u00a0\u00a0 Identit\u00e0 e i dati di [&hellip;]<\/p>\n","protected":false},"author":1,"featured_media":0,"parent":0,"menu_order":0,"comment_status":"closed","ping_status":"closed","template":"template-fullpage-nosidebar.php","meta":[],"_links":{"self":[{"href":"https:\/\/centroprivacy.asmenet.it\/gioiasannitica\/index.php?rest_route=\/wp\/v2\/pages\/844"}],"collection":[{"href":"https:\/\/centroprivacy.asmenet.it\/gioiasannitica\/index.php?rest_route=\/wp\/v2\/pages"}],"about":[{"href":"https:\/\/centroprivacy.asmenet.it\/gioiasannitica\/index.php?rest_route=\/wp\/v2\/types\/page"}],"author":[{"embeddable":true,"href":"https:\/\/centroprivacy.asmenet.it\/gioiasannitica\/index.php?rest_route=\/wp\/v2\/users\/1"}],"replies":[{"embeddable":true,"href":"https:\/\/centroprivacy.asmenet.it\/gioiasannitica\/index.php?rest_route=%2Fwp%2Fv2%2Fcomments&post=844"}],"version-history":[{"count":21,"href":"https:\/\/centroprivacy.asmenet.it\/gioiasannitica\/index.php?rest_route=\/wp\/v2\/pages\/844\/revisions"}],"predecessor-version":[{"id":871,"href":"https:\/\/centroprivacy.asmenet.it\/gioiasannitica\/index.php?rest_route=\/wp\/v2\/pages\/844\/revisions\/871"}],"wp:attachment":[{"href":"https:\/\/centroprivacy.asmenet.it\/gioiasannitica\/index.php?rest_route=%2Fwp%2Fv2%2Fmedia&parent=844"}],"curies":[{"name":"wp","href":"https:\/\/api.w.org\/{rel}","templated":true}]}}