{"id":844,"date":"2018-05-29T10:17:42","date_gmt":"2018-05-29T08:17:42","guid":{"rendered":"https:\/\/centroprivacy.asmenet.it\/presenzano\/?page_id=844"},"modified":"2022-02-09T13:58:03","modified_gmt":"2022-02-09T12:58:03","slug":"privacy","status":"publish","type":"page","link":"https:\/\/centroprivacy.asmenet.it\/presenzano\/?page_id=844","title":{"rendered":"Privacy"},"content":{"rendered":"<div class=\"entry-content\" role=\"article\">\n<div class=\"paragraph paragraph--type--contenuto paragraph--view-mode--default\">\n<div class=\"field field--name-field-contenuto field--type-text-long field--label-hidden field__item editor-text\">\n<header class=\"entry-header clearfix\">\n<h1>INFORMATIVA per il trattamento dei dati personali ai sensi dell\u2019art 13 del Regolamento europeo n. 679\/2016<\/h1>\n<p>&nbsp;<\/p>\n<h3>1. Premessa<\/h3>\n<p>Ai sensi dell\u2019art. 13 del Regolamento europeo n. 679\/2016, il\u00a0 Comune di Presenzano, in qualit\u00e0 di \u201cTitolare\u201d del trattamento, \u00e8 tenuta a fornirle informazioni in merito all\u2019utilizzo dei suoi dati personali.<\/p>\n<p>&nbsp;<\/p>\n<h3>2.\u00a0\u00a0 Identit\u00e0 e i dati di contatto del titolare del trattamento<\/h3>\n<p>Il Titolare del trattamento dei dati personali di cui alla presente Informativa \u00e8 il\u00a0 Comune di Presenzano, con sede in Via S. Rocco 81050 -  Presenzano (Ce) &#8211; pec: <a href=\"mailto:protocollo.presenzano@asmepec.it\" style=\"word-break: break-all; display: inline-block;\">protocollo.presenzano@asmepec.it<\/a> . il quale in qualit\u00e0 di titolare tratter\u00e0 i dati personali conferiti con modalit\u00e0 prevalentemente informatiche e telematiche, per le finalit\u00e0 previste dal Regolamento (UE) 2016\/679 (RGPD), in particolare per l&#8217;esecuzione dei propri compiti di interesse pubblico o comunque connessi all&#8217;esercizio dei propri pubblici poteri, ivi incluse le finalit\u00e0 di archiviazione, di ricerca storica e di analisi per scopi statistici.<\/p>\n<p>&nbsp;<\/p>\n<h3>3.\u00a0\u00a0 Il Responsabile della protezione dei dati personali<\/h3>\n<p>Il\u00a0 Comune di Presenzano ha designato quale Responsabile della protezione dei dati la societ\u00e0 <a href=\"http:\/\/www.asmenet.it\/\">ASMENET S.C.A.R.L.<\/a> (<a href=\"mailto:supporto.asmenet@asmepec.it\">supporto.asmenet@asmepec.it<\/a>)<\/p>\n<p>&nbsp;<\/p>\n<h3>4.\u00a0\u00a0 Responsabili del trattamento<\/h3>\n<p>L\u2019Ente pu\u00f2 avvalersi di soggetti terzi per l\u2019espletamento di attivit\u00e0 e relativi trattamenti di dati personali di cui l\u2019Ente ha la titolarit\u00e0. Conformemente a quanto stabilito dalla normativa, tali soggetti assicurano livelli esperienza, capacit\u00e0 e affidabilit\u00e0 tali da garantire il rispetto delle vigenti disposizioni in materia di trattamento, ivi compreso il profilo della sicurezza dei dati.<br \/>\nVengono formalizzate da parte dell\u2019Ente istruzioni, compiti ed oneri in capo a tali soggetti terzi con la designazione degli stessi a &#8220;Responsabili del trattamento&#8221;. Vengono sottoposti tali soggetti a verifiche periodiche al fine di constatare il mantenimento dei livelli di garanzia registrati in occasione dell\u2019affidamento dell\u2019incarico iniziale.<\/p>\n<p>&nbsp;<\/p>\n<h3>5.\u00a0\u00a0 Soggetti autorizzati al trattamento<\/h3>\n<p>I Suoi dati personali sono trattati da personale interno previamente autorizzato e designato quale incaricato del trattamento, a cui sono impartite idonee istruzioni in ordine a misure, accorgimenti, modus operandi, tutti volti alla concreta tutela dei tuoi dati personali.<\/p>\n<p>&nbsp;<\/p>\n<h3>6.\u00a0\u00a0 Finalit\u00e0 e base giuridica del trattamento<\/h3>\n<p>Il trattamento dei suoi dati personali viene effettuato dal Comune di Presenzano per lo svolgimento di funzioni istituzionali e, pertanto, ai sensi dell\u2019art. 6 comma 1 lett. e) non necessita del suo consenso.<\/p>\n<p>I dati personali sono in relazione al procedimento ed alle attivit\u00e0 correlate.<\/p>\n<p>&nbsp;<\/p>\n<h3>7.\u00a0\u00a0 Destinatari dei dati personali<\/h3>\n<p>I suoi dati personali potranno essere comunicati ad altri Enti competenti di cui si avvale il Comune, al solo scopo di procedere all\u2019istruttoria della pratica.<\/p>\n<p>&nbsp;<\/p>\n<h3>8.\u00a0\u00a0 Trasferimento dei dati personali a Paesi extra UE<\/h3>\n<p>I suoi dati personali non sono trasferiti al di fuori dell\u2019Unione europea.<\/p>\n<p>&nbsp;<\/p>\n<h3>9.\u00a0\u00a0 Periodo di conservazione<\/h3>\n<p>I suoi dati sono conservati per un periodo non superiore a quello necessario per il perseguimento delle finalit\u00e0 sopra menzionate. A tal fine, anche mediante controlli periodici, viene verificata costantemente la stretta pertinenza, non eccedenza e indispensabilit\u00e0 dei dati rispetto al rapporto, alla prestazione o all&#8217;incarico in corso, da instaurare o cessati, anche con riferimento ai dati che Lei fornisce di propria iniziativa. I dati che, anche a seguito delle verifiche, risultano eccedenti o non pertinenti o non indispensabili non sono utilizzati, salvo che per l&#8217;eventuale conservazione, a norma di legge, dell&#8217;atto o del documento che li contiene.<\/p>\n<p>&nbsp;<\/p>\n<h3>10.\u00a0\u00a0\u00a0 I suoi diritti<\/h3>\n<p>Nella sua qualit\u00e0 di interessato,\u00a0Lei potr\u00e0, in qualsiasi momento, esercitare i\u00a0<span lang=\"zxx\" xml:lang=\"zxx\"><u><strong>diritti<\/strong><\/u><\/span>:<\/p>\n<ul>\n<li>di richiedere maggiori informazioni in relazione ai contenuti della presente informativa<\/li>\n<li>di accesso ai dati personali;<\/li>\n<li>di ottenere la rettifica o la cancellazione degli stessi o la limitazione del trattamento che lo riguardano (nei casi previsti dalla normativa);<\/li>\n<li>di opporsi al trattamento (nei casi previsti dalla normativa);<\/li>\n<li>alla portabilit\u00e0 dei dati (nei casi previsti dalla normativa);<\/li>\n<li>di revocare il consenso, ove previsto; la revoca del consenso non pregiudica la liceit\u00e0 del trattamento basata sul consenso conferito prima della revoca;<\/li>\n<li>di proporre reclamo all&#8217;autorit\u00e0 di controllo (Garante Privacy);<\/li>\n<li>di dare mandato a un organismo, un&#8217;organizzazione o un&#8217;associazione senza scopo di lucro per l&#8217;esercizio dei suoi diritti;<\/li>\n<li>di richiedere il risarcimento dei danni conseguenti alla violazione della normativa.<\/li>\n<\/ul>\n<p>&nbsp;<\/p>\n<h3>11.\u00a0\u00a0\u00a0 Conferimento dei dati<\/h3>\n<p>Il conferimento dei Suoi dati \u00e8 facoltativo, ma necessario per le finalit\u00e0 sopra indicate. Il mancato conferimento comporter\u00e0 l\u2019impossibilit\u00e0 di procedere all\u2019istruttoria da Lei richiesta.<\/p>\n<h3><strong><span style=\"font-size: 14pt;\">Informative<\/span><\/strong><\/h3>\n<\/header>\n<p><a href=\"https:\/\/centroprivacy.asmenet.it\/presenzano\/wp-content\/uploads\/sites\/144\/2022\/02\/ACCESSO-CIVICO_PRESENZANO.pdf\">ACCESSO CIVICO<\/a><br \/>\n<a href=\"https:\/\/centroprivacy.asmenet.it\/presenzano\/wp-content\/uploads\/sites\/144\/2022\/02\/ACCORDI-CONVENZIONI_PRESENZANO.pdf\">ACCORDI-CONVENZIONI<\/a><br \/>\n<a href=\"https:\/\/centroprivacy.asmenet.it\/presenzano\/wp-content\/uploads\/sites\/144\/2022\/02\/AGEVOLAZIONI-TRIBUTARIE_PRESENZANO.pdf\">AGEVOLAZIONI TRIBUTARIE<\/a><br \/>\n<a href=\"https:\/\/centroprivacy.asmenet.it\/presenzano\/wp-content\/uploads\/sites\/144\/2022\/02\/ALBO-PRETORIO_PRESENZANO.pdf\">ALBO PRETORIO<\/a><br \/>\n<a href=\"https:\/\/centroprivacy.asmenet.it\/presenzano\/wp-content\/uploads\/sites\/144\/2022\/02\/ALIMENTI-E-BEVANDE_PRESENZANO.pdf\">ALIMENTI E BEVANDE<\/a><br \/>\n<a href=\"https:\/\/centroprivacy.asmenet.it\/presenzano\/wp-content\/uploads\/sites\/144\/2022\/02\/ANAGRAFE-CANINA_PRESENZANO.pdf\">ANAGRAFE CANINA<\/a><br \/>\n<a href=\"https:\/\/centroprivacy.asmenet.it\/presenzano\/wp-content\/uploads\/sites\/144\/2022\/02\/ANAGRAFE_PRESENZANO.pdf\">ANAGRAFE<\/a><br \/>\n<a href=\"https:\/\/centroprivacy.asmenet.it\/presenzano\/wp-content\/uploads\/sites\/144\/2022\/02\/ARCHIVIO-E-PROTOCOLLO_PRESENZANO.pdf\">ARCHIVIO E PROTOCOLLO<\/a><br \/>\n<a href=\"https:\/\/centroprivacy.asmenet.it\/presenzano\/wp-content\/uploads\/sites\/144\/2022\/02\/ARCHIVIO-STORICO_PRESENZANO.pdf\">ARCHIVIO STORICO<\/a><br \/>\n<a href=\"https:\/\/centroprivacy.asmenet.it\/presenzano\/wp-content\/uploads\/sites\/144\/2022\/02\/ASILI-NIDO-E-SCUOLA-DELLINFANZIA_PRESENZANO.pdf\">ASILI NIDO E SCUOLA DELL&#8217;INFANZIA<\/a><br \/>\n<a href=\"https:\/\/centroprivacy.asmenet.it\/presenzano\/wp-content\/uploads\/sites\/144\/2022\/02\/ASSICURAZIONI_PRESENZANO.pdf\">ASSICURAZIONI<\/a><br \/>\n<a href=\"https:\/\/centroprivacy.asmenet.it\/presenzano\/wp-content\/uploads\/sites\/144\/2022\/02\/ASSISTENZA-DOMICILIARE_PRESENZANO.pdf\">ASSISTENZA DOMICILIARE<\/a><br \/>\n<a href=\"https:\/\/centroprivacy.asmenet.it\/presenzano\/wp-content\/uploads\/sites\/144\/2022\/02\/ASSISTENZA-SCOLASTICA_PRESENZANO.pdf\">ASSISTENZA SCOLASTICA<\/a><br \/>\n<a href=\"https:\/\/centroprivacy.asmenet.it\/presenzano\/wp-content\/uploads\/sites\/144\/2022\/02\/ATTIVITA-ANIMATORIALI_PRESENZANO.pdf\">ATTIVITA&#8217; ANIMATORIALI<\/a><br \/>\n<a href=\"https:\/\/centroprivacy.asmenet.it\/presenzano\/wp-content\/uploads\/sites\/144\/2022\/02\/ATTIVITA-PER-I-MINORI_PRESENZANO.pdf\">ATTIVITA&#8217; PER I MINORI<\/a><br \/>\n<a href=\"https:\/\/centroprivacy.asmenet.it\/presenzano\/wp-content\/uploads\/sites\/144\/2022\/02\/AUTOCERTIFICAZIONI_PRESENZANO.pdf\">AUTOCERTIFICAZIONI<\/a><br \/>\n<a href=\"https:\/\/centroprivacy.asmenet.it\/presenzano\/wp-content\/uploads\/sites\/144\/2022\/02\/AUTORIZZAZIONE-PUBBLICA-SICUREZZA_PRESENZANO.pdf\">AUTORIZZAZIONE PUBBLICA SICUREZZA<\/a><br \/>\n<a href=\"https:\/\/centroprivacy.asmenet.it\/presenzano\/wp-content\/uploads\/sites\/144\/2022\/02\/AUTORIZZAZIONI_PRESENZANO.pdf\">AUTORIZZAZIONI<\/a><br \/>\n<a href=\"https:\/\/centroprivacy.asmenet.it\/presenzano\/wp-content\/uploads\/sites\/144\/2022\/02\/BIBLIOTECA_PRESENZANO.pdf\">BIBLIOTECA<\/a><br \/>\n<a href=\"https:\/\/centroprivacy.asmenet.it\/presenzano\/wp-content\/uploads\/sites\/144\/2022\/02\/CIMITERI_PRESENZANO.pdf\">CIMITERI<\/a><br \/>\n<a href=\"https:\/\/centroprivacy.asmenet.it\/presenzano\/wp-content\/uploads\/sites\/144\/2022\/02\/COMMERCIO-E-AGRICOLTURA_PRESENZANO.pdf\">COMMERCIO E AGRICOLTURA<\/a><br \/>\n<a href=\"https:\/\/centroprivacy.asmenet.it\/presenzano\/wp-content\/uploads\/sites\/144\/2022\/02\/CONCESSIONI-TEMPORANEE-SPAZI_PRESENZANO.pdf\">CONCESSIONI TEMPORANEE SPAZI<\/a><br \/>\n<a href=\"https:\/\/centroprivacy.asmenet.it\/presenzano\/wp-content\/uploads\/sites\/144\/2022\/02\/CONSERVAZIONE-SOSTITUTIVA_PRESENZANO.pdf\">CONSERVAZIONE SOSTITUTIVA<\/a><br \/>\n<a href=\"https:\/\/centroprivacy.asmenet.it\/presenzano\/wp-content\/uploads\/sites\/144\/2022\/02\/CONSULTAZIONI-ELETTORALI_PRESENZANO.pdf\">CONSULTAZIONI ELETTORALI<\/a><br \/>\n<a href=\"https:\/\/centroprivacy.asmenet.it\/presenzano\/wp-content\/uploads\/sites\/144\/2022\/02\/CONTENZIOSO_PRESENZANO.pdf\">CONTENZIOSO<\/a><br \/>\n<a href=\"https:\/\/centroprivacy.asmenet.it\/presenzano\/wp-content\/uploads\/sites\/144\/2022\/02\/CONTRATTI_PRESENZANO.pdf\">CONTRATTI<\/a><br \/>\n<a href=\"https:\/\/centroprivacy.asmenet.it\/presenzano\/wp-content\/uploads\/sites\/144\/2022\/02\/CONTRIBUTI-PER-EVENTI-ECCEZIONALI_PRESENZANO.pdf\">CONTRIBUTI PER EVENTI ECCEZIONALI<\/a><br \/>\n<a href=\"https:\/\/centroprivacy.asmenet.it\/presenzano\/wp-content\/uploads\/sites\/144\/2022\/02\/CONTROLLO-ACCESSI_PRESENZANO.pdf\">CONTROLLO ACCESSI<\/a><br \/>\n<a href=\"https:\/\/centroprivacy.asmenet.it\/presenzano\/wp-content\/uploads\/sites\/144\/2022\/02\/CONTROLLO-PARTECIPATE_PRESENZANO.pdf\">CONTROLLO PARTECIPATE<\/a><br \/>\n<a href=\"https:\/\/centroprivacy.asmenet.it\/presenzano\/wp-content\/uploads\/sites\/144\/2022\/02\/COVID_PRESENZANO.pdf\">COVID<\/a><br \/>\n<a href=\"https:\/\/centroprivacy.asmenet.it\/presenzano\/wp-content\/uploads\/sites\/144\/2022\/02\/DEMOCRAZIA-PARTECIPATIVA_PRESENZANO.pdf\">DEMOCRAZIA PARTECIPATIVA<\/a><br \/>\n<a href=\"https:\/\/centroprivacy.asmenet.it\/presenzano\/wp-content\/uploads\/sites\/144\/2022\/02\/EDILIZIA-SOCIALE_PRESENZANO.pdf\">EDILIZIA SOCIALE<\/a><br \/>\n<a href=\"https:\/\/centroprivacy.asmenet.it\/presenzano\/wp-content\/uploads\/sites\/144\/2022\/02\/ELETTORALE_PRESENZANO.pdf\">ELETTORALE<\/a><br \/>\n<a href=\"https:\/\/centroprivacy.asmenet.it\/presenzano\/wp-content\/uploads\/sites\/144\/2022\/02\/ENTRATE-TRIBUTI_PRESENZANO.pdf\">ENTRATE TRIBUTI<\/a><br \/>\n<a href=\"https:\/\/centroprivacy.asmenet.it\/presenzano\/wp-content\/uploads\/sites\/144\/2022\/02\/ESPROPRI_PRESENZANO.pdf\">ESPROPRI<\/a><br \/>\n<a href=\"https:\/\/centroprivacy.asmenet.it\/presenzano\/wp-content\/uploads\/sites\/144\/2022\/02\/ESTERNALIZZAZIONI_PRESENZANO.pdf\">ESTERNALIZZAZIONI<\/a><br \/>\n<a href=\"https:\/\/centroprivacy.asmenet.it\/presenzano\/wp-content\/uploads\/sites\/144\/2022\/02\/GARE-E-APPALTI_PRESENZANO.pdf\">GARE E APPALTI<\/a><br \/>\n<a href=\"https:\/\/centroprivacy.asmenet.it\/presenzano\/wp-content\/uploads\/sites\/144\/2022\/02\/GESTIONE-ECONOMICA_PRESENZANO.pdf\">GESTIONE ECONOMICA<\/a><br \/>\n<a href=\"https:\/\/centroprivacy.asmenet.it\/presenzano\/wp-content\/uploads\/sites\/144\/2022\/02\/GESTIONE-PATRIMONIO_PRESENZANO.pdf\">GESTIONE PATRIMONIO<\/a><br \/>\n<a href=\"https:\/\/centroprivacy.asmenet.it\/presenzano\/wp-content\/uploads\/sites\/144\/2022\/02\/GESTIONE-PERSONALE_PRESENZANO.pdf\">GESTIONE PERSONALE<\/a><br \/>\n<a href=\"https:\/\/centroprivacy.asmenet.it\/presenzano\/wp-content\/uploads\/sites\/144\/2022\/02\/GIUDICI-POPOLARI_PRESENZANO.pdf\">GIUDICI POPOLARI<\/a><br \/>\n<a href=\"https:\/\/centroprivacy.asmenet.it\/presenzano\/wp-content\/uploads\/sites\/144\/2022\/02\/IGIENE-URBANA_PRESENZANO.pdf\">IGIENE URBANA<\/a><br \/>\n<a href=\"https:\/\/centroprivacy.asmenet.it\/presenzano\/wp-content\/uploads\/sites\/144\/2022\/02\/LASCITI-E-DONAZIONI_PRESENZANO.pdf\">LASCITI E DONAZIONI<\/a><br \/>\n<a href=\"https:\/\/centroprivacy.asmenet.it\/presenzano\/wp-content\/uploads\/sites\/144\/2022\/02\/LEVA-MILITARE_PRESENZANO.pdf\">LEVA MILITARE<\/a><br \/>\n<a href=\"https:\/\/centroprivacy.asmenet.it\/presenzano\/wp-content\/uploads\/sites\/144\/2022\/02\/MANIFESTAZIONI-PUBBLICHE_PRESENZANO.pdf\">MANIFESTAZIONI PUBBLICHE<\/a><br \/>\n<a href=\"https:\/\/centroprivacy.asmenet.it\/presenzano\/wp-content\/uploads\/sites\/144\/2022\/02\/MESSI-E-NOTIFICHE_PRESENZANO.pdf\">MESSI E NOTIFICHE<\/a><br \/>\n<a href=\"https:\/\/centroprivacy.asmenet.it\/presenzano\/wp-content\/uploads\/sites\/144\/2022\/02\/OCCUPAZIONE-GIOVANILE_PRESENZANO.pdf\">OCCUPAZIONE GIOVANILE<\/a><br \/>\n<a href=\"https:\/\/centroprivacy.asmenet.it\/presenzano\/wp-content\/uploads\/sites\/144\/2022\/02\/OPERE-PUBBLICHE_PRESENZANO.pdf\">OPERE PUBBLICHE<\/a><br \/>\n<a href=\"https:\/\/centroprivacy.asmenet.it\/presenzano\/wp-content\/uploads\/sites\/144\/2022\/02\/ORDINANZE_PRESENZANO.pdf\">ORDINANZE<\/a><br \/>\n<a href=\"https:\/\/centroprivacy.asmenet.it\/presenzano\/wp-content\/uploads\/sites\/144\/2022\/02\/ORGANI-ISTITUZIONALI_PRESENZANO.pdf\">ORGANI ISTITUZIONALI<\/a><br \/>\n<a href=\"https:\/\/centroprivacy.asmenet.it\/presenzano\/wp-content\/uploads\/sites\/144\/2022\/02\/POLIZIA-AMMINISTRATIVA_PRESENZANO.pdf\">POLIZIA AMMINISTRATIVA<\/a><br \/>\n<a href=\"https:\/\/centroprivacy.asmenet.it\/presenzano\/wp-content\/uploads\/sites\/144\/2022\/02\/POLIZIA-MUNICIPALE-ACCERTAMENTI_PRESENZANO.pdf\">POLIZIA MUNICIPALE ACCERTAMENTI<\/a><br \/>\n<a href=\"https:\/\/centroprivacy.asmenet.it\/presenzano\/wp-content\/uploads\/sites\/144\/2022\/02\/POLIZIA-MUNICIPALE-ILLECITI-EDILIZI_PRESENZANO.pdf\">POLIZIA MUNICIPALE ILLECITI EDILIZI<\/a><br \/>\n<a href=\"https:\/\/centroprivacy.asmenet.it\/presenzano\/wp-content\/uploads\/sites\/144\/2022\/02\/POLIZIA-MUNICIPALE-INCIDENTI-STRADALI_PRESENZANO.pdf\">POLIZIA MUNICIPALE INCIDENTI STRADALI<\/a><br \/>\n<a href=\"https:\/\/centroprivacy.asmenet.it\/presenzano\/wp-content\/uploads\/sites\/144\/2022\/02\/POLIZIA-MUNICIPALE-NOTIZIE-DI-REATO_PRESENZANO.pdf\">POLIZIA MUNICIPALE NOTIZIE DI REATO<\/a><br \/>\n<a href=\"https:\/\/centroprivacy.asmenet.it\/presenzano\/wp-content\/uploads\/sites\/144\/2022\/02\/POLIZIA-MUNICIPALE-POLIZIA-GIUDIZIARIA_PRESENZANO.pdf\">POLIZIA MUNICIPALE POLIZIA GIUDIZIARIA<\/a><br \/>\n<a href=\"https:\/\/centroprivacy.asmenet.it\/presenzano\/wp-content\/uploads\/sites\/144\/2022\/02\/POLIZIA-MUNICIPALE-VIOLAZIONI-E-SANZIONI-AMMINISTRATIVE-E-PENALI_PRESENZANO.pdf\">POLIZIA MUNICIPALE VIOLAZIONI E SANZIONI AMMINISTRATIVE E PENALI<\/a><br \/>\n<a href=\"https:\/\/centroprivacy.asmenet.it\/presenzano\/wp-content\/uploads\/sites\/144\/2022\/02\/PROGRAMMAZIONE-ORGANIZZAZIONE-CONTROLLO_PRESENZANO.pdf\">PROGRAMMAZIONE-ORGANIZZAZIONE-CONTROLLO<\/a><br \/>\n<a href=\"https:\/\/centroprivacy.asmenet.it\/presenzano\/wp-content\/uploads\/sites\/144\/2022\/02\/PROMOZIONE-E-INFORMAZIONE_PRESENZANO.pdf\">PROMOZIONE E INFORMAZIONE<\/a><br \/>\n<a href=\"https:\/\/centroprivacy.asmenet.it\/presenzano\/wp-content\/uploads\/sites\/144\/2022\/02\/PROTEZIONE-CIVILE_PRESENZANO.pdf\">PROTEZIONE CIVILE<\/a><br \/>\n<a href=\"https:\/\/centroprivacy.asmenet.it\/presenzano\/wp-content\/uploads\/sites\/144\/2022\/02\/PROVVEDIMENTI-SANITARI-TSO-SEQUESTRI_PRESENZANO.pdf\">PROVVEDIMENTI SANITARI &#8211; TSO &#8211; SEQUESTRI<\/a><br \/>\n<a href=\"https:\/\/centroprivacy.asmenet.it\/presenzano\/wp-content\/uploads\/sites\/144\/2022\/02\/SEGNALAZIONI_PRESENZANO.pdf\">SEGNALAZIONI<\/a><br \/>\n<a href=\"https:\/\/centroprivacy.asmenet.it\/presenzano\/wp-content\/uploads\/sites\/144\/2022\/02\/SERVIZI-A-DOMANDA-INDIVIDUALE_PRESENZANO.pdf\">SERVIZI A DOMANDA INDIVIDUALE<\/a><br \/>\n<a href=\"https:\/\/centroprivacy.asmenet.it\/presenzano\/wp-content\/uploads\/sites\/144\/2022\/02\/SERVIZI-ON-LINE_PRESENZANO.pdf\">SERVIZI ON LINE<\/a><br \/>\n<a href=\"https:\/\/centroprivacy.asmenet.it\/presenzano\/wp-content\/uploads\/sites\/144\/2022\/02\/SERVIZI-SCOLASTICI_PRESENZANO.pdf\">SERVIZI SCOLASTICI<\/a><br \/>\n<a href=\"https:\/\/centroprivacy.asmenet.it\/presenzano\/wp-content\/uploads\/sites\/144\/2022\/02\/SERVIZI-SOCIALI_PRESENZANO.pdf\">SERVIZI SOCIALI<\/a><br \/>\n<a href=\"https:\/\/centroprivacy.asmenet.it\/presenzano\/wp-content\/uploads\/sites\/144\/2022\/02\/SICUREZZA-SUL-LAVORO_PRESENZANO.pdf\">SICUREZZA SUL LAVORO<\/a><br \/>\n<a href=\"https:\/\/centroprivacy.asmenet.it\/presenzano\/wp-content\/uploads\/sites\/144\/2022\/02\/SISTEMA-INFORMATICO_PRESENZANO.pdf\">SISTEMA INFORMATICO<\/a><br \/>\n<a href=\"https:\/\/centroprivacy.asmenet.it\/presenzano\/wp-content\/uploads\/sites\/144\/2022\/02\/SOCIALE-LAVORO_PRESENZANO.pdf\">SOCIALE LAVORO<\/a><br \/>\n<a href=\"https:\/\/centroprivacy.asmenet.it\/presenzano\/wp-content\/uploads\/sites\/144\/2022\/02\/SOSTEGNO-ECONOMICO_PRESENZANO.pdf\">SOSTEGNO ECONOMICO<\/a><br \/>\n<a href=\"https:\/\/centroprivacy.asmenet.it\/presenzano\/wp-content\/uploads\/sites\/144\/2022\/02\/SPORTELLO-UNICO-EDILIZIA-SUE_PRESENZANO.pdf\">SPORTELLO UNICO EDILIZIA &#8211; SUE<\/a><br \/>\n<a href=\"https:\/\/centroprivacy.asmenet.it\/presenzano\/wp-content\/uploads\/sites\/144\/2022\/02\/STAFF-DI-GABINETTO-DEL-SINDACO_PRESENZANO.pdf\">STAFF DI GABINETTO DEL SINDACO<\/a><br \/>\n<a href=\"https:\/\/centroprivacy.asmenet.it\/presenzano\/wp-content\/uploads\/sites\/144\/2022\/02\/STATISTICA_PRESENZANO.pdf\">STATISTICA<\/a><br \/>\n<a href=\"https:\/\/centroprivacy.asmenet.it\/presenzano\/wp-content\/uploads\/sites\/144\/2022\/02\/STATO-CIVILE_PRESENZANO.pdf\">STATO CIVILE<\/a><br \/>\n<a href=\"https:\/\/centroprivacy.asmenet.it\/presenzano\/wp-content\/uploads\/sites\/144\/2022\/02\/STRUMENTI-DI-PROMOZIONE-DEL-TERRITORIO_PRESENZANO.pdf\">STRUMENTI DI PROMOZIONE DEL TERRITORIO<\/a><br \/>\n<a href=\"https:\/\/centroprivacy.asmenet.it\/presenzano\/wp-content\/uploads\/sites\/144\/2022\/02\/SUAP_PRESENZANO.pdf\">SUAP<\/a><br \/>\n<a href=\"https:\/\/centroprivacy.asmenet.it\/presenzano\/wp-content\/uploads\/sites\/144\/2022\/02\/TRAFFICO-PERMESSI_PRESENZANO.pdf\">TRAFFICO PERMESSI<\/a><br \/>\n<a href=\"https:\/\/centroprivacy.asmenet.it\/presenzano\/wp-content\/uploads\/sites\/144\/2022\/02\/TRASPARENZA-ANTICORRUZIONE_PRESENZANO.pdf\">TRASPARENZA ANTICORRUZIONE<\/a><br \/>\n<a href=\"https:\/\/centroprivacy.asmenet.it\/presenzano\/wp-content\/uploads\/sites\/144\/2022\/02\/TUTELA-AMBIENTALE-E-DECORO-URBANO_PRESENZANO.pdf\">TUTELA AMBIENTALE E DECORO URBANO<\/a><br \/>\n<a href=\"https:\/\/centroprivacy.asmenet.it\/presenzano\/wp-content\/uploads\/sites\/144\/2022\/02\/TUTELA-GIURIDICA_PRESENZANO.pdf\">TUTELA GIURIDICA<\/a><br \/>\n<a href=\"https:\/\/centroprivacy.asmenet.it\/presenzano\/wp-content\/uploads\/sites\/144\/2022\/02\/VIDEOSORVEGLIANZA_PRESENZANO.pdf\">VIDEOSORVEGLIANZA<\/a><\/p>\n<header class=\"entry-header clearfix\">&nbsp;<\/p>\n<\/header>\n<\/div>\n<\/div>\n<div class=\"paragraph paragraph--type--contenuto paragraph--view-mode--default\">\n<div class=\"field field--name-field-contenuto field--type-text-long field--label-hidden field__item editor-text\">\n<p>&nbsp;<\/p>\n<\/div>\n<\/div>\n<\/div>\n","protected":false},"excerpt":{"rendered":"<p>INFORMATIVA per il trattamento dei dati personali ai sensi dell\u2019art 13 del Regolamento europeo n. 679\/2016 &nbsp; 1. Premessa Ai sensi dell\u2019art. 13 del Regolamento europeo n. 679\/2016, il\u00a0 , in qualit\u00e0 di \u201cTitolare\u201d del trattamento, \u00e8 tenuta a fornirle informazioni in merito all\u2019utilizzo dei suoi dati personali. &nbsp; 2.\u00a0\u00a0 Identit\u00e0 e i dati di [&hellip;]<\/p>\n","protected":false},"author":1,"featured_media":0,"parent":0,"menu_order":0,"comment_status":"closed","ping_status":"closed","template":"template-fullpage-nosidebar.php","meta":[],"_links":{"self":[{"href":"https:\/\/centroprivacy.asmenet.it\/presenzano\/index.php?rest_route=\/wp\/v2\/pages\/844"}],"collection":[{"href":"https:\/\/centroprivacy.asmenet.it\/presenzano\/index.php?rest_route=\/wp\/v2\/pages"}],"about":[{"href":"https:\/\/centroprivacy.asmenet.it\/presenzano\/index.php?rest_route=\/wp\/v2\/types\/page"}],"author":[{"embeddable":true,"href":"https:\/\/centroprivacy.asmenet.it\/presenzano\/index.php?rest_route=\/wp\/v2\/users\/1"}],"replies":[{"embeddable":true,"href":"https:\/\/centroprivacy.asmenet.it\/presenzano\/index.php?rest_route=%2Fwp%2Fv2%2Fcomments&post=844"}],"version-history":[{"count":22,"href":"https:\/\/centroprivacy.asmenet.it\/presenzano\/index.php?rest_route=\/wp\/v2\/pages\/844\/revisions"}],"predecessor-version":[{"id":1257,"href":"https:\/\/centroprivacy.asmenet.it\/presenzano\/index.php?rest_route=\/wp\/v2\/pages\/844\/revisions\/1257"}],"wp:attachment":[{"href":"https:\/\/centroprivacy.asmenet.it\/presenzano\/index.php?rest_route=%2Fwp%2Fv2%2Fmedia&parent=844"}],"curies":[{"name":"wp","href":"https:\/\/api.w.org\/{rel}","templated":true}]}}