{"id":844,"date":"2018-05-31T13:07:03","date_gmt":"2018-05-31T11:07:03","guid":{"rendered":"https:\/\/centroprivacy.asmenet.it\/serre\/?page_id=844"},"modified":"2021-07-20T12:47:02","modified_gmt":"2021-07-20T10:47:02","slug":"privacy-2","status":"publish","type":"page","link":"https:\/\/centroprivacy.asmenet.it\/serre\/?page_id=844","title":{"rendered":"PRIVACY"},"content":{"rendered":"<div class=\"entry-content\" role=\"article\">\n<div class=\"paragraph paragraph--type--contenuto paragraph--view-mode--default\">\n<div class=\"field field--name-field-contenuto field--type-text-long field--label-hidden field__item editor-text\">\n<header class=\"entry-header clearfix\">\n<h1>INFORMATIVA per il trattamento dei dati personali ai sensi dell\u2019art 13 del Regolamento europeo n. 679\/2016<\/h1>\n<p>&nbsp;<\/p>\n<h3>1. Premessa<\/h3>\n<p>Ai sensi dell\u2019art. 13 del Regolamento europeo n. 679\/2016, il\u00a0 Comune di Serre, in qualit\u00e0 di \u201cTitolare\u201d del trattamento, \u00e8 tenuta a fornirle informazioni in merito all\u2019utilizzo dei suoi dati personali.<\/p>\n<p>&nbsp;<\/p>\n<h3>2.\u00a0\u00a0 Identit\u00e0 e i dati di contatto del titolare del trattamento<\/h3>\n<p>Il Titolare del trattamento dei dati personali di cui alla presente Informativa \u00e8 il\u00a0 Comune di Serre, con sede in Comune di Serre Via Vittorio Emanuele 84028 &#8211; pec: <a href=\"mailto:ufficio.aagg.serre@asmepec.it\" style=\"word-break: break-all; display: inline-block;\">ufficio.aagg.serre@asmepec.it<\/a> . il quale in qualit\u00e0 di titolare tratter\u00e0 i dati personali conferiti con modalit\u00e0 prevalentemente informatiche e telematiche, per le finalit\u00e0 previste dal Regolamento (UE) 2016\/679 (RGPD), in particolare per l&#8217;esecuzione dei propri compiti di interesse pubblico o comunque connessi all&#8217;esercizio dei propri pubblici poteri, ivi incluse le finalit\u00e0 di archiviazione, di ricerca storica e di analisi per scopi statistici.<\/p>\n<p>&nbsp;<\/p>\n<h3>3.\u00a0\u00a0 Il Responsabile della protezione dei dati personali<\/h3>\n<p>Il\u00a0 Comune di Serre ha designato quale Responsabile della protezione dei dati la societ\u00e0 <a href=\"http:\/\/www.asmenet.it\/\">ASMENET S.C.A.R.L.<\/a> (<a href=\"mailto:supporto.asmenet@asmepec.it\">supporto.asmenet@asmepec.it<\/a>)<\/p>\n<p>&nbsp;<\/p>\n<h3>4.\u00a0\u00a0 Responsabili del trattamento<\/h3>\n<p>L\u2019Ente pu\u00f2 avvalersi di soggetti terzi per l\u2019espletamento di attivit\u00e0 e relativi trattamenti di dati personali di cui l\u2019Ente ha la titolarit\u00e0. Conformemente a quanto stabilito dalla normativa, tali soggetti assicurano livelli esperienza, capacit\u00e0 e affidabilit\u00e0 tali da garantire il rispetto delle vigenti disposizioni in materia di trattamento, ivi compreso il profilo della sicurezza dei dati.<br \/>\nVengono formalizzate da parte dell\u2019Ente istruzioni, compiti ed oneri in capo a tali soggetti terzi con la designazione degli stessi a &#8220;Responsabili del trattamento&#8221;. Vengono sottoposti tali soggetti a verifiche periodiche al fine di constatare il mantenimento dei livelli di garanzia registrati in occasione dell\u2019affidamento dell\u2019incarico iniziale.<\/p>\n<p>&nbsp;<\/p>\n<h3>5.\u00a0\u00a0 Soggetti autorizzati al trattamento<\/h3>\n<p>I Suoi dati personali sono trattati da personale interno previamente autorizzato e designato quale incaricato del trattamento, a cui sono impartite idonee istruzioni in ordine a misure, accorgimenti, modus operandi, tutti volti alla concreta tutela dei tuoi dati personali.<\/p>\n<p>&nbsp;<\/p>\n<h3>6.\u00a0\u00a0 Finalit\u00e0 e base giuridica del trattamento<\/h3>\n<p>Il trattamento dei suoi dati personali viene effettuato dal Comune di Serre per lo svolgimento di funzioni istituzionali e, pertanto, ai sensi dell\u2019art. 6 comma 1 lett. e) non necessita del suo consenso.<\/p>\n<p>I dati personali sono in relazione al procedimento ed alle attivit\u00e0 correlate.<\/p>\n<p>&nbsp;<\/p>\n<h3>7.\u00a0\u00a0 Destinatari dei dati personali<\/h3>\n<p>I suoi dati personali potranno essere comunicati ad altri Enti competenti di cui si avvale il Comune, al solo scopo di procedere all\u2019istruttoria della pratica.<\/p>\n<p>&nbsp;<\/p>\n<h3>8.\u00a0\u00a0 Trasferimento dei dati personali a Paesi extra UE<\/h3>\n<p>I suoi dati personali non sono trasferiti al di fuori dell\u2019Unione europea.<\/p>\n<p>&nbsp;<\/p>\n<h3>9.\u00a0\u00a0 Periodo di conservazione<\/h3>\n<p>I suoi dati sono conservati per un periodo non superiore a quello necessario per il perseguimento delle finalit\u00e0 sopra menzionate. A tal fine, anche mediante controlli periodici, viene verificata costantemente la stretta pertinenza, non eccedenza e indispensabilit\u00e0 dei dati rispetto al rapporto, alla prestazione o all&#8217;incarico in corso, da instaurare o cessati, anche con riferimento ai dati che Lei fornisce di propria iniziativa. I dati che, anche a seguito delle verifiche, risultano eccedenti o non pertinenti o non indispensabili non sono utilizzati, salvo che per l&#8217;eventuale conservazione, a norma di legge, dell&#8217;atto o del documento che li contiene.<\/p>\n<p>&nbsp;<\/p>\n<h3>10.\u00a0\u00a0\u00a0 I suoi diritti<\/h3>\n<p>Nella sua qualit\u00e0 di interessato,\u00a0Lei potr\u00e0, in qualsiasi momento, esercitare i\u00a0<span lang=\"zxx\" xml:lang=\"zxx\"><u><strong>diritti<\/strong><\/u><\/span>:<\/p>\n<ul>\n<li>di richiedere maggiori informazioni in relazione ai contenuti della presente informativa<\/li>\n<li>di accesso ai dati personali;<\/li>\n<li>di ottenere la rettifica o la cancellazione degli stessi o la limitazione del trattamento che lo riguardano (nei casi previsti dalla normativa);<\/li>\n<li>di opporsi al trattamento (nei casi previsti dalla normativa);<\/li>\n<li>alla portabilit\u00e0 dei dati (nei casi previsti dalla normativa);<\/li>\n<li>di revocare il consenso, ove previsto; la revoca del consenso non pregiudica la liceit\u00e0 del trattamento basata sul consenso conferito prima della revoca;<\/li>\n<li>di proporre reclamo all&#8217;autorit\u00e0 di controllo (Garante Privacy);<\/li>\n<li>di dare mandato a un organismo, un&#8217;organizzazione o un&#8217;associazione senza scopo di lucro per l&#8217;esercizio dei suoi diritti;<\/li>\n<li>di richiedere il risarcimento dei danni conseguenti alla violazione della normativa.<\/li>\n<\/ul>\n<p>&nbsp;<\/p>\n<h3>11.\u00a0\u00a0\u00a0 Conferimento dei dati<\/h3>\n<p>Il conferimento dei Suoi dati \u00e8 facoltativo, ma necessario per le finalit\u00e0 sopra indicate. Il mancato conferimento comporter\u00e0 l\u2019impossibilit\u00e0 di procedere all\u2019istruttoria da Lei richiesta.<\/p>\n<\/header>\n<\/div>\n<\/div>\n<div class=\"paragraph paragraph--type--contenuto paragraph--view-mode--default\">\n<div class=\"field field--name-field-contenuto field--type-text-long field--label-hidden field__item editor-text\">\n<p>&nbsp;<\/p>\n<\/div>\n<\/div>\n<\/div>\n\n<p style=\"text-align: center;\"><strong>INFORMATIVE DEL COMUNE<\/strong><\/p>\n<p><a href=\"https:\/\/centroprivacy.asmenet.it\/serre\/wp-content\/uploads\/sites\/76\/2021\/07\/ACCESSO-CIVICO-COMUNE-DI-SERRE.pdf\">ACCESSO CIVICO <\/a><br \/>\n<a href=\"https:\/\/centroprivacy.asmenet.it\/serre\/wp-content\/uploads\/sites\/76\/2021\/07\/ACCORDI-CONVENZIONI-COMUNE-DI-SERRE.pdf\">ACCORDI-CONVENZIONI <\/a><br \/>\n<a href=\"https:\/\/centroprivacy.asmenet.it\/serre\/wp-content\/uploads\/sites\/76\/2021\/07\/AGEVOLAZIONI-TRIBUTARIE-COMUNE-DI-SERRE.pdf\">AGEVOLAZIONI TRIBUTARIE <\/a><br \/>\n<a href=\"https:\/\/centroprivacy.asmenet.it\/serre\/wp-content\/uploads\/sites\/76\/2021\/07\/ALBO-PRETORIO-COMUNE-DI-SERRE.pdf\">ALBO PRETORIO <\/a><br \/>\n<a href=\"https:\/\/centroprivacy.asmenet.it\/serre\/wp-content\/uploads\/sites\/76\/2021\/07\/ALIMENTI-E-BEVANDE-COMUNE-DI-SERRE.pdf\">ALIMENTI E BEVANDE <\/a><br \/>\n<a href=\"https:\/\/centroprivacy.asmenet.it\/serre\/wp-content\/uploads\/sites\/76\/2021\/07\/ANAGRAFE-CANINA-COMUNE-DI-SERRE.pdf\">ANAGRAFE CANINA <\/a><br \/>\n<a href=\"https:\/\/centroprivacy.asmenet.it\/serre\/wp-content\/uploads\/sites\/76\/2021\/07\/ANAGRAFE-COMUNE-DI-SERRE.pdf\">ANAGRAFE <\/a><br \/>\n<a href=\"https:\/\/centroprivacy.asmenet.it\/serre\/wp-content\/uploads\/sites\/76\/2021\/07\/ARCHIVIO-E-PROTOCOLLO-COMUNE-DI-SERRE.pdf\">ARCHIVIO E PROTOCOLLO <\/a><br \/>\n<a href=\"https:\/\/centroprivacy.asmenet.it\/serre\/wp-content\/uploads\/sites\/76\/2021\/07\/ARCHIVIO-STORICO-COMUNE-DI-SERRE.pdf\">ARCHIVIO STORICO <\/a><br \/>\n<a href=\"https:\/\/centroprivacy.asmenet.it\/serre\/wp-content\/uploads\/sites\/76\/2021\/07\/ASILI-NIDO-E-SCUOLA-DELLINFANZIA-COMUNE-DI-SERRE.pdf\">ASILI NIDO E SCUOLA DELL&#8217;INFANZIA <\/a><br \/>\n<a href=\"https:\/\/centroprivacy.asmenet.it\/serre\/wp-content\/uploads\/sites\/76\/2021\/07\/ASSICURAZIONI-COMUNE-DI-SERRE.pdf\">ASSICURAZIONI <\/a><br \/>\n<a href=\"https:\/\/centroprivacy.asmenet.it\/serre\/wp-content\/uploads\/sites\/76\/2021\/07\/ASSISTENZA-DOMICILIARE-COMUNE-DI-SERRE.pdf\">ASSISTENZA DOMICILIARE <\/a><br \/>\n<a href=\"https:\/\/centroprivacy.asmenet.it\/serre\/wp-content\/uploads\/sites\/76\/2021\/07\/ASSISTENZA-SCOLASTICA-COMUNE-DI-SERRE.pdf\">ASSISTENZA SCOLASTICA <\/a><br \/>\n<a href=\"https:\/\/centroprivacy.asmenet.it\/serre\/wp-content\/uploads\/sites\/76\/2021\/07\/ATTIVITA-PER-I-MINORI-COMUNE-DI-SERRE.pdf\">ATTIVITA&#8217; PER I MINORI <\/a><br \/>\n<a href=\"https:\/\/centroprivacy.asmenet.it\/serre\/wp-content\/uploads\/sites\/76\/2021\/07\/AUTOCERTIFICAZIONI-COMUNE-DI-SERRE.pdf\">AUTOCERTIFICAZIONI <\/a><br \/>\n<a href=\"https:\/\/centroprivacy.asmenet.it\/serre\/wp-content\/uploads\/sites\/76\/2021\/07\/AUTORIZZAZIONE-PUBBLICA-SICUREZZA-COMUNE-DI-SERRE.pdf\">AUTORIZZAZIONE PUBBLICA SICUREZZA <\/a><br \/>\n<a href=\"https:\/\/centroprivacy.asmenet.it\/serre\/wp-content\/uploads\/sites\/76\/2021\/07\/AUTORIZZAZIONI-COMUNE-DI-SERRE.pdf\">AUTORIZZAZIONI <\/a><br \/>\n<a href=\"https:\/\/centroprivacy.asmenet.it\/serre\/wp-content\/uploads\/sites\/76\/2021\/07\/BIBLIOTECA-COMUNE-DI-SERRE.pdf\">BIBLIOTECA <\/a><br \/>\n<a href=\"https:\/\/centroprivacy.asmenet.it\/serre\/wp-content\/uploads\/sites\/76\/2021\/07\/CIMITERI-COMUNE-DI-SERRE.pdf\">CIMITERI <\/a><br \/>\n<a href=\"https:\/\/centroprivacy.asmenet.it\/serre\/wp-content\/uploads\/sites\/76\/2021\/07\/COMMERCIO-E-AGRICOLTURA-COMUNE-DI-SERRE.pdf\">COMMERCIO E AGRICOLTURA <\/a><br \/>\n<a href=\"https:\/\/centroprivacy.asmenet.it\/serre\/wp-content\/uploads\/sites\/76\/2021\/07\/CONCESSIONI-TEMPORANEE-SPAZI-COMUNE-DI-SERRE.pdf\">CONCESSIONI TEMPORANEE SPAZI <\/a><br \/>\n<a href=\"https:\/\/centroprivacy.asmenet.it\/serre\/wp-content\/uploads\/sites\/76\/2021\/07\/CONSERVAZIONE-SOSTITUTIVA-COMUNE-DI-SERRE.pdf\">CONSERVAZIONE SOSTITUTIVA <\/a><br \/>\n<a href=\"https:\/\/centroprivacy.asmenet.it\/serre\/wp-content\/uploads\/sites\/76\/2021\/07\/CONSULTAZIONI-ELETTORALI-COMUNE-DI-SERRE.pdf\">CONSULTAZIONI ELETTORALI <\/a><br \/>\n<a href=\"https:\/\/centroprivacy.asmenet.it\/serre\/wp-content\/uploads\/sites\/76\/2021\/07\/CONTENZIOSO-COMUNE-DI-SERRE.pdf\">CONTENZIOSO <\/a><br \/>\n<a href=\"https:\/\/centroprivacy.asmenet.it\/serre\/wp-content\/uploads\/sites\/76\/2021\/07\/CONTRATTI-COMUNE-DI-SERRE.pdf\">CONTRATTI <\/a><br \/>\n<a href=\"https:\/\/centroprivacy.asmenet.it\/serre\/wp-content\/uploads\/sites\/76\/2021\/07\/CONTRIBUTI-PER-EVENTI-ECCEZIONALI-COMUNE-DI-SERRE.pdf\">CONTRIBUTI PER EVENTI ECCEZIONALI <\/a><br \/>\n<a href=\"https:\/\/centroprivacy.asmenet.it\/serre\/wp-content\/uploads\/sites\/76\/2021\/07\/CONTROLLO-ACCESSI-COMUNE-DI-SERRE.pdf\">CONTROLLO ACCESSI <\/a><br \/>\n<a href=\"https:\/\/centroprivacy.asmenet.it\/serre\/wp-content\/uploads\/sites\/76\/2021\/07\/CONTROLLO-PARTECIPATE-COMUNE-DI-SERRE.pdf\">CONTROLLO PARTECIPATE <\/a><br \/>\n<a href=\"https:\/\/centroprivacy.asmenet.it\/serre\/wp-content\/uploads\/sites\/76\/2021\/07\/COVID-COMUNE-DI-SERRE.pdf\">COVID <\/a><br \/>\n<a href=\"https:\/\/centroprivacy.asmenet.it\/serre\/wp-content\/uploads\/sites\/76\/2021\/07\/DEMOCRAZIA-PARTECIPATIVA-COMUNE-DI-SERRE.pdf\">DEMOCRAZIA PARTECIPATIVA <\/a><br \/>\n<a href=\"https:\/\/centroprivacy.asmenet.it\/serre\/wp-content\/uploads\/sites\/76\/2021\/07\/EDILIZIA-SOCIALE-COMUNE-DI-SERRE.pdf\">EDILIZIA SOCIALE <\/a><br \/>\n<a href=\"https:\/\/centroprivacy.asmenet.it\/serre\/wp-content\/uploads\/sites\/76\/2021\/07\/ELETTORALE-COMUNE-DI-SERRE.pdf\">ELETTORALE <\/a><br \/>\n<a href=\"https:\/\/centroprivacy.asmenet.it\/serre\/wp-content\/uploads\/sites\/76\/2021\/07\/ENTRATE-TRIBUTI-COMUNE-DI-SERRE.pdf\">ENTRATE TRIBUTI <\/a><br \/>\n<a href=\"https:\/\/centroprivacy.asmenet.it\/serre\/wp-content\/uploads\/sites\/76\/2021\/07\/ESPROPRI-COMUNE-DI-SERRE.pdf\">ESPROPRI <\/a><br \/>\n<a href=\"https:\/\/centroprivacy.asmenet.it\/serre\/wp-content\/uploads\/sites\/76\/2021\/07\/ESTERNALIZZAZIONI-COMUNE-DI-SERRE.pdf\">ESTERNALIZZAZIONI <\/a><br \/>\n<a href=\"https:\/\/centroprivacy.asmenet.it\/serre\/wp-content\/uploads\/sites\/76\/2021\/07\/GARE-E-APPALTI-COMUNE-DI-SERRE.pdf\">GARE E APPALTI <\/a><br \/>\n<a href=\"https:\/\/centroprivacy.asmenet.it\/serre\/wp-content\/uploads\/sites\/76\/2021\/07\/GESTIONE-ECONOMICA-COMUNE-DI-SERRE.pdf\">GESTIONE ECONOMICA <\/a><br \/>\n<a href=\"https:\/\/centroprivacy.asmenet.it\/serre\/wp-content\/uploads\/sites\/76\/2021\/07\/GESTIONE-PATRIMONIO-COMUNE-DI-SERRE.pdf\">GESTIONE PATRIMONIO <\/a><br \/>\n<a href=\"https:\/\/centroprivacy.asmenet.it\/serre\/wp-content\/uploads\/sites\/76\/2021\/07\/GESTIONE-PERSONALE-COMUNE-DI-SERRE.pdf\">GESTIONE PERSONALE <\/a><br \/>\n<a href=\"https:\/\/centroprivacy.asmenet.it\/serre\/wp-content\/uploads\/sites\/76\/2021\/07\/GIUDICI-POPOLARI-COMUNE-DI-SERRE.pdf\">GIUDICI POPOLARI <\/a><br \/>\n<a href=\"https:\/\/centroprivacy.asmenet.it\/serre\/wp-content\/uploads\/sites\/76\/2021\/07\/IGIENE-URBANA-COMUNE-DI-SERRE.pdf\">IGIENE URBANA <\/a><br \/>\n<a href=\"https:\/\/centroprivacy.asmenet.it\/serre\/wp-content\/uploads\/sites\/76\/2021\/07\/LASCITI-E-DONAZIONI-COMUNE-DI-SERRE.pdf\">LASCITI E DONAZIONI <\/a><br \/>\n<a href=\"https:\/\/centroprivacy.asmenet.it\/serre\/wp-content\/uploads\/sites\/76\/2021\/07\/LEVA-MILITARE-COMUNE-DI-SERRE.pdf\">LEVA MILITARE <\/a><br \/>\n<a href=\"https:\/\/centroprivacy.asmenet.it\/serre\/wp-content\/uploads\/sites\/76\/2021\/07\/MANIFESTAZIONI-PUBBLICHE-COMUNE-DI-SERRE.pdf\">MANIFESTAZIONI PUBBLICHE <\/a><br \/>\n<a href=\"https:\/\/centroprivacy.asmenet.it\/serre\/wp-content\/uploads\/sites\/76\/2021\/07\/MESI-E-NOTIFICHE-COMUNE-DI-SERRE.pdf\">MESI E NOTIFICHE <\/a><br \/>\n<a href=\"https:\/\/centroprivacy.asmenet.it\/serre\/wp-content\/uploads\/sites\/76\/2021\/07\/OCCUPAZIONE-GIOVANILE-COMUNE-DI-SERRE.pdf\">OCCUPAZIONE GIOVANILE <\/a><br \/>\n<a href=\"https:\/\/centroprivacy.asmenet.it\/serre\/wp-content\/uploads\/sites\/76\/2021\/07\/OPERE-PUBBLICHE-COMUNE-DI-SERRE.pdf\">OPERE PUBBLICHE <\/a><br \/>\n<a href=\"https:\/\/centroprivacy.asmenet.it\/serre\/wp-content\/uploads\/sites\/76\/2021\/07\/ORDINANZE-COMUNE-DI-SERRE.pdf\">ORDINANZE <\/a><br \/>\n<a href=\"https:\/\/centroprivacy.asmenet.it\/serre\/wp-content\/uploads\/sites\/76\/2021\/07\/ORGANI-ISTITUZIONALI-COMUNE-DI-SERRE.pdf\">ORGANI ISTITUZIONALI <\/a><br \/>\n<a href=\"https:\/\/centroprivacy.asmenet.it\/serre\/wp-content\/uploads\/sites\/76\/2021\/07\/POLIZIA-AMMINISTRATIVA-COMUNE-DI-SERRE.pdf\">POLIZIA AMMINISTRATIVA <\/a><br \/>\n<a href=\"https:\/\/centroprivacy.asmenet.it\/serre\/wp-content\/uploads\/sites\/76\/2021\/07\/POLIZIA-MUNICIPALE-ACCERTAMENTI-COMUNE-DI-SERRE.pdf\">POLIZIA MUNICIPALE ACCERTAMENTI <\/a><br \/>\n<a href=\"https:\/\/centroprivacy.asmenet.it\/serre\/wp-content\/uploads\/sites\/76\/2021\/07\/POLIZIA-MUNICIPALE-ILLECITI-EDILIZI-COMUNE-DI-SERRE.pdf\">POLIZIA MUNICIPALE ILLECITI EDILIZI <\/a><br \/>\n<a href=\"https:\/\/centroprivacy.asmenet.it\/serre\/wp-content\/uploads\/sites\/76\/2021\/07\/POLIZIA-MUNICIPALE-INCIDENTI-STRADALI-COMUNE-DI-SERRE.pdf\">POLIZIA MUNICIPALE INCIDENTI STRADALI <\/a><br \/>\n<a href=\"https:\/\/centroprivacy.asmenet.it\/serre\/wp-content\/uploads\/sites\/76\/2021\/07\/POLIZIA-MUNICIPALE-NOTIZIE-DI-REATO-COMUNE-DI-SERRE.pdf\">POLIZIA MUNICIPALE NOTIZIE DI REATO <\/a><br \/>\n<a href=\"https:\/\/centroprivacy.asmenet.it\/serre\/wp-content\/uploads\/sites\/76\/2021\/07\/POLIZIA-MUNICIPALE-POLIZIA-GIUDIZIARIA-COMUNE-DI-SERRE.pdf\">POLIZIA MUNICIPALE POLIZIA GIUDIZIARIA <\/a><br \/>\n<a href=\"https:\/\/centroprivacy.asmenet.it\/serre\/wp-content\/uploads\/sites\/76\/2021\/07\/POLIZIA-MUNICIPALE-VIOLAZIONI-E-SANZIONI-AMMINISTRATIVE-E-PENALI-COMUNE-DI-SERRE.pdf\">POLIZIA MUNICIPALE VIOLAZIONI E SANZIONI AMMINISTRATIVE E PENALI <\/a><br \/>\n<a href=\"https:\/\/centroprivacy.asmenet.it\/serre\/wp-content\/uploads\/sites\/76\/2021\/07\/PROGRAMMAZIONE-ORGANIZZAZIONE-CONTROLLO-COMUNE-DI-SERRE.pdf\">PROGRAMMAZIONE-ORGANIZZAZIONE-CONTROLLO <\/a><br \/>\n<a href=\"https:\/\/centroprivacy.asmenet.it\/serre\/wp-content\/uploads\/sites\/76\/2021\/07\/PROMOZIONE-E-INFORMAZIONE-COMUNE-DI-SERRE.pdf\">PROMOZIONE E INFORMAZIONE <\/a><br \/>\n<a href=\"https:\/\/centroprivacy.asmenet.it\/serre\/wp-content\/uploads\/sites\/76\/2021\/07\/PROTEZIONE-CIVILE-COMUNE-DI-SERRE.pdf\">PROTEZIONE CIVILE <\/a><br \/>\n<a href=\"https:\/\/centroprivacy.asmenet.it\/serre\/wp-content\/uploads\/sites\/76\/2021\/07\/PROTEZIONE-DEI-DATI-PERSONALI-COMUNE-DI-SERRE.pdf\">PROTEZIONE DEI DATI PERSONALI <\/a><br \/>\n<a href=\"https:\/\/centroprivacy.asmenet.it\/serre\/wp-content\/uploads\/sites\/76\/2021\/07\/PROVVEDIMENTI-SANITARI-TSO-SEQUESTRI-COMUNE-DI-SERRE.pdf\">PROVVEDIMENTI SANITARI &#8211; TSO &#8211; SEQUESTRI <\/a><br \/>\n<a href=\"https:\/\/centroprivacy.asmenet.it\/serre\/wp-content\/uploads\/sites\/76\/2021\/07\/SEGNALAZIONI-COMUNE-DI-SERRE.pdf\">SEGNALAZIONI <\/a><br \/>\n<a href=\"https:\/\/centroprivacy.asmenet.it\/serre\/wp-content\/uploads\/sites\/76\/2021\/07\/SERVIZI-A-DOMANDA-INDIVIDUALE-COMUNE-DI-SERRE.pdf\">SERVIZI A DOMANDA INDIVIDUALE <\/a><br \/>\n<a href=\"https:\/\/centroprivacy.asmenet.it\/serre\/wp-content\/uploads\/sites\/76\/2021\/07\/SERVIZI-ON-LINE-COMUNE-DI-SERRE.pdf\">SERVIZI ON LINE <\/a><br \/>\n<a href=\"https:\/\/centroprivacy.asmenet.it\/serre\/wp-content\/uploads\/sites\/76\/2021\/07\/SERVIZI-SCOLASTICI-COMUNE-DI-SERRE.pdf\">SERVIZI SCOLASTICI <\/a><br \/>\n<a href=\"https:\/\/centroprivacy.asmenet.it\/serre\/wp-content\/uploads\/sites\/76\/2021\/07\/SERVIZI-SOCIALI-COMUNE-DI-SERRE.pdf\">SERVIZI SOCIALI <\/a><br \/>\n<a href=\"https:\/\/centroprivacy.asmenet.it\/serre\/wp-content\/uploads\/sites\/76\/2021\/07\/SICUREZZA-SUL-LAVORO-COMUNE-DI-SERRE.pdf\">SICUREZZA SUL LAVORO <\/a><br \/>\n<a href=\"https:\/\/centroprivacy.asmenet.it\/serre\/wp-content\/uploads\/sites\/76\/2021\/07\/SISTEMA-INFORMATICO-COMUNE-DI-SERRE.pdf\">SISTEMA INFORMATICO <\/a><br \/>\n<a href=\"https:\/\/centroprivacy.asmenet.it\/serre\/wp-content\/uploads\/sites\/76\/2021\/07\/SOCIALE-LAVORO-COMUNE-DI-SERRE.pdf\">SOCIALE LAVORO <\/a><br \/>\n<a href=\"https:\/\/centroprivacy.asmenet.it\/serre\/wp-content\/uploads\/sites\/76\/2021\/07\/SOSTEGNO-ECONOMICO-COMUNE-DI-SERRE.pdf\">SOSTEGNO ECONOMICO <\/a><br \/>\n<a href=\"https:\/\/centroprivacy.asmenet.it\/serre\/wp-content\/uploads\/sites\/76\/2021\/07\/SPORTELLO-UNICO-EDILIZIA-SUE-COMUNE-DI-SERRE.pdf\">SPORTELLO UNICO EDILIZIA &#8211; SUE <\/a><br \/>\n<a href=\"https:\/\/centroprivacy.asmenet.it\/serre\/wp-content\/uploads\/sites\/76\/2021\/07\/STAFF-DI-GABINETTO-DEL-SINDACO-COMUNE-DI-SERRE.pdf\">STAFF DI GABINETTO DEL SINDACO <\/a><br \/>\n<a href=\"https:\/\/centroprivacy.asmenet.it\/serre\/wp-content\/uploads\/sites\/76\/2021\/07\/STATISTICA-COMUNE-DI-SERRE.pdf\">STATISTICA <\/a><br \/>\n<a href=\"https:\/\/centroprivacy.asmenet.it\/serre\/wp-content\/uploads\/sites\/76\/2021\/07\/STATO-CIVILE-COMUNE-DI-SERRE.pdf\">STATO CIVILE <\/a><br \/>\n<a href=\"https:\/\/centroprivacy.asmenet.it\/serre\/wp-content\/uploads\/sites\/76\/2021\/07\/STRUMENTI-DI-PROMOZIONE-DEL-TERRITORIO-COMUNE-DI-SERRE.pdf\">STRUMENTI DI PROMOZIONE DEL TERRITORIO <\/a><br \/>\n<a href=\"https:\/\/centroprivacy.asmenet.it\/serre\/wp-content\/uploads\/sites\/76\/2021\/07\/SUAP-COMUNE-DI-SERRE.pdf\">SUAP <\/a><br \/>\n<a href=\"https:\/\/centroprivacy.asmenet.it\/serre\/wp-content\/uploads\/sites\/76\/2021\/07\/TRAFFICO-PERMESSI-COMUNE-DI-SERRE.pdf\">TRAFFICO PERMESSI <\/a><br \/>\n<a href=\"https:\/\/centroprivacy.asmenet.it\/serre\/wp-content\/uploads\/sites\/76\/2021\/07\/TRASPARENZA-ANTICORRUZIONE-COMUNE-DI-SERRE.pdf\">TRASPARENZA ANTICORRUZIONE <\/a><br \/>\n<a href=\"https:\/\/centroprivacy.asmenet.it\/serre\/wp-content\/uploads\/sites\/76\/2021\/07\/TUTELA-AMBIENTALE-E-DECORO-URBANO-COMUNE-DI-SERRE.pdf\">TUTELA AMBIENTALE E DECORO URBANO <\/a><br \/>\n<a href=\"https:\/\/centroprivacy.asmenet.it\/serre\/wp-content\/uploads\/sites\/76\/2021\/07\/TUTELA-GIURIDICA-COMUNE-DI-SERRE.pdf\">TUTELA GIURIDICA <\/a><br \/>\n<a href=\"https:\/\/centroprivacy.asmenet.it\/serre\/wp-content\/uploads\/sites\/76\/2021\/07\/VIDEOSORVEGLIANZA-COMUNE-DI-SERRE.pdf\">VIDEOSORVEGLIANZA <\/a><\/p>\n","protected":false},"excerpt":{"rendered":"<p>INFORMATIVE DEL COMUNE ACCESSO CIVICO ACCORDI-CONVENZIONI AGEVOLAZIONI TRIBUTARIE ALBO PRETORIO ALIMENTI E BEVANDE ANAGRAFE CANINA ANAGRAFE ARCHIVIO E PROTOCOLLO ARCHIVIO STORICO ASILI NIDO E SCUOLA DELL&#8217;INFANZIA ASSICURAZIONI ASSISTENZA DOMICILIARE ASSISTENZA SCOLASTICA ATTIVITA&#8217; PER I MINORI AUTOCERTIFICAZIONI AUTORIZZAZIONE PUBBLICA SICUREZZA AUTORIZZAZIONI BIBLIOTECA CIMITERI COMMERCIO E AGRICOLTURA CONCESSIONI TEMPORANEE SPAZI CONSERVAZIONE SOSTITUTIVA CONSULTAZIONI ELETTORALI CONTENZIOSO CONTRATTI CONTRIBUTI [&hellip;]<\/p>\n","protected":false},"author":1,"featured_media":0,"parent":0,"menu_order":0,"comment_status":"closed","ping_status":"closed","template":"template-fullpage-nosidebar.php","meta":[],"_links":{"self":[{"href":"https:\/\/centroprivacy.asmenet.it\/serre\/index.php?rest_route=\/wp\/v2\/pages\/844"}],"collection":[{"href":"https:\/\/centroprivacy.asmenet.it\/serre\/index.php?rest_route=\/wp\/v2\/pages"}],"about":[{"href":"https:\/\/centroprivacy.asmenet.it\/serre\/index.php?rest_route=\/wp\/v2\/types\/page"}],"author":[{"embeddable":true,"href":"https:\/\/centroprivacy.asmenet.it\/serre\/index.php?rest_route=\/wp\/v2\/users\/1"}],"replies":[{"embeddable":true,"href":"https:\/\/centroprivacy.asmenet.it\/serre\/index.php?rest_route=%2Fwp%2Fv2%2Fcomments&post=844"}],"version-history":[{"count":4,"href":"https:\/\/centroprivacy.asmenet.it\/serre\/index.php?rest_route=\/wp\/v2\/pages\/844\/revisions"}],"predecessor-version":[{"id":1129,"href":"https:\/\/centroprivacy.asmenet.it\/serre\/index.php?rest_route=\/wp\/v2\/pages\/844\/revisions\/1129"}],"wp:attachment":[{"href":"https:\/\/centroprivacy.asmenet.it\/serre\/index.php?rest_route=%2Fwp%2Fv2%2Fmedia&parent=844"}],"curies":[{"name":"wp","href":"https:\/\/api.w.org\/{rel}","templated":true}]}}