{"id":844,"date":"2019-10-25T13:49:03","date_gmt":"2019-10-25T11:49:03","guid":{"rendered":"https:\/\/centroprivacy.asmenet.it\/vallata\/?page_id=844"},"modified":"2019-10-25T14:06:39","modified_gmt":"2019-10-25T12:06:39","slug":"privacy","status":"publish","type":"page","link":"https:\/\/centroprivacy.asmenet.it\/vallata\/?page_id=844","title":{"rendered":"Privacy"},"content":{"rendered":"<div class=\"entry-content\" role=\"article\">\n<div class=\"paragraph paragraph--type--contenuto paragraph--view-mode--default\">\n<div class=\"field field--name-field-contenuto field--type-text-long field--label-hidden field__item editor-text\">\n<header class=\"entry-header clearfix\">\n<h1>INFORMATIVA per il trattamento dei dati personali ai sensi dell\u2019art 13 del Regolamento europeo n. 679\/2016<\/h1>\n<p>&nbsp;<\/p>\n<h3>1. Premessa<\/h3>\n<p>Ai sensi dell\u2019art. 13 del Regolamento europeo n. 679\/2016, il\u00a0 Comune di Vallata, in qualit\u00e0 di \u201cTitolare\u201d del trattamento, \u00e8 tenuta a fornirle informazioni in merito all\u2019utilizzo dei suoi dati personali.<\/p>\n<p>&nbsp;<\/p>\n<h3>2.\u00a0\u00a0 Identit\u00e0 e i dati di contatto del titolare del trattamento<\/h3>\n<p>Il Titolare del trattamento dei dati personali di cui alla presente Informativa \u00e8 il\u00a0 Comune di Vallata, con sede in Corso Kennedy, 1 - 83059 Vallata (AV)\t &#8211; pec: <a href=\"mailto:segretario.vallata@asmepec.it\" style=\"word-break: break-all; display: inline-block;\">segretario.vallata@asmepec.it<\/a> . il quale in qualit\u00e0 di titolare tratter\u00e0 i dati personali conferiti con modalit\u00e0 prevalentemente informatiche e telematiche, per le finalit\u00e0 previste dal Regolamento (UE) 2016\/679 (RGPD), in particolare per l&#8217;esecuzione dei propri compiti di interesse pubblico o comunque connessi all&#8217;esercizio dei propri pubblici poteri, ivi incluse le finalit\u00e0 di archiviazione, di ricerca storica e di analisi per scopi statistici.<\/p>\n<p>&nbsp;<\/p>\n<h3>3.\u00a0\u00a0 Il Responsabile della protezione dei dati personali<\/h3>\n<p>Il Comune di \u00a0Comune di Vallata ha designato quale Responsabile della protezione dei dati la societ\u00e0 <a href=\"http:\/\/www.asmenet.it\/\">ASMENET S.C.A.R.L.<\/a> (<a href=\"mailto:supporto.asmenet@asmepec.it\">supporto.asmenet@asmepec.it<\/a>)<\/p>\n<p>&nbsp;<\/p>\n<h3>4.\u00a0\u00a0 Responsabili del trattamento<\/h3>\n<p>L\u2019Ente pu\u00f2 avvalersi di soggetti terzi per l\u2019espletamento di attivit\u00e0 e relativi trattamenti di dati personali di cui l\u2019Ente ha la titolarit\u00e0. Conformemente a quanto stabilito dalla normativa, tali soggetti assicurano livelli esperienza, capacit\u00e0 e affidabilit\u00e0 tali da garantire il rispetto delle vigenti disposizioni in materia di trattamento, ivi compreso il profilo della sicurezza dei dati.<br \/>\nVengono formalizzate da parte dell\u2019Ente istruzioni, compiti ed oneri in capo a tali soggetti terzi con la designazione degli stessi a &#8220;Responsabili del trattamento&#8221;. Vengono sottoposti tali soggetti a verifiche periodiche al fine di constatare il mantenimento dei livelli di garanzia registrati in occasione dell\u2019affidamento dell\u2019incarico iniziale.<\/p>\n<p>&nbsp;<\/p>\n<h3>5.\u00a0\u00a0 Soggetti autorizzati al trattamento<\/h3>\n<p>I Suoi dati personali sono trattati da personale interno previamente autorizzato e designato quale incaricato del trattamento, a cui sono impartite idonee istruzioni in ordine a misure, accorgimenti, modus operandi, tutti volti alla concreta tutela dei tuoi dati personali.<\/p>\n<p>&nbsp;<\/p>\n<h3>6.\u00a0\u00a0 Finalit\u00e0 e base giuridica del trattamento<\/h3>\n<p>Il trattamento dei suoi dati personali viene effettuato dal Comune di Vallata per lo svolgimento di funzioni istituzionali e, pertanto, ai sensi dell\u2019art. 6 comma 1 lett. e) non necessita del suo consenso.<\/p>\n<p>I dati personali sono in relazione al procedimento ed alle attivit\u00e0 correlate.<\/p>\n<p>&nbsp;<\/p>\n<h3>7.\u00a0\u00a0 Destinatari dei dati personali<\/h3>\n<p>I suoi dati personali potranno essere comunicati ad altri Enti competenti di cui si avvale il Comune, al solo scopo di procedere all\u2019istruttoria della pratica.<\/p>\n<p>&nbsp;<\/p>\n<h3>8.\u00a0\u00a0 Trasferimento dei dati personali a Paesi extra UE<\/h3>\n<p>I suoi dati personali non sono trasferiti al di fuori dell\u2019Unione europea.<\/p>\n<p>&nbsp;<\/p>\n<h3>9.\u00a0\u00a0 Periodo di conservazione<\/h3>\n<p>I suoi dati sono conservati per un periodo non superiore a quello necessario per il perseguimento delle finalit\u00e0 sopra menzionate. A tal fine, anche mediante controlli periodici, viene verificata costantemente la stretta pertinenza, non eccedenza e indispensabilit\u00e0 dei dati rispetto al rapporto, alla prestazione o all&#8217;incarico in corso, da instaurare o cessati, anche con riferimento ai dati che Lei fornisce di propria iniziativa. I dati che, anche a seguito delle verifiche, risultano eccedenti o non pertinenti o non indispensabili non sono utilizzati, salvo che per l&#8217;eventuale conservazione, a norma di legge, dell&#8217;atto o del documento che li contiene.<\/p>\n<p>&nbsp;<\/p>\n<h3>10.\u00a0\u00a0\u00a0 I suoi diritti<\/h3>\n<p>Nella sua qualit\u00e0 di interessato,\u00a0Lei potr\u00e0, in qualsiasi momento, esercitare i\u00a0<span lang=\"zxx\" xml:lang=\"zxx\"><u><strong>diritti<\/strong><\/u><\/span>:<\/p>\n<ul>\n<li>di richiedere maggiori informazioni in relazione ai contenuti della presente informativa<\/li>\n<li>di accesso ai dati personali;<\/li>\n<li>di ottenere la rettifica o la cancellazione degli stessi o la limitazione del trattamento che lo riguardano (nei casi previsti dalla normativa);<\/li>\n<li>di opporsi al trattamento (nei casi previsti dalla normativa);<\/li>\n<li>alla portabilit\u00e0 dei dati (nei casi previsti dalla normativa);<\/li>\n<li>di revocare il consenso, ove previsto; la revoca del consenso non pregiudica la liceit\u00e0 del trattamento basata sul consenso conferito prima della revoca;<\/li>\n<li>di proporre reclamo all&#8217;autorit\u00e0 di controllo (Garante Privacy);<\/li>\n<li>di dare mandato a un organismo, un&#8217;organizzazione o un&#8217;associazione senza scopo di lucro per l&#8217;esercizio dei suoi diritti;<\/li>\n<li>di richiedere il risarcimento dei danni conseguenti alla violazione della normativa.<\/li>\n<\/ul>\n<p>&nbsp;<\/p>\n<h3>11.\u00a0\u00a0\u00a0 Conferimento dei dati<\/h3>\n<p>Il conferimento dei Suoi dati \u00e8 facoltativo, ma necessario per le finalit\u00e0 sopra indicate. Il mancato conferimento comporter\u00e0 l\u2019impossibilit\u00e0 di procedere all\u2019istruttoria da Lei richiesta.<\/p>\n<p>&nbsp;<\/p>\n<p>&nbsp;<\/p>\n<\/header>\n<\/div>\n<\/div>\n<div class=\"paragraph paragraph--type--contenuto paragraph--view-mode--default\">\n<div class=\"field field--name-field-contenuto field--type-text-long field--label-hidden field__item editor-text\">\n<p>&nbsp;<\/p>\n<\/div>\n<\/div>\n<\/div>\n<h3 style=\"text-align: center;\">Informative del comune<\/h3>\n<ul>\n<li><a href=\"https:\/\/centroprivacy.asmenet.it\/vallata\/wp-content\/uploads\/sites\/41\/2019\/10\/ACCERTAMENTI-POLIZIA-MUNICIPALE-INFORMATIVA-COMUNE-DI-VALLATA.pdf\">ACCERTAMENTI POLIZIA MUNICIPALE\u00a0<\/a><\/li>\n<li><a href=\"https:\/\/centroprivacy.asmenet.it\/vallata\/wp-content\/uploads\/sites\/41\/2019\/10\/ACCESSO-CIVICO-INFORMATIVA-COMUNE-DI-VALLATA.pdf\">ACCESSO CIVICO<\/a><\/li>\n<li><a href=\"https:\/\/centroprivacy.asmenet.it\/vallata\/wp-content\/uploads\/sites\/41\/2019\/10\/ACCORDI-CONVENZIONI-INFORMATIVA-COMUNE-DI-VALLATA.pdf\">ACCORDI-CONVENZIONI<\/a><\/li>\n<li><a href=\"https:\/\/centroprivacy.asmenet.it\/vallata\/wp-content\/uploads\/sites\/41\/2019\/10\/ALBO-PRETORIO-INFORMATIVACOMUNE-DI-VALLATA.pdf\">ALBO PRETORIO<\/a><\/li>\n<li><a href=\"https:\/\/centroprivacy.asmenet.it\/vallata\/wp-content\/uploads\/sites\/41\/2019\/10\/ALIMENTI-E-BEVANDE-INFORMATIVACOMUNE-DI-VALLATA.pdf\">ALIMENTI E BEVANDE<\/a><\/li>\n<li><a href=\"https:\/\/centroprivacy.asmenet.it\/vallata\/wp-content\/uploads\/sites\/41\/2019\/10\/AMBIENTE-INFORMATIVACOMUNE-DI-VALLATA.pdf\">AMBIENTE<\/a><\/li>\n<li><a href=\"https:\/\/centroprivacy.asmenet.it\/vallata\/wp-content\/uploads\/sites\/41\/2019\/10\/AMBIENTE-RIFIUTI-INFORMATIVACOMUNE-DI-VALLATA.pdf\">AMBIENTE RIFIUTI<\/a><\/li>\n<li><a href=\"https:\/\/centroprivacy.asmenet.it\/vallata\/wp-content\/uploads\/sites\/41\/2019\/10\/ANAGRAFE-INFORMATIVACOMUNE-DI-VALLATA.pdf\">ANAGRAFE<\/a><\/li>\n<li><a href=\"https:\/\/centroprivacy.asmenet.it\/vallata\/wp-content\/uploads\/sites\/41\/2019\/10\/ANIMALI-INFORMATIVACOMUNE-DI-VALLATA.pdf\">ANIMALI<\/a><\/li>\n<li><a href=\"https:\/\/centroprivacy.asmenet.it\/vallata\/wp-content\/uploads\/sites\/41\/2019\/10\/ARCHIVIO-E-PROTOCOLLO-INFORMATIVACOMUNE-DI-VALLATA.pdf\">ARCHIVIO E PROTOCOLLO<\/a><\/li>\n<li><a href=\"https:\/\/centroprivacy.asmenet.it\/vallata\/wp-content\/uploads\/sites\/41\/2019\/10\/ASILI-NIDO-INFORMATIVACOMUNE-DI-VALLATA.pdf\">ASILI NIDO<\/a><\/li>\n<li><a href=\"https:\/\/centroprivacy.asmenet.it\/vallata\/wp-content\/uploads\/sites\/41\/2019\/10\/ASSEGNAZIONI-INFORMATIVACOMUNE-DI-VALLATA.pdf\">ASSEGNAZIONI<\/a><\/li>\n<li><a href=\"https:\/\/centroprivacy.asmenet.it\/vallata\/wp-content\/uploads\/sites\/41\/2019\/10\/ASSICURAZIONI-INFORMATIVACOMUNE-DI-VALLATA.pdf\">ASSICURAZIONI<\/a><\/li>\n<li><a href=\"https:\/\/centroprivacy.asmenet.it\/vallata\/wp-content\/uploads\/sites\/41\/2019\/10\/ATTIVITA-ANIMATORIALI-INFORMATIVACOMUNE-DI-VALLATA.pdf\">ATTIVITA ANIMATORIALI<\/a><\/li>\n<li><a href=\"https:\/\/centroprivacy.asmenet.it\/vallata\/wp-content\/uploads\/sites\/41\/2019\/10\/AUTORIZZAZIONE-PUBBLICA-SICUREZZA-INFORMATIVACOMUNE-DI-VALLATA.pdf\">AUTORIZZAZIONE PUBBLICA SICUREZZA<\/a><\/li>\n<li><a href=\"https:\/\/centroprivacy.asmenet.it\/vallata\/wp-content\/uploads\/sites\/41\/2019\/10\/AUTORIZZAZIONI-INFORMATIVACOMUNE-DI-VALLATA.pdf\">AUTORIZZAZIONI<\/a><\/li>\n<li><a href=\"https:\/\/centroprivacy.asmenet.it\/vallata\/wp-content\/uploads\/sites\/41\/2019\/10\/BIBLIOTECA-ARCHIVIO-STORICO-INFORMATIVACOMUNE-DI-VALLATA.pdf\">BIBLIOTECA ARCHIVIO STORICO<\/a><\/li>\n<li><a href=\"https:\/\/centroprivacy.asmenet.it\/vallata\/wp-content\/uploads\/sites\/41\/2019\/10\/BIBLIOTECA-INFORMATIVACOMUNE-DI-VALLATA.pdf\">BIBLIOTECA<\/a><\/li>\n<li><a href=\"https:\/\/centroprivacy.asmenet.it\/vallata\/wp-content\/uploads\/sites\/41\/2019\/10\/CIMITERI-INFORMATIVACOMUNE-DI-VALLATA.pdf\">CIMITERI<\/a><\/li>\n<li><a href=\"https:\/\/centroprivacy.asmenet.it\/vallata\/wp-content\/uploads\/sites\/41\/2019\/10\/COMMERCIO-E-AGRICOLTURA-INFORMATIVACOMUNE-DI-VALLATA.pdf\">COMMERCIO E AGRICOLTURA<\/a><\/li>\n<li><a href=\"https:\/\/centroprivacy.asmenet.it\/vallata\/wp-content\/uploads\/sites\/41\/2019\/10\/CONCESSIONI-INFORMATIVACOMUNE-DI-VALLATA.pdf\">CONCESSIONI<\/a><\/li>\n<li><a href=\"https:\/\/centroprivacy.asmenet.it\/vallata\/wp-content\/uploads\/sites\/41\/2019\/10\/CONSERVAZIONE-SOSTITUTIVA-INFORMATIVACOMUNE-DI-VALLATA.pdf\">CONSERVAZIONE SOSTITUTIVA<\/a><\/li>\n<li><a href=\"https:\/\/centroprivacy.asmenet.it\/vallata\/wp-content\/uploads\/sites\/41\/2019\/10\/CONSULTAZIONI-ELETTORALI-INFORMATIVACOMUNE-DI-VALLATA.pdf\">CONSULTAZIONI ELETTORALI<\/a><\/li>\n<li><a href=\"https:\/\/centroprivacy.asmenet.it\/vallata\/wp-content\/uploads\/sites\/41\/2019\/10\/CONTENZIOSO-INFORMATIVACOMUNE-DI-VALLATA.pdf\">CONTENZIOSO<\/a><\/li>\n<li><a href=\"https:\/\/centroprivacy.asmenet.it\/vallata\/wp-content\/uploads\/sites\/41\/2019\/10\/CONTRATTI-INFORMATIVACOMUNE-DI-VALLATA.pdf\">CONTRATTI<\/a><\/li>\n<li><a href=\"https:\/\/centroprivacy.asmenet.it\/vallata\/wp-content\/uploads\/sites\/41\/2019\/10\/CONTRIBUTI-PER-EVENTI-ECCEZIONALI-INFORMATIVACOMUNE-DI-VALLATA.pdf\">CONTRIBUTI PER EVENTI ECCEZIONALI<\/a><\/li>\n<li><a href=\"https:\/\/centroprivacy.asmenet.it\/vallata\/wp-content\/uploads\/sites\/41\/2019\/10\/CONTROLLO-ACCESSI-INFORMATIVACOMUNE-DI-VALLATA.pdf\">CONTROLLO ACCESSI<\/a><\/li>\n<li><a href=\"https:\/\/centroprivacy.asmenet.it\/vallata\/wp-content\/uploads\/sites\/41\/2019\/10\/CONTROLLO-PARTECIPATE-INFORMATIVACOMUNE-DI-VALLATA.pdf\">CONTROLLO PARTECIPATE<\/a><\/li>\n<li><a href=\"https:\/\/centroprivacy.asmenet.it\/vallata\/wp-content\/uploads\/sites\/41\/2019\/10\/DEMOCRAZIA-PARTECIPATIVA-INFORMATIVACOMUNE-DI-VALLATA.pdf\">DEMOCRAZIA PARTECIPATIVA<\/a><\/li>\n<li><a href=\"https:\/\/centroprivacy.asmenet.it\/vallata\/wp-content\/uploads\/sites\/41\/2019\/10\/ELETTORALE-INFORMATIVACOMUNE-DI-VALLATA.pdf\">ELETTORALE<\/a><\/li>\n<li><a href=\"https:\/\/centroprivacy.asmenet.it\/vallata\/wp-content\/uploads\/sites\/41\/2019\/10\/ENTRATE-TRIBUTI-INFORMATIVACOMUNE-DI-VALLATA.pdf\">ENTRATE TRIBUTI<\/a><\/li>\n<li><a href=\"https:\/\/centroprivacy.asmenet.it\/vallata\/wp-content\/uploads\/sites\/41\/2019\/10\/ESPROPRI-INFORMATIVACOMUNE-DI-VALLATA.pdf\">ESPROPRI<\/a><\/li>\n<li><a href=\"https:\/\/centroprivacy.asmenet.it\/vallata\/wp-content\/uploads\/sites\/41\/2019\/10\/ESTERNALIZZAZIONI-INFORMATIVACOMUNE-DI-VALLATA.pdf\">ESTERNALIZZAZIONI<\/a><\/li>\n<li><a href=\"https:\/\/centroprivacy.asmenet.it\/vallata\/wp-content\/uploads\/sites\/41\/2019\/10\/GARE-E-APPALTI-INFORMATIVACOMUNE-DI-VALLATA.pdf\">GARE E APPALTI<\/a><\/li>\n<li><a href=\"https:\/\/centroprivacy.asmenet.it\/vallata\/wp-content\/uploads\/sites\/41\/2019\/10\/GESTIONE-ALTRI-SOGGETTI-INFORMATIVACOMUNE-DI-VALLATA.pdf\">GESTIONE ALTRI SOGGETTI<\/a><\/li>\n<li><a href=\"https:\/\/centroprivacy.asmenet.it\/vallata\/wp-content\/uploads\/sites\/41\/2019\/10\/GESTIONE-ECONOMICA-INFORMATIVACOMUNE-DI-VALLATA.pdf\">GESTIONE ECONOMICA<\/a><\/li>\n<li><a href=\"https:\/\/centroprivacy.asmenet.it\/vallata\/wp-content\/uploads\/sites\/41\/2019\/10\/GESTIONE-PATRIMONIO-INFORMATIVACOMUNE-DI-VALLATA.pdf\">GESTIONE PATRIMONIO<\/a><\/li>\n<li><a href=\"https:\/\/centroprivacy.asmenet.it\/vallata\/wp-content\/uploads\/sites\/41\/2019\/10\/GESTIONE-PERSONALE-INFORMATIVACOMUNE-DI-VALLATA.pdf\">GESTIONE PERSONALE<\/a><\/li>\n<li><a href=\"https:\/\/centroprivacy.asmenet.it\/vallata\/wp-content\/uploads\/sites\/41\/2019\/10\/GIUDICI-POPOLARI-INFORMATIVACOMUNE-DI-VALLATA.pdf\">GIUDICI POPOLARI<\/a><\/li>\n<li><a href=\"https:\/\/centroprivacy.asmenet.it\/vallata\/wp-content\/uploads\/sites\/41\/2019\/10\/ILLECITI-EDILIZI-INFORMATIVACOMUNE-DI-VALLATA.pdf\">ILLECITI EDILIZI<\/a><\/li>\n<li><a href=\"https:\/\/centroprivacy.asmenet.it\/vallata\/wp-content\/uploads\/sites\/41\/2019\/10\/LASCITI-E-DONAZIONI-INFORMATIVACOMUNE-DI-VALLATA.pdf\">LASCITI E DONAZIONI<\/a><\/li>\n<li><a href=\"https:\/\/centroprivacy.asmenet.it\/vallata\/wp-content\/uploads\/sites\/41\/2019\/10\/LEVA-MILITARE-INFORMATIVACOMUNE-DI-VALLATA.pdf\">LEVA MILITARE<\/a><\/li>\n<li><a href=\"https:\/\/centroprivacy.asmenet.it\/vallata\/wp-content\/uploads\/sites\/41\/2019\/10\/MANIFESTAZIONI-INFORMATIVACOMUNE-DI-VALLATA.pdf\">MANIFESTAZIONI<\/a><\/li>\n<li><a href=\"https:\/\/centroprivacy.asmenet.it\/vallata\/wp-content\/uploads\/sites\/41\/2019\/10\/NOTIFICHE-INFORMATIVACOMUNE-DI-VALLATA.pdf\">NOTIFICHE<\/a><\/li>\n<li><a href=\"https:\/\/centroprivacy.asmenet.it\/vallata\/wp-content\/uploads\/sites\/41\/2019\/10\/NOTIZIE-DI-REATO-INFORMATIVACOMUNE-DI-VALLATA.pdf\">NOTIZIE DI REATO<\/a><\/li>\n<li><a href=\"https:\/\/centroprivacy.asmenet.it\/vallata\/wp-content\/uploads\/sites\/41\/2019\/10\/OPERE-PUBBLICHE-INFORMATIVACOMUNE-DI-VALLATA.pdf\">OPERE PUBBLICHE<\/a><\/li>\n<li><a href=\"https:\/\/centroprivacy.asmenet.it\/vallata\/wp-content\/uploads\/sites\/41\/2019\/10\/ORDINANZE-INFORMATIVACOMUNE-DI-VALLATA.pdf\">ORDINANZE<\/a><\/li>\n<li><a href=\"https:\/\/centroprivacy.asmenet.it\/vallata\/wp-content\/uploads\/sites\/41\/2019\/10\/ORGANI-ISTITUZIONALI-INFORMATIVACOMUNE-DI-VALLATA.pdf\">ORGANI ISTITUZIONALI<\/a><\/li>\n<li><a href=\"https:\/\/centroprivacy.asmenet.it\/vallata\/wp-content\/uploads\/sites\/41\/2019\/10\/PATTO-TERRITORIALE-INFORMATIVACOMUNE-DI-VALLATA.pdf\">PATTO TERRITORIALE<\/a><\/li>\n<li><a href=\"https:\/\/centroprivacy.asmenet.it\/vallata\/wp-content\/uploads\/sites\/41\/2019\/10\/POLIZIA-AMMINISTRATIVA-INFORMATIVACOMUNE-DI-VALLATA.pdf\">POLIZIA AMMINISTRATIVA<\/a><\/li>\n<li><a href=\"https:\/\/centroprivacy.asmenet.it\/vallata\/wp-content\/uploads\/sites\/41\/2019\/10\/POLIZIA-GIUDIZIARIA-INFORMATIVACOMUNE-DI-VALLATA.pdf\">POLIZIA GIUDIZIARIA<\/a><\/li>\n<li><a href=\"https:\/\/centroprivacy.asmenet.it\/vallata\/wp-content\/uploads\/sites\/41\/2019\/10\/PRATICHE-SUAP-INFORMATIVACOMUNE-DI-VALLATA.pdf\">PRATICHE SUAP<\/a><\/li>\n<li><a href=\"https:\/\/centroprivacy.asmenet.it\/vallata\/wp-content\/uploads\/sites\/41\/2019\/10\/PRATICHE-SUE-INFORMATIVACOMUNE-DI-VALLATA.pdf\">PRATICHE SUE<\/a><\/li>\n<li><a href=\"https:\/\/centroprivacy.asmenet.it\/vallata\/wp-content\/uploads\/sites\/41\/2019\/10\/PRIVACY-INFORMATIVACOMUNE-DI-VALLATA.pdf\">PRIVACY<\/a><\/li>\n<li><a href=\"https:\/\/centroprivacy.asmenet.it\/vallata\/wp-content\/uploads\/sites\/41\/2019\/10\/PROGRAMMAZIONE-ORGANIZZAZIONE-CONTROLLO-INFORMATIVACOMUNE-DI-VALLATA.pdf\">PROGRAMMAZIONE-ORGANIZZAZIONE-CONTROLLO<\/a><\/li>\n<li><a href=\"https:\/\/centroprivacy.asmenet.it\/vallata\/wp-content\/uploads\/sites\/41\/2019\/10\/PROMOZIONE-E-INFORMAZIONE-INFORMATIVACOMUNE-DI-VALLATA.pdf\">PROMOZIONE E INFORMAZIONE<\/a><\/li>\n<li><a href=\"https:\/\/centroprivacy.asmenet.it\/vallata\/wp-content\/uploads\/sites\/41\/2019\/10\/PROTEZIONE-CIVILE-INFORMATIVACOMUNE-DI-VALLATA.pdf\">PROTEZIONE CIVILE<\/a><\/li>\n<li><a href=\"https:\/\/centroprivacy.asmenet.it\/vallata\/wp-content\/uploads\/sites\/41\/2019\/10\/PROVVEDIMENTI-SANITARI-INFORMATIVACOMUNE-DI-VALLATA.pdf\">PROVVEDIMENTI SANITARI<\/a><\/li>\n<li><a href=\"https:\/\/centroprivacy.asmenet.it\/vallata\/wp-content\/uploads\/sites\/41\/2019\/10\/RICERCA-FINANZIAMENTICOMUNE-DI-VALLATA.pdf\">RICERCA FINANZIAMENTICOMUNE DI VALLATA<\/a><\/li>\n<li><a href=\"https:\/\/centroprivacy.asmenet.it\/vallata\/wp-content\/uploads\/sites\/41\/2019\/10\/RISCONTRI-AUTOCERTIFICAZIONI-INFORMATIVACOMUNE-DI-VALLATA.pdf\">RISCONTRI AUTOCERTIFICAZIONI<\/a><\/li>\n<li><a href=\"https:\/\/centroprivacy.asmenet.it\/vallata\/wp-content\/uploads\/sites\/41\/2019\/10\/SEGNALAZIONI-INFORMATIVECOMUNE-DI-VALLATA.pdf\">SEGNALAZIONI INFORMATIVECOMUNE DI VALLATA<\/a><\/li>\n<li><a href=\"https:\/\/centroprivacy.asmenet.it\/vallata\/wp-content\/uploads\/sites\/41\/2019\/10\/SERVIZI-A-DOMANDA-INDIVIDUALE-INFORMATIVACOMUNE-DI-VALLATA.pdf\">SERVIZI A DOMANDA INDIVIDUALE<\/a><\/li>\n<li><a href=\"https:\/\/centroprivacy.asmenet.it\/vallata\/wp-content\/uploads\/sites\/41\/2019\/10\/SERVIZI-ON-LINE-INFORMATIVACOMUNE-DI-VALLATA.pdf\">SERVIZI ON LINE<\/a><\/li>\n<li><a href=\"https:\/\/centroprivacy.asmenet.it\/vallata\/wp-content\/uploads\/sites\/41\/2019\/10\/SERVIZI-SCOLASTICI-INFORMATIVACOMUNE-DI-VALLATA.pdf\">SERVIZI SCOLASTICI<\/a><\/li>\n<li><a href=\"https:\/\/centroprivacy.asmenet.it\/vallata\/wp-content\/uploads\/sites\/41\/2019\/10\/SICUREZZA-SUL-LAVORO-INFORMATIVACOMUNE-DI-VALLATA.pdf\">SICUREZZA SUL LAVORO<\/a><\/li>\n<li><a href=\"https:\/\/centroprivacy.asmenet.it\/vallata\/wp-content\/uploads\/sites\/41\/2019\/10\/SISTEMA-INFORMATICO-INFORMATIVACOMUNE-DI-VALLATA.pdf\">SISTEMA INFORMATICO<\/a><\/li>\n<li><a href=\"https:\/\/centroprivacy.asmenet.it\/vallata\/wp-content\/uploads\/sites\/41\/2019\/10\/SISTEMI-DI-VIDEOSORVEGLIANZA-INFORMATIVACOMUNE-DI-VALLATA.pdf\">SISTEMI DI VIDEOSORVEGLIANZA<\/a><\/li>\n<li><a href=\"https:\/\/centroprivacy.asmenet.it\/vallata\/wp-content\/uploads\/sites\/41\/2019\/10\/SOCIALE-SERVIZI-PER-I-GIOVANI-INFORMATIVACOMUNE-DI-VALLATA.pdf\">SOCIALE &#8211; SERVIZI PER I GIOVANI<\/a><\/li>\n<li><a href=\"https:\/\/centroprivacy.asmenet.it\/vallata\/wp-content\/uploads\/sites\/41\/2019\/10\/SOCIALE-ASSISTENZA-SCOLASTICA-INFORMATIVACOMUNE-DI-VALLATA.pdf\">SOCIALE ASSISTENZA SCOLASTICA<\/a><\/li>\n<li><a href=\"https:\/\/centroprivacy.asmenet.it\/vallata\/wp-content\/uploads\/sites\/41\/2019\/10\/SOCIALE-DOMICILIARI-INFORMATIVACOMUNE-DI-VALLATA.pdf\">SOCIALE DOMICILIARI<\/a><\/li>\n<li><a href=\"https:\/\/centroprivacy.asmenet.it\/vallata\/wp-content\/uploads\/sites\/41\/2019\/10\/SOCIALE-LAVORO-INFORMATIVACOMUNE-DI-VALLATA.pdf\">SOCIALE LAVORO<\/a><\/li>\n<li><a href=\"https:\/\/centroprivacy.asmenet.it\/vallata\/wp-content\/uploads\/sites\/41\/2019\/10\/SOCIALE-MINORI-INFORMATIVACOMUNE-DI-VALLATA.pdf\">SOCIALE MINORI<\/a><\/li>\n<li><a href=\"https:\/\/centroprivacy.asmenet.it\/vallata\/wp-content\/uploads\/sites\/41\/2019\/10\/SOCIALE-MONITORAGGIO-INFORMATIVACOMUNE-DI-VALLATA.pdf\">SOCIALE MONITORAGGIO<\/a><\/li>\n<li><a href=\"https:\/\/centroprivacy.asmenet.it\/vallata\/wp-content\/uploads\/sites\/41\/2019\/10\/SOCIALE-SERVIZI-INFORMATIVACOMUNE-DI-VALLATA.pdf\">SOCIALE SERVIZI<\/a><\/li>\n<li><a href=\"https:\/\/centroprivacy.asmenet.it\/vallata\/wp-content\/uploads\/sites\/41\/2019\/10\/SOCIALE-SOSTEGNO-ECONOMICO-INFORMATIVACOMUNE-DI-VALLATA.pdf\">SOCIALE SOSTEGNO ECONOMICO<\/a><\/li>\n<li><a href=\"https:\/\/centroprivacy.asmenet.it\/vallata\/wp-content\/uploads\/sites\/41\/2019\/10\/SOCIALE-TUTELE-INFORMATIVACOMUNE-DI-VALLATA.pdf\">SOCIALE TUTELE<\/a><\/li>\n<li><a href=\"https:\/\/centroprivacy.asmenet.it\/vallata\/wp-content\/uploads\/sites\/41\/2019\/10\/SOCIALE-AGEVOLAZIONI-TRIBUTARIE-INFORMATIVACOMUNE-DI-VALLATA.pdf\">SOCIALE-AGEVOLAZIONI TRIBUTARIE<\/a><\/li>\n<li><a href=\"https:\/\/centroprivacy.asmenet.it\/vallata\/wp-content\/uploads\/sites\/41\/2019\/10\/SOCIALE-EDILIZIA-INFORMATIVACOMUNE-DI-VALLATA.pdf\">SOCIALE-EDILIZIA<\/a><\/li>\n<li><a href=\"https:\/\/centroprivacy.asmenet.it\/vallata\/wp-content\/uploads\/sites\/41\/2019\/10\/STAFF-DI-GABINETTO-DEL-SINDACO-INFORMATIVACOMUNE-DI-VALLATA.pdf\">STAFF DI GABINETTO DEL SINDACO<\/a><\/li>\n<li><a href=\"https:\/\/centroprivacy.asmenet.it\/vallata\/wp-content\/uploads\/sites\/41\/2019\/10\/STATISTICA-INFORMATIVACOMUNE-DI-VALLATA.pdf\">STATISTICA<\/a><\/li>\n<li><a href=\"https:\/\/centroprivacy.asmenet.it\/vallata\/wp-content\/uploads\/sites\/41\/2019\/10\/STATO-CIVILE-INFORMATIVACOMUNE-DI-VALLATA.pdf\">STATO CIVILE<\/a><\/li>\n<li><a href=\"https:\/\/centroprivacy.asmenet.it\/vallata\/wp-content\/uploads\/sites\/41\/2019\/10\/TRAFFICO-INFORMATIVACOMUNE-DI-VALLATA.pdf\">TRAFFICO<\/a><\/li>\n<li><a href=\"https:\/\/centroprivacy.asmenet.it\/vallata\/wp-content\/uploads\/sites\/41\/2019\/10\/TRASPARENZA-ANTICORRUZIONE-INFORMATIVACOMUNE-DI-VALLATA.pdf\">TRASPARENZA ANTICORRUZIONE<\/a><\/li>\n<li><a href=\"https:\/\/centroprivacy.asmenet.it\/vallata\/wp-content\/uploads\/sites\/41\/2019\/10\/VIOLAZIONI-E-SANZIONI-AMMINISTRATIVE-E-PENALI-INFORMATIVACOMUNE-DI-VALLATA.pdf\">VIOLAZIONI E SANZIONI AMMINISTRATIVE E PENALI<\/a><\/li>\n<\/ul>\n","protected":false},"excerpt":{"rendered":"<p>INFORMATIVA per il trattamento dei dati personali ai sensi dell\u2019art 13 del Regolamento europeo n. 679\/2016 &nbsp; 1. Premessa Ai sensi dell\u2019art. 13 del Regolamento europeo n. 679\/2016, il\u00a0 , in qualit\u00e0 di \u201cTitolare\u201d del trattamento, \u00e8 tenuta a fornirle informazioni in merito all\u2019utilizzo dei suoi dati personali. &nbsp; 2.\u00a0\u00a0 Identit\u00e0 e i dati di [&hellip;]<\/p>\n","protected":false},"author":1,"featured_media":0,"parent":0,"menu_order":0,"comment_status":"closed","ping_status":"closed","template":"template-fullpage-nosidebar.php","meta":[],"_links":{"self":[{"href":"https:\/\/centroprivacy.asmenet.it\/vallata\/index.php?rest_route=\/wp\/v2\/pages\/844"}],"collection":[{"href":"https:\/\/centroprivacy.asmenet.it\/vallata\/index.php?rest_route=\/wp\/v2\/pages"}],"about":[{"href":"https:\/\/centroprivacy.asmenet.it\/vallata\/index.php?rest_route=\/wp\/v2\/types\/page"}],"author":[{"embeddable":true,"href":"https:\/\/centroprivacy.asmenet.it\/vallata\/index.php?rest_route=\/wp\/v2\/users\/1"}],"replies":[{"embeddable":true,"href":"https:\/\/centroprivacy.asmenet.it\/vallata\/index.php?rest_route=%2Fwp%2Fv2%2Fcomments&post=844"}],"version-history":[{"count":3,"href":"https:\/\/centroprivacy.asmenet.it\/vallata\/index.php?rest_route=\/wp\/v2\/pages\/844\/revisions"}],"predecessor-version":[{"id":942,"href":"https:\/\/centroprivacy.asmenet.it\/vallata\/index.php?rest_route=\/wp\/v2\/pages\/844\/revisions\/942"}],"wp:attachment":[{"href":"https:\/\/centroprivacy.asmenet.it\/vallata\/index.php?rest_route=%2Fwp%2Fv2%2Fmedia&parent=844"}],"curies":[{"name":"wp","href":"https:\/\/api.w.org\/{rel}","templated":true}]}}